{"id":728018,"date":"2025-08-27T20:31:54","date_gmt":"2025-08-27T17:31:54","guid":{"rendered":"https:\/\/roveyayinevi.com.tr\/index.php\/urun\/iste-simdi\/"},"modified":"2026-04-08T02:44:57","modified_gmt":"2026-04-07T23:44:57","slug":"iste-simdi","status":"publish","type":"product","link":"https:\/\/roveyayinevi.com.tr\/index.php\/urun\/iste-simdi\/","title":{"rendered":"\u0130\u015f\u201dte \u015eimdi"},"content":{"rendered":"<p>Hesap uzmanl\u0131\u011f\u0131 ve CEO\u2019luk kariyerinin ard\u0131ndan bug\u00fcnlerde \u015firketlere dan\u0131\u015fmanl\u0131k ve denetim hizmetleri veren \u015einasi Aydemir, i\u015f insanlar\u0131na sesleniyor ve \u00f6zellikle ekonomik olarak zor g\u00fcnlerden ge\u00e7ilen bu d\u00f6nemde batmaman\u0131n yollar\u0131n\u0131 anlat\u0131yor. Samimi dili ve daha \u00f6nce batan, batmaktan son anda kurtulan, batmayan, ba\u015far\u0131s\u0131na ba\u015far\u0131 katan \u015firketlerin s\u0131rlar\u0131n\u0131 ortaya d\u00f6kmesiyle i\u015f insanlar\u0131n\u0131n yan\u0131 s\u0131ra gen\u00e7 giri\u015fimcilere de seslenen bu kitapta insan kaynaklar\u0131ndan aile bireylerinin etkisine kadar her alanda \u201ckurumsalla\u015fma\u201dn\u0131n temelleri at\u0131l\u0131yor. Nakit ihtiyac\u0131n\u0131 kar\u015f\u0131lamak i\u00e7in her yolu deneyen patron ve y\u00f6neticiler Yetersiz ya da sonu\u00e7suz kalan yeni kredi bulma \u00e7al\u0131\u015fmalar\u0131 \u00d6nceleri kar\u015f\u0131 olmalar\u0131na ra\u011fmen, sonradan ortak aray\u0131\u015f\u0131na \u00e7\u0131kan ve h\u00fcsrana u\u011frayan \u015firketler Hat\u0131r \u00e7ekleri ya da e\u015f-dosttan al\u0131nan bor\u00e7larla zor duruma d\u00fc\u015fenler Hizmet veremedi\u011fi m\u00fc\u015fterilerini ya da s\u00fcrekli alaca\u011f\u0131n\u0131 \u00f6teledi\u011fi tedarik\u00e7ilerini k\u00fcst\u00fcrenler Var\u0131n\u0131 yo\u011funu sat\u0131p arsalar\u0131n\u0131, evlerini, k\u00f6t\u00fc g\u00fcn i\u00e7in kenara konulan alt\u0131nlar\u0131n\u0131 \u015firketlerine yat\u0131ranlar  K\u0131sacas\u0131 ayakta kalmak i\u00e7in ne gerekirse yapt\u0131\u011f\u0131n\u0131 d\u00fc\u015f\u00fcnenler asl\u0131nda neyi yapmad\u0131lar? Bir \u015firketin son g\u00fcn\u00fcyle ba\u015flayan kitapta \u015einasi Aydemir, i\u015f insanlar\u0131na o son g\u00fcn\u00fc ya\u015famas\u0131nlar diye CEO\u2019luk kariyerinin t\u00fcm s\u0131rlar\u0131n\u0131 ve \u00f6zellikle T\u00fcrk i\u015f d\u00fcnyas\u0131 ekseninde konu\u015fulmayan i\u015f ger\u00e7eklerini aktar\u0131yor. <\/p>\n","protected":false},"excerpt":{"rendered":"<p>Hesap uzmanl\u0131\u011f\u0131 ve CEO\u2019luk kariyerinin ard\u0131ndan bug\u00fcnlerde \u015firketlere dan\u0131\u015fmanl\u0131k ve denetim hizmetleri veren \u015einasi Aydemir, i\u015f insanlar\u0131na sesleniyor ve \u00f6zellikle ekonomik olarak zor g\u00fcnlerden ge\u00e7ilen bu<span class=\"excerpt-hellip\"> [\u2026]<\/span><\/p>\n","protected":false},"featured_media":0,"template":"","meta":{"_monsterinsights_skip_tracking":false,"_monsterinsights_sitenote_active":false,"_monsterinsights_sitenote_note":"","_monsterinsights_sitenote_category":0},"product_brand":[],"product_cat":[12364,12376],"product_tag":[],"class_list":{"0":"post-728018","1":"product","2":"type-product","3":"status-publish","5":"product_cat-genel-konular","6":"product_cat-kisisel-gelisim","7":"pa_cilt-ciltsiz","8":"pa_tur-kitap","9":"pa_yayinevi-okuyan-us-yayin","10":"pa_yazar-sinasi-aydemir","12":"first","13":"instock","14":"sale","15":"shipping-taxable","16":"purchasable","17":"product-type-simple"},"_links":{"self":[{"href":"https:\/\/roveyayinevi.com.tr\/index.php\/wp-json\/wp\/v2\/product\/728018","targetHints":{"allow":["GET"]}}],"collection":[{"href":"https:\/\/roveyayinevi.com.tr\/index.php\/wp-json\/wp\/v2\/product"}],"about":[{"href":"https:\/\/roveyayinevi.com.tr\/index.php\/wp-json\/wp\/v2\/types\/product"}],"wp:attachment":[{"href":"https:\/\/roveyayinevi.com.tr\/index.php\/wp-json\/wp\/v2\/media?parent=728018"}],"wp:term":[{"taxonomy":"product_brand","embeddable":true,"href":"https:\/\/roveyayinevi.com.tr\/index.php\/wp-json\/wp\/v2\/product_brand?post=728018"},{"taxonomy":"product_cat","embeddable":true,"href":"https:\/\/roveyayinevi.com.tr\/index.php\/wp-json\/wp\/v2\/product_cat?post=728018"},{"taxonomy":"product_tag","embeddable":true,"href":"https:\/\/roveyayinevi.com.tr\/index.php\/wp-json\/wp\/v2\/product_tag?post=728018"}],"curies":[{"name":"wp","href":"https:\/\/api.w.org\/{rel}","templated":true}]}}