{"id":728016,"date":"2025-08-27T20:31:53","date_gmt":"2025-08-27T17:31:53","guid":{"rendered":"https:\/\/roveyayinevi.com.tr\/index.php\/urun\/sayistay-denetimi\/"},"modified":"2026-04-16T02:35:51","modified_gmt":"2026-04-15T23:35:51","slug":"sayistay-denetimi","status":"publish","type":"product","link":"https:\/\/roveyayinevi.com.tr\/index.php\/urun\/sayistay-denetimi\/","title":{"rendered":"Say\u0131\u015ftay Denetimi"},"content":{"rendered":"<p>I.       K\u0131s\u0131m Say\u0131\u015ftay Denetimi 1.  Birinci B\u00f6l\u00fcm  Y\u00fcksek Denetim Kurumlar\u0131 Ve Say\u0131\u015ftay 2. \u0130kinci B\u00f6l\u00fcm  Say\u0131\u015ftay Denetim Esaslar\u0131 II.    K\u0131s\u0131m 2012-2018 D\u00f6nemi Belediyelerdeki Say\u0131\u015ftay Bulgular\u0131 Birinci B\u00f6l\u00fcm Personel Bulgular\u0131 \u0130kinci B\u00f6l\u00fcm Mali Y\u00f6netim Ve Kontrol Bulgular\u0131 \u00dc\u00e7\u00fcnc\u00fc B\u00f6l\u00fcm B\u00fct\u00e7e \u0130\u015flemleri Ve Say\u0131\u015ftay \u0130lamlar\u0131 \u0130le \u0130lgili Bulgular D\u00f6rd\u00fcnc\u00fc B\u00f6l\u00fcm Kamu \u0130hale Mevzuat\u0131 \u0130le \u0130lgili Bulgular Be\u015finci B\u00f6l\u00fcm Ta\u015f\u0131n\u0131r Ve Ta\u015f\u0131nmaz Mal Bulgular\u0131 Alt\u0131nc\u0131 B\u00f6l\u00fcm Belediye Gelirleri Ve \u0130lletmeleri Bulgular\u0131  Yedinci B\u00f6l\u00fcm Kamula\u015ft\u0131rma  Sekizinci B\u00f6l\u00fcm Vergi \u0130le \u0130lgili Bulgular Dokuzuncu B\u00f6l\u00fcm Belediye \u015eirketleri Bulgular\u0131 Onuncu B\u00f6l\u00fcm Muhasebe Sistemi Bulgular\u0131 Onbirinci B\u00f6l\u00fcm Di\u011fer Bulgular III. K\u0131s\u0131m  Mali Tablo Bulgular\u0131 <\/p>\n","protected":false},"excerpt":{"rendered":"<p>I. K\u0131s\u0131m Say\u0131\u015ftay Denetimi 1. Birinci B\u00f6l\u00fcm Y\u00fcksek Denetim Kurumlar\u0131 Ve Say\u0131\u015ftay 2. \u0130kinci B\u00f6l\u00fcm Say\u0131\u015ftay Denetim Esaslar\u0131 II. K\u0131s\u0131m 2012-2018 D\u00f6nemi Belediyelerdeki Say\u0131\u015ftay Bulgular\u0131 Birinci<span class=\"excerpt-hellip\"> [\u2026]<\/span><\/p>\n","protected":false},"featured_media":0,"template":"","meta":{"_monsterinsights_skip_tracking":false,"_monsterinsights_sitenote_active":false,"_monsterinsights_sitenote_note":"","_monsterinsights_sitenote_category":0},"product_brand":[],"product_cat":[15350,17602],"product_tag":[],"class_list":{"0":"post-728016","1":"product","2":"type-product","3":"status-publish","5":"product_cat-hukuk","6":"product_cat-hukuk-uzerine","7":"pa_cilt-ciltsiz","8":"pa_tur-kitap","9":"pa_yayinevi-gazi-kitabevi","10":"pa_yazar-alper-kilicaslan-mehmet-gonuler","12":"first","13":"instock","14":"sale","15":"shipping-taxable","16":"purchasable","17":"product-type-simple"},"_links":{"self":[{"href":"https:\/\/roveyayinevi.com.tr\/index.php\/wp-json\/wp\/v2\/product\/728016","targetHints":{"allow":["GET"]}}],"collection":[{"href":"https:\/\/roveyayinevi.com.tr\/index.php\/wp-json\/wp\/v2\/product"}],"about":[{"href":"https:\/\/roveyayinevi.com.tr\/index.php\/wp-json\/wp\/v2\/types\/product"}],"wp:attachment":[{"href":"https:\/\/roveyayinevi.com.tr\/index.php\/wp-json\/wp\/v2\/media?parent=728016"}],"wp:term":[{"taxonomy":"product_brand","embeddable":true,"href":"https:\/\/roveyayinevi.com.tr\/index.php\/wp-json\/wp\/v2\/product_brand?post=728016"},{"taxonomy":"product_cat","embeddable":true,"href":"https:\/\/roveyayinevi.com.tr\/index.php\/wp-json\/wp\/v2\/product_cat?post=728016"},{"taxonomy":"product_tag","embeddable":true,"href":"https:\/\/roveyayinevi.com.tr\/index.php\/wp-json\/wp\/v2\/product_tag?post=728016"}],"curies":[{"name":"wp","href":"https:\/\/api.w.org\/{rel}","templated":true}]}}