{"id":728009,"date":"2025-08-27T20:31:47","date_gmt":"2025-08-27T17:31:47","guid":{"rendered":"https:\/\/roveyayinevi.com.tr\/index.php\/urun\/yeni-okul-2\/"},"modified":"2026-04-16T02:35:50","modified_gmt":"2026-04-15T23:35:50","slug":"yeni-okul-2","status":"publish","type":"product","link":"https:\/\/roveyayinevi.com.tr\/index.php\/urun\/yeni-okul-2\/","title":{"rendered":"Yeni Okul"},"content":{"rendered":"<p>\u201c Ve sen g\u00fczelim, bu d\u00fcnyada ya\u015fanmaya de\u011fer tek masals\u0131n!\u201d Yapt\u0131\u011f\u0131 h\u0131r\u00e7\u0131nl\u0131ktan bu kez ucuz kurtulamayan Masal, okulunun son senesinde kendini b\u00fcy\u00fck bir de\u011fi\u015fimin tam ortas\u0131nda bulmu\u015ftu. Yapmas\u0131 gereken okul de\u011fi\u015fikli\u011fi, lise son s\u0131n\u0131f \u00f6\u011frencisi olan Masal i\u00e7in k\u00e2bustan farks\u0131zd\u0131. Fakat nas\u0131l oldu\u011funu anlamadan kendini i\u00e7inde buldu\u011fu bu yeni okul hi\u00e7 beklenmedik g\u00fczel bir dostlu\u011fun da fitilini ate\u015fleyecekti. Ve tabii, ummad\u0131k anda gelen a\u015fk\u0131n da\u2026 Kim sonunu d\u00fc\u015f\u00fcnmeden girdi\u011fi bir kavgan\u0131n, hayat\u0131na bu denli b\u00fcy\u00fck bir farkl\u0131l\u0131k getirece\u011fini bilebilirdi ki? <\/p>\n","protected":false},"excerpt":{"rendered":"<p>\u201c Ve sen g\u00fczelim, bu d\u00fcnyada ya\u015fanmaya de\u011fer tek masals\u0131n!\u201d Yapt\u0131\u011f\u0131 h\u0131r\u00e7\u0131nl\u0131ktan bu kez ucuz kurtulamayan Masal, okulunun son senesinde kendini b\u00fcy\u00fck bir de\u011fi\u015fimin tam ortas\u0131nda<span class=\"excerpt-hellip\"> [\u2026]<\/span><\/p>\n","protected":false},"featured_media":0,"template":"","meta":{"_monsterinsights_skip_tracking":false,"_monsterinsights_sitenote_active":false,"_monsterinsights_sitenote_note":"","_monsterinsights_sitenote_category":0},"product_brand":[],"product_cat":[12291,50487],"product_tag":[],"class_list":{"0":"post-728009","1":"product","2":"type-product","3":"status-publish","5":"product_cat-edebiyat","6":"product_cat-kurgu","7":"pa_cilt-ciltsiz","8":"pa_tur-kitap","9":"pa_yayinevi-epsilon-yayinlari","10":"pa_yazar-ebru-bolat","12":"first","13":"instock","14":"sale","15":"shipping-taxable","16":"purchasable","17":"product-type-simple"},"_links":{"self":[{"href":"https:\/\/roveyayinevi.com.tr\/index.php\/wp-json\/wp\/v2\/product\/728009","targetHints":{"allow":["GET"]}}],"collection":[{"href":"https:\/\/roveyayinevi.com.tr\/index.php\/wp-json\/wp\/v2\/product"}],"about":[{"href":"https:\/\/roveyayinevi.com.tr\/index.php\/wp-json\/wp\/v2\/types\/product"}],"wp:attachment":[{"href":"https:\/\/roveyayinevi.com.tr\/index.php\/wp-json\/wp\/v2\/media?parent=728009"}],"wp:term":[{"taxonomy":"product_brand","embeddable":true,"href":"https:\/\/roveyayinevi.com.tr\/index.php\/wp-json\/wp\/v2\/product_brand?post=728009"},{"taxonomy":"product_cat","embeddable":true,"href":"https:\/\/roveyayinevi.com.tr\/index.php\/wp-json\/wp\/v2\/product_cat?post=728009"},{"taxonomy":"product_tag","embeddable":true,"href":"https:\/\/roveyayinevi.com.tr\/index.php\/wp-json\/wp\/v2\/product_tag?post=728009"}],"curies":[{"name":"wp","href":"https:\/\/api.w.org\/{rel}","templated":true}]}}