{"id":728008,"date":"2025-08-27T20:31:46","date_gmt":"2025-08-27T17:31:46","guid":{"rendered":"https:\/\/roveyayinevi.com.tr\/index.php\/urun\/assurlular\/"},"modified":"2026-04-16T02:35:50","modified_gmt":"2026-04-15T23:35:50","slug":"assurlular","status":"publish","type":"product","link":"https:\/\/roveyayinevi.com.tr\/index.php\/urun\/assurlular\/","title":{"rendered":"Assurlular"},"content":{"rendered":"<p>Yakla\u015f\u0131k 1400 y\u0131l varl\u0131\u011f\u0131n\u0131 s\u00fcrd\u00fcren Assurlular, \u00d6nasya ve Mezopotamya uygarl\u0131klar\u0131n\u0131n b\u0131rakt\u0131\u011f\u0131 y\u00f6netim ve k\u00fclt\u00fcr miras\u0131n\u0131 geli\u015ftirerek pek \u00e7ok uygarl\u0131\u011fa da katk\u0131 sa\u011flam\u0131\u015ft\u0131r. Bu kitap, hakk\u0131nda farkl\u0131 ve \u00e7eli\u015fkili bilgilere sahip oldu\u011fumuz Assur \u0130mparatorlu\u011funun karanl\u0131k d\u00f6nemlerini ayd\u0131nlatan k\u0131sa bir rehber. Assur kral listeleri, y\u00f6netim bi\u00e7imi ve kurumlar\u0131, krallar\u0131n kad\u0131nlar\u0131, saray yap\u0131s\u0131 ve g\u00fcndelik hayata dair pek \u00e7ok \u015feyi inceleyen Eva Cancik-Kirschbaum, Assurlular\u0131n siyasi tarihine \u0131\u015f\u0131k tutuyor; toplum yap\u0131s\u0131ndan ekonomisine, co\u011frafyas\u0131ndan k\u00fclt\u00fcr hayat\u0131na, bir toplumu daha yak\u0131ndan tan\u0131mam\u0131za olanak sa\u011fl\u0131yor.<\/p>\n","protected":false},"excerpt":{"rendered":"<p>Yakla\u015f\u0131k 1400 y\u0131l varl\u0131\u011f\u0131n\u0131 s\u00fcrd\u00fcren Assurlular, \u00d6nasya ve Mezopotamya uygarl\u0131klar\u0131n\u0131n b\u0131rakt\u0131\u011f\u0131 y\u00f6netim ve k\u00fclt\u00fcr miras\u0131n\u0131 geli\u015ftirerek pek \u00e7ok uygarl\u0131\u011fa da katk\u0131 sa\u011flam\u0131\u015ft\u0131r. Bu kitap, hakk\u0131nda farkl\u0131<span class=\"excerpt-hellip\"> [\u2026]<\/span><\/p>\n","protected":false},"featured_media":0,"template":"","meta":{"_monsterinsights_skip_tracking":false,"_monsterinsights_sitenote_active":false,"_monsterinsights_sitenote_note":"","_monsterinsights_sitenote_category":0},"product_brand":[],"product_cat":[12370,12304],"product_tag":[],"class_list":{"0":"post-728008","1":"product","2":"type-product","3":"status-publish","5":"product_cat-arastirma-inceleme","6":"product_cat-tarih","7":"pa_cilt-ciltsiz","8":"pa_tur-kitap","9":"pa_yayinevi-alfa-yayinlari","10":"pa_yazar-eva-cancik-kirschbaum","12":"first","13":"instock","14":"sale","15":"shipping-taxable","16":"purchasable","17":"product-type-simple"},"_links":{"self":[{"href":"https:\/\/roveyayinevi.com.tr\/index.php\/wp-json\/wp\/v2\/product\/728008","targetHints":{"allow":["GET"]}}],"collection":[{"href":"https:\/\/roveyayinevi.com.tr\/index.php\/wp-json\/wp\/v2\/product"}],"about":[{"href":"https:\/\/roveyayinevi.com.tr\/index.php\/wp-json\/wp\/v2\/types\/product"}],"wp:attachment":[{"href":"https:\/\/roveyayinevi.com.tr\/index.php\/wp-json\/wp\/v2\/media?parent=728008"}],"wp:term":[{"taxonomy":"product_brand","embeddable":true,"href":"https:\/\/roveyayinevi.com.tr\/index.php\/wp-json\/wp\/v2\/product_brand?post=728008"},{"taxonomy":"product_cat","embeddable":true,"href":"https:\/\/roveyayinevi.com.tr\/index.php\/wp-json\/wp\/v2\/product_cat?post=728008"},{"taxonomy":"product_tag","embeddable":true,"href":"https:\/\/roveyayinevi.com.tr\/index.php\/wp-json\/wp\/v2\/product_tag?post=728008"}],"curies":[{"name":"wp","href":"https:\/\/api.w.org\/{rel}","templated":true}]}}