{"id":728006,"date":"2025-08-27T20:31:44","date_gmt":"2025-08-27T17:31:44","guid":{"rendered":"https:\/\/roveyayinevi.com.tr\/index.php\/urun\/elestiri-ogrenciler-icin-bir-rehber\/"},"modified":"2025-11-21T06:29:35","modified_gmt":"2025-11-21T03:29:35","slug":"elestiri-ogrenciler-icin-bir-rehber","status":"publish","type":"product","link":"https:\/\/roveyayinevi.com.tr\/index.php\/urun\/elestiri-ogrenciler-icin-bir-rehber\/","title":{"rendered":"Ele\u015ftiri \u00d6\u011frenciler \u0130\u00e7in Bir Rehber"},"content":{"rendered":"<p>\u201cBu kitab\u0131n hazmedilmesi \u00f6yle kolay ki \u00f6\u011frencilerin ve \u00f6\u011fretmenlerin ele\u015ftiri \u00e7al\u0131\u015fmalar\u0131n\u0131 hevesle  bekleyeceklerini, ele\u015ftiri s\u00fcrecinden keyif alacaklar\u0131n\u0131 ve bu deneyimin genelinden \u00f6nemli oranda faydalanacaklar\u0131n\u0131 g\u00f6rebiliyorum.\u201d James Thurman, Kuzey Teksas \u00dcniversitesi, ABD  \u201cSanat \u00f6\u011frencileri ve e\u011fitmenleri taraf\u0131ndan bilin\u00e7li \u015fekilde kullan\u0131l\u0131rsa her t\u00fcr sanat ve tasar\u0131m faaliyeti i\u00e7in istisnai bir kaynak olan bu kitap, ele\u015ftiri deneyimini \u00e7arp\u0131c\u0131 d\u00fczeyde d\u00f6n\u00fc\u015ft\u00fcr\u00fcyor.\u201d John Ganis, Yarat\u0131c\u0131 \u00c7al\u0131\u015fmalar Okulu, ABD ELE\u015eT\u0130R\u0130: \u00d6\u011frenciler \u0130\u00e7in Bir K\u0131lavuz, sanat ve tasar\u0131m \u00f6\u011frencilerinin okuldaki at\u00f6lyelerde yap\u0131lan ele\u015ftirilerde en yayg\u0131n kullan\u0131lan y\u00f6ntemlerden azami fayda sa\u011flamas\u0131na yard\u0131mc\u0131 olacak pratik bir k\u0131lavuz. ELE\u015eT\u0130R\u0130, at\u00f6lyelerde yap\u0131lan ele\u015ftirileri korkulacak etkinlikler de\u011fil, geli\u015fimi te\u015fvik edecek olumlu, verimli ve ilham verici yollardan biri olarak konumland\u0131r\u0131yor. Ele\u015ftirilere anlaml\u0131 ve motive edici kat\u0131l\u0131m sa\u011flanmas\u0131 i\u00e7in zorunlu becerileri, bilgileri, tav\u0131rlar\u0131 a\u00e7\u0131kl\u0131yor. ELE\u015eT\u0130R\u0130, \u00f6\u011frencilere ele\u015ftirilerin neden ve nas\u0131llar\u0131n\u0131 \u00f6\u011freterek ele\u015ftiri oturumlar\u0131 s\u0131ras\u0131nda ve sonras\u0131nda hem e\u011fitmenlerinden hem de arkada\u015flar\u0131ndan zengin \u015fekilde istifade etmelerini sa\u011fl\u0131yor. <\/p>\n","protected":false},"excerpt":{"rendered":"<p>\u201cBu kitab\u0131n hazmedilmesi \u00f6yle kolay ki \u00f6\u011frencilerin ve \u00f6\u011fretmenlerin ele\u015ftiri \u00e7al\u0131\u015fmalar\u0131n\u0131 hevesle bekleyeceklerini, ele\u015ftiri s\u00fcrecinden keyif alacaklar\u0131n\u0131 ve bu deneyimin genelinden \u00f6nemli oranda faydalanacaklar\u0131n\u0131 g\u00f6rebiliyorum.\u201d James<span class=\"excerpt-hellip\"> [\u2026]<\/span><\/p>\n","protected":false},"featured_media":0,"template":"","meta":{"_monsterinsights_skip_tracking":false,"_monsterinsights_sitenote_active":false,"_monsterinsights_sitenote_note":"","_monsterinsights_sitenote_category":0},"product_brand":[],"product_cat":[13548,12408],"product_tag":[],"class_list":{"0":"post-728006","1":"product","2":"type-product","3":"status-publish","5":"product_cat-kuram","6":"product_cat-sanat","7":"pa_cilt-ciltsiz","8":"pa_tur-kitap","9":"pa_yayinevi-hayalperest-yayinlari","10":"pa_yazar-terry-barrett","12":"first","13":"instock","14":"sale","15":"shipping-taxable","16":"purchasable","17":"product-type-simple"},"_links":{"self":[{"href":"https:\/\/roveyayinevi.com.tr\/index.php\/wp-json\/wp\/v2\/product\/728006","targetHints":{"allow":["GET"]}}],"collection":[{"href":"https:\/\/roveyayinevi.com.tr\/index.php\/wp-json\/wp\/v2\/product"}],"about":[{"href":"https:\/\/roveyayinevi.com.tr\/index.php\/wp-json\/wp\/v2\/types\/product"}],"wp:attachment":[{"href":"https:\/\/roveyayinevi.com.tr\/index.php\/wp-json\/wp\/v2\/media?parent=728006"}],"wp:term":[{"taxonomy":"product_brand","embeddable":true,"href":"https:\/\/roveyayinevi.com.tr\/index.php\/wp-json\/wp\/v2\/product_brand?post=728006"},{"taxonomy":"product_cat","embeddable":true,"href":"https:\/\/roveyayinevi.com.tr\/index.php\/wp-json\/wp\/v2\/product_cat?post=728006"},{"taxonomy":"product_tag","embeddable":true,"href":"https:\/\/roveyayinevi.com.tr\/index.php\/wp-json\/wp\/v2\/product_tag?post=728006"}],"curies":[{"name":"wp","href":"https:\/\/api.w.org\/{rel}","templated":true}]}}