{"id":728004,"date":"2025-08-27T20:31:42","date_gmt":"2025-08-27T17:31:42","guid":{"rendered":"https:\/\/roveyayinevi.com.tr\/index.php\/urun\/en-sevdigim-sarkilar\/"},"modified":"2026-04-16T02:35:50","modified_gmt":"2026-04-15T23:35:50","slug":"en-sevdigim-sarkilar","status":"publish","type":"product","link":"https:\/\/roveyayinevi.com.tr\/index.php\/urun\/en-sevdigim-sarkilar\/","title":{"rendered":"En Sevdi\u011fim \u015eark\u0131lar"},"content":{"rendered":"<p>\u201cH\u00fcmeyra nedense unutuverdi bir anl\u0131\u011f\u0131na \u00e7orbay\u0131, kab\u0131 kaca\u011f\u0131, ne olacaksa dedi verirsem elimi, \u00f6mr\u00fcm\u00fcn sonuna kadar bekleyecek miyim iki k\u0131v\u0131rmak i\u00e7in belimi? \u0130nsanlar farkl\u0131 noktalardan yaralanarak, yemliyorlar yaralar\u0131n\u0131, b\u00fcy\u00fcy\u00fcnce yaralar, sar\u0131p sarmalay\u0131p hayatlar\u0131n\u0131 yok ediyor varl\u0131klar\u0131n\u0131, kendi halinde ayn\u0131 topuzla ge\u00e7irdi\u011fi onca seneyi, kendisinden \u00e7\u0131kan bir varl\u0131\u011f\u0131n yard\u0131m\u0131 ile \u00e7\u00f6zebilirse biraz da olsa s\u0131y\u0131rabilir bacaklar\u0131ndan yaralar\u0131n\u0131.\u201d (Dans Dans Velhas\u0131l adl\u0131 \u00f6yk\u00fcden.)   B\u00e2l\u00e2 Atabek d\u00f6rd\u00fcnc\u00fc kitab\u0131 En Sevdi\u011fim \u015eark\u0131\u2019da, okurlar\u0131 kulaklarda m\u00fczi\u011fin t\u0131n\u0131s\u0131yla kent hik\u00e2yelerinin pe\u015finden s\u00fcr\u00fckl\u00fcyor. Onun yal\u0131n \u00f6yk\u00fcleri sokaklardan y\u00fckselen birer ses, insanlar\u0131 hayata bir \u015fark\u0131n\u0131n penceresinden bakan insanlar. B\u00e2l\u00e2 Atabek\u2019ten yal\u0131n, dupduru, s\u0131cac\u0131k kent \u00f6yk\u00fcleri\u2026 <\/p>\n","protected":false},"excerpt":{"rendered":"<p>\u201cH\u00fcmeyra nedense unutuverdi bir anl\u0131\u011f\u0131na \u00e7orbay\u0131, kab\u0131 kaca\u011f\u0131, ne olacaksa dedi verirsem elimi, \u00f6mr\u00fcm\u00fcn sonuna kadar bekleyecek miyim iki k\u0131v\u0131rmak i\u00e7in belimi? \u0130nsanlar farkl\u0131 noktalardan yaralanarak,<span class=\"excerpt-hellip\"> [\u2026]<\/span><\/p>\n","protected":false},"featured_media":0,"template":"","meta":{"_monsterinsights_skip_tracking":false,"_monsterinsights_sitenote_active":false,"_monsterinsights_sitenote_note":"","_monsterinsights_sitenote_category":0},"product_brand":[],"product_cat":[12291,12711],"product_tag":[],"class_list":{"0":"post-728004","1":"product","2":"type-product","3":"status-publish","5":"product_cat-edebiyat","6":"product_cat-roman-oyku","7":"pa_cilt-ciltsiz","8":"pa_tur-kitap","9":"pa_yayinevi-inkilap-kitabevi","10":"pa_yazar-bala-atabek","12":"first","13":"instock","14":"sale","15":"shipping-taxable","16":"purchasable","17":"product-type-simple"},"_links":{"self":[{"href":"https:\/\/roveyayinevi.com.tr\/index.php\/wp-json\/wp\/v2\/product\/728004","targetHints":{"allow":["GET"]}}],"collection":[{"href":"https:\/\/roveyayinevi.com.tr\/index.php\/wp-json\/wp\/v2\/product"}],"about":[{"href":"https:\/\/roveyayinevi.com.tr\/index.php\/wp-json\/wp\/v2\/types\/product"}],"wp:attachment":[{"href":"https:\/\/roveyayinevi.com.tr\/index.php\/wp-json\/wp\/v2\/media?parent=728004"}],"wp:term":[{"taxonomy":"product_brand","embeddable":true,"href":"https:\/\/roveyayinevi.com.tr\/index.php\/wp-json\/wp\/v2\/product_brand?post=728004"},{"taxonomy":"product_cat","embeddable":true,"href":"https:\/\/roveyayinevi.com.tr\/index.php\/wp-json\/wp\/v2\/product_cat?post=728004"},{"taxonomy":"product_tag","embeddable":true,"href":"https:\/\/roveyayinevi.com.tr\/index.php\/wp-json\/wp\/v2\/product_tag?post=728004"}],"curies":[{"name":"wp","href":"https:\/\/api.w.org\/{rel}","templated":true}]}}