{"id":728003,"date":"2025-08-27T20:31:42","date_gmt":"2025-08-27T17:31:42","guid":{"rendered":"https:\/\/roveyayinevi.com.tr\/index.php\/urun\/rowleynin-muthis-macerasi-ciltli\/"},"modified":"2026-04-16T02:35:50","modified_gmt":"2026-04-15T23:35:50","slug":"rowleynin-muthis-macerasi-ciltli","status":"publish","type":"product","link":"https:\/\/roveyayinevi.com.tr\/index.php\/urun\/rowleynin-muthis-macerasi-ciltli\/","title":{"rendered":"Rowley&#8217;nin M\u00fcthi\u015f Maceras\u0131 (Ciltli)"},"content":{"rendered":"<p>Macera Sizi Bekliyor! Hayal g\u00fcc\u00fcn\u00fcn s\u0131n\u0131rlar\u0131n\u0131 zorlayan Rowley Jefferson, bu kez s\u00fcr\u00fckleyici bir maceran\u0131n kap\u0131lar\u0131n\u0131 aral\u0131yor. Roland ve en yak\u0131n arkada\u015f\u0131 Barbar Garg\u2019\u0131n, Roland\u2019\u0131n annesini Beyaz B\u00fcy\u00fcc\u00fc\u2019n\u00fcn elinden kurtarmak i\u00e7in k\u00f6ylerini terk ederek \u00e7\u0131kt\u0131klar\u0131 bir yolculuk\u2026 Bu e\u011flenceli yolculukta sizler de onlara e\u015flik etmek ister misiniz? Bakal\u0131m, kahramanlar\u0131m\u0131z bu macera dolu yolculu\u011fu ba\u015far\u0131yla tamamlayabilecek mi? E\u011fer bu sorunun cevab\u0131n\u0131 merak ediyorsan\u0131z, sayfalar\u0131 \u00e7evirin ve Roland\u2019\u0131n maceras\u0131na ortak olun!   Bir ba\u015fka Rowley Jefferson maceras\u0131 daha ke\u015ffetmek ister misiniz? Hadi, M\u00fcthi\u015f Arkada\u015f Rowley\u2019nin G\u00fcnl\u00fc\u011f\u00fc\u2019ne g\u00f6z at\u0131n! <\/p>\n","protected":false},"excerpt":{"rendered":"<p>Macera Sizi Bekliyor! Hayal g\u00fcc\u00fcn\u00fcn s\u0131n\u0131rlar\u0131n\u0131 zorlayan Rowley Jefferson, bu kez s\u00fcr\u00fckleyici bir maceran\u0131n kap\u0131lar\u0131n\u0131 aral\u0131yor. Roland ve en yak\u0131n arkada\u015f\u0131 Barbar Garg\u2019\u0131n, Roland\u2019\u0131n annesini Beyaz<span class=\"excerpt-hellip\"> [\u2026]<\/span><\/p>\n","protected":false},"featured_media":0,"template":"","meta":{"_monsterinsights_skip_tracking":false,"_monsterinsights_sitenote_active":false,"_monsterinsights_sitenote_note":"","_monsterinsights_sitenote_category":0},"product_brand":[],"product_cat":[12275,12274],"product_tag":[],"class_list":{"0":"post-728003","1":"product","2":"type-product","3":"status-publish","5":"product_cat-6-12-yas-kitaplari","6":"product_cat-cocuk-ve-genclik-kitaplari","7":"pa_cilt-ciltli","8":"pa_tur-kitap","9":"pa_yayinevi-epsilon-yayinlari","10":"pa_yazar-jeff-kinney","12":"first","13":"instock","14":"sale","15":"shipping-taxable","16":"purchasable","17":"product-type-simple"},"_links":{"self":[{"href":"https:\/\/roveyayinevi.com.tr\/index.php\/wp-json\/wp\/v2\/product\/728003","targetHints":{"allow":["GET"]}}],"collection":[{"href":"https:\/\/roveyayinevi.com.tr\/index.php\/wp-json\/wp\/v2\/product"}],"about":[{"href":"https:\/\/roveyayinevi.com.tr\/index.php\/wp-json\/wp\/v2\/types\/product"}],"wp:attachment":[{"href":"https:\/\/roveyayinevi.com.tr\/index.php\/wp-json\/wp\/v2\/media?parent=728003"}],"wp:term":[{"taxonomy":"product_brand","embeddable":true,"href":"https:\/\/roveyayinevi.com.tr\/index.php\/wp-json\/wp\/v2\/product_brand?post=728003"},{"taxonomy":"product_cat","embeddable":true,"href":"https:\/\/roveyayinevi.com.tr\/index.php\/wp-json\/wp\/v2\/product_cat?post=728003"},{"taxonomy":"product_tag","embeddable":true,"href":"https:\/\/roveyayinevi.com.tr\/index.php\/wp-json\/wp\/v2\/product_tag?post=728003"}],"curies":[{"name":"wp","href":"https:\/\/api.w.org\/{rel}","templated":true}]}}