{"id":728002,"date":"2025-08-27T20:31:41","date_gmt":"2025-08-27T17:31:41","guid":{"rendered":"https:\/\/roveyayinevi.com.tr\/index.php\/urun\/edirneden-gelen-mektup\/"},"modified":"2026-04-16T02:35:50","modified_gmt":"2026-04-15T23:35:50","slug":"edirneden-gelen-mektup","status":"publish","type":"product","link":"https:\/\/roveyayinevi.com.tr\/index.php\/urun\/edirneden-gelen-mektup\/","title":{"rendered":"Edirne&#8217;den Gelen Mektup"},"content":{"rendered":"<p>Amerika\u2019da ya\u015fayan Diyar, yaz tatilini anneannesi Feride Han\u0131m\u2019\u0131n yan\u0131nda ge\u00e7irecekti. Emekli edebiyat \u00f6\u011fretmeni Feride Han\u0131m,  torununun k\u0131r\u0131k T\u00fcrk\u00e7esini d\u00fczeltmek i\u00e7in t\u00fcrl\u00fc yollar aram\u0131\u015f ve nihayet onun i\u00e7in bir mektup arkada\u015f\u0131 bulmu\u015ftu. Edirne\u2019ye yeni ta\u015f\u0131nan Vera ile Diyar\u2019\u0131n mektupla\u015fmalar\u0131 hem yeni bir arkada\u015fl\u0131\u011f\u0131n ba\u015flang\u0131c\u0131 olacakt\u0131, hem de her ikisinin de Edirne\u2019nin tarihini, yemeklerini, t\u00fcrk\u00fclerini ve elbette Mimar Sinan\u2019\u0131 \u00f6\u011frenecekleri bir yolculu\u011fun ilk ad\u0131mlar\u0131&#8230; <\/p>\n","protected":false},"excerpt":{"rendered":"<p>Amerika\u2019da ya\u015fayan Diyar, yaz tatilini anneannesi Feride Han\u0131m\u2019\u0131n yan\u0131nda ge\u00e7irecekti. Emekli edebiyat \u00f6\u011fretmeni Feride Han\u0131m, torununun k\u0131r\u0131k T\u00fcrk\u00e7esini d\u00fczeltmek i\u00e7in t\u00fcrl\u00fc yollar aram\u0131\u015f ve nihayet onun<span class=\"excerpt-hellip\"> [\u2026]<\/span><\/p>\n","protected":false},"featured_media":0,"template":"","meta":{"_monsterinsights_skip_tracking":false,"_monsterinsights_sitenote_active":false,"_monsterinsights_sitenote_note":"","_monsterinsights_sitenote_category":0},"product_brand":[],"product_cat":[12274,12284],"product_tag":[],"class_list":{"0":"post-728002","1":"product","2":"type-product","3":"status-publish","5":"product_cat-cocuk-ve-genclik-kitaplari","6":"product_cat-hikayeler","7":"pa_cilt-ciltsiz","8":"pa_tur-kitap","9":"pa_yayinevi-kirmizi-kedi-yayinevi","10":"pa_yazar-feyza-hepcilingirler","12":"first","13":"instock","14":"sale","15":"shipping-taxable","16":"purchasable","17":"product-type-simple"},"_links":{"self":[{"href":"https:\/\/roveyayinevi.com.tr\/index.php\/wp-json\/wp\/v2\/product\/728002","targetHints":{"allow":["GET"]}}],"collection":[{"href":"https:\/\/roveyayinevi.com.tr\/index.php\/wp-json\/wp\/v2\/product"}],"about":[{"href":"https:\/\/roveyayinevi.com.tr\/index.php\/wp-json\/wp\/v2\/types\/product"}],"wp:attachment":[{"href":"https:\/\/roveyayinevi.com.tr\/index.php\/wp-json\/wp\/v2\/media?parent=728002"}],"wp:term":[{"taxonomy":"product_brand","embeddable":true,"href":"https:\/\/roveyayinevi.com.tr\/index.php\/wp-json\/wp\/v2\/product_brand?post=728002"},{"taxonomy":"product_cat","embeddable":true,"href":"https:\/\/roveyayinevi.com.tr\/index.php\/wp-json\/wp\/v2\/product_cat?post=728002"},{"taxonomy":"product_tag","embeddable":true,"href":"https:\/\/roveyayinevi.com.tr\/index.php\/wp-json\/wp\/v2\/product_tag?post=728002"}],"curies":[{"name":"wp","href":"https:\/\/api.w.org\/{rel}","templated":true}]}}