{"id":728001,"date":"2025-08-27T20:31:40","date_gmt":"2025-08-27T17:31:40","guid":{"rendered":"https:\/\/roveyayinevi.com.tr\/index.php\/urun\/nar-kitabi\/"},"modified":"2026-04-16T02:35:50","modified_gmt":"2026-04-15T23:35:50","slug":"nar-kitabi","status":"publish","type":"product","link":"https:\/\/roveyayinevi.com.tr\/index.php\/urun\/nar-kitabi\/","title":{"rendered":"Nar Kitab\u0131"},"content":{"rendered":"<p>Nar \u00e2demo\u011flunun yeti\u015ftirdi\u011fi k\u00fclt\u00fcr bitkileri i\u00e7inde ilk meyve t\u00fcrlerinden biri. Uzun bir tarihi olmas\u0131na ra\u011fmen h\u00e2l\u00e2 s\u0131r dolu. Nas\u0131l ay\u0131klan\u0131p yenece\u011fi bile tam \u00e7\u00f6z\u00fclebilmi\u015f de\u011fil. \u00c2dem ile Havva\u2019n\u0131n Cennet Bah\u00e7esi\u2019nden kovulmas\u0131na sebep yasak meyvenin nar olmas\u0131 ihtimali de bir kenarda duruyor. \u00d6zellikle ya\u015fad\u0131\u011f\u0131m\u0131z co\u011frafyada, farkl\u0131 k\u00fclt\u00fcrler, dinler ve ya\u015fam pratikleri i\u00e7inde simgesel olarak nara atfedilen anlam bollu\u011fu k\u00fclt\u00fcr tarihinde ba\u015fl\u0131 ba\u015f\u0131na bir izlek. Bernd Brunner tan\u0131d\u0131\u011f\u0131m\u0131z bir yazar. Edebiyat, bilim ve tarihin kesi\u015fti\u011fi konular \u00fczerine yazd\u0131\u011f\u0131 merak uyand\u0131r\u0131c\u0131 kitaplar\u0131ndan birka\u00e7\u0131 daha \u00f6nce T\u00fcrk\u00e7eye \u00e7evrildi. \u0130stanbul\u2019da ya\u015f\u0131yor ve \u00fcstelik T\u00fcrk\u00e7esi de hi\u00e7 fena de\u011fil. Nar\u0131 da ilk kez burda, \u0130stanbul\u2019un Tarlaba\u015f\u0131 semtinde kurulan bir halk pazar\u0131nda g\u00f6rm\u00fc\u015f. Nar Kitab\u0131, nar\u0131n do\u011fal ve k\u00fclt\u00fcrel tarihi \u00fczerine, mitolojisinden mutfa\u011f\u0131na hemen her konuda ilgin\u00e7 ve pratik bilgiler i\u00e7eren renkli bir \u00e7al\u0131\u015fma.<\/p>\n","protected":false},"excerpt":{"rendered":"<p>Nar \u00e2demo\u011flunun yeti\u015ftirdi\u011fi k\u00fclt\u00fcr bitkileri i\u00e7inde ilk meyve t\u00fcrlerinden biri. Uzun bir tarihi olmas\u0131na ra\u011fmen h\u00e2l\u00e2 s\u0131r dolu. Nas\u0131l ay\u0131klan\u0131p yenece\u011fi bile tam \u00e7\u00f6z\u00fclebilmi\u015f de\u011fil. \u00c2dem<span class=\"excerpt-hellip\"> [\u2026]<\/span><\/p>\n","protected":false},"featured_media":0,"template":"","meta":{"_monsterinsights_skip_tracking":false,"_monsterinsights_sitenote_active":false,"_monsterinsights_sitenote_note":"","_monsterinsights_sitenote_category":0},"product_brand":[],"product_cat":[12370,12304],"product_tag":[],"class_list":{"0":"post-728001","1":"product","2":"type-product","3":"status-publish","5":"product_cat-arastirma-inceleme","6":"product_cat-tarih","7":"pa_cilt-ciltsiz","8":"pa_tur-kitap","9":"pa_yayinevi-kirmizi-kedi-yayinevi","10":"pa_yazar-bernd-brunner","12":"first","13":"instock","14":"sale","15":"shipping-taxable","16":"purchasable","17":"product-type-simple"},"_links":{"self":[{"href":"https:\/\/roveyayinevi.com.tr\/index.php\/wp-json\/wp\/v2\/product\/728001","targetHints":{"allow":["GET"]}}],"collection":[{"href":"https:\/\/roveyayinevi.com.tr\/index.php\/wp-json\/wp\/v2\/product"}],"about":[{"href":"https:\/\/roveyayinevi.com.tr\/index.php\/wp-json\/wp\/v2\/types\/product"}],"wp:attachment":[{"href":"https:\/\/roveyayinevi.com.tr\/index.php\/wp-json\/wp\/v2\/media?parent=728001"}],"wp:term":[{"taxonomy":"product_brand","embeddable":true,"href":"https:\/\/roveyayinevi.com.tr\/index.php\/wp-json\/wp\/v2\/product_brand?post=728001"},{"taxonomy":"product_cat","embeddable":true,"href":"https:\/\/roveyayinevi.com.tr\/index.php\/wp-json\/wp\/v2\/product_cat?post=728001"},{"taxonomy":"product_tag","embeddable":true,"href":"https:\/\/roveyayinevi.com.tr\/index.php\/wp-json\/wp\/v2\/product_tag?post=728001"}],"curies":[{"name":"wp","href":"https:\/\/api.w.org\/{rel}","templated":true}]}}