{"id":728000,"date":"2025-08-27T20:31:39","date_gmt":"2025-08-27T17:31:39","guid":{"rendered":"https:\/\/roveyayinevi.com.tr\/index.php\/urun\/jane-eyre-olmak\/"},"modified":"2026-04-16T02:35:50","modified_gmt":"2026-04-15T23:35:50","slug":"jane-eyre-olmak","status":"publish","type":"product","link":"https:\/\/roveyayinevi.com.tr\/index.php\/urun\/jane-eyre-olmak\/","title":{"rendered":"Jane Eyre Olmak"},"content":{"rendered":"<p>1846\u2019da Charlotte Bront\u00eb hasta babas\u0131na bakarken, payla\u015ft\u0131klar\u0131 odan\u0131n kuytusuna \u00e7ekilmi\u015f, gen\u00e7 bir m\u00fcrebbiye \u00fczerine bir roman yazmaya koyulmu\u015ftur: ya\u015famda kendine bir gaye ve yer edinmeye \u00e7al\u0131\u015fan, yan\u0131nda \u00e7al\u0131\u015ft\u0131\u011f\u0131 adama delicesine \u00e2\u015f\u0131k, fakir ve tutkulu bir kad\u0131n \u00fczerine. \u0130nan\u00e7 ve kararl\u0131l\u0131kla hedeflerine ula\u015farak r\u00fc\u015ft\u00fcn\u00fc hem kendine hem de d\u00fcnyaya ispatlayan bir kad\u0131n. Bu bir yan\u0131yla Jane Eyre\u2019in ama bir yan\u0131yla da yazar\u0131 Charlotte Bront\u00eb\u2019nin hik\u00e2yesi. Ve tabii tamamen G\u00fcney Afrikal\u0131 yazar Sheila Kohler\u2019in penceresinden. Kohler, Bront\u00eb ailesine ait mektuplardan, haklar\u0131nda yaz\u0131lm\u0131\u015f ya\u015fam\u00f6yk\u00fcleri ve bizzat kendilerinin yazd\u0131\u011f\u0131 edebi eserlerden yola \u00e7\u0131karak, ger\u00e7ek ile kurmacan\u0131n i\u00e7 i\u00e7e ge\u00e7ti\u011fi bir hayat i\u00e7inde, b\u00fcy\u00fck bir yazar ile onun unutulmaz kahraman\u0131n\u0131 zihnimizde yeniden canland\u0131r\u0131yor.<\/p>\n","protected":false},"excerpt":{"rendered":"<p>1846\u2019da Charlotte Bront\u00eb hasta babas\u0131na bakarken, payla\u015ft\u0131klar\u0131 odan\u0131n kuytusuna \u00e7ekilmi\u015f, gen\u00e7 bir m\u00fcrebbiye \u00fczerine bir roman yazmaya koyulmu\u015ftur: ya\u015famda kendine bir gaye ve yer edinmeye \u00e7al\u0131\u015fan,<span class=\"excerpt-hellip\"> [\u2026]<\/span><\/p>\n","protected":false},"featured_media":0,"template":"","meta":{"_monsterinsights_skip_tracking":false,"_monsterinsights_sitenote_active":false,"_monsterinsights_sitenote_note":"","_monsterinsights_sitenote_category":0},"product_brand":[],"product_cat":[12291,12711],"product_tag":[],"class_list":{"0":"post-728000","1":"product","2":"type-product","3":"status-publish","5":"product_cat-edebiyat","6":"product_cat-roman-oyku","7":"pa_cilt-ciltsiz","8":"pa_tur-kitap","9":"pa_yayinevi-kirmizi-kedi-yayinevi","10":"pa_yazar-sheila-kohler","12":"first","13":"instock","14":"sale","15":"shipping-taxable","16":"purchasable","17":"product-type-simple"},"_links":{"self":[{"href":"https:\/\/roveyayinevi.com.tr\/index.php\/wp-json\/wp\/v2\/product\/728000","targetHints":{"allow":["GET"]}}],"collection":[{"href":"https:\/\/roveyayinevi.com.tr\/index.php\/wp-json\/wp\/v2\/product"}],"about":[{"href":"https:\/\/roveyayinevi.com.tr\/index.php\/wp-json\/wp\/v2\/types\/product"}],"wp:attachment":[{"href":"https:\/\/roveyayinevi.com.tr\/index.php\/wp-json\/wp\/v2\/media?parent=728000"}],"wp:term":[{"taxonomy":"product_brand","embeddable":true,"href":"https:\/\/roveyayinevi.com.tr\/index.php\/wp-json\/wp\/v2\/product_brand?post=728000"},{"taxonomy":"product_cat","embeddable":true,"href":"https:\/\/roveyayinevi.com.tr\/index.php\/wp-json\/wp\/v2\/product_cat?post=728000"},{"taxonomy":"product_tag","embeddable":true,"href":"https:\/\/roveyayinevi.com.tr\/index.php\/wp-json\/wp\/v2\/product_tag?post=728000"}],"curies":[{"name":"wp","href":"https:\/\/api.w.org\/{rel}","templated":true}]}}