{"id":727998,"date":"2025-08-27T20:31:38","date_gmt":"2025-08-27T17:31:38","guid":{"rendered":"https:\/\/roveyayinevi.com.tr\/index.php\/urun\/genel-felsefe\/"},"modified":"2026-04-16T02:35:50","modified_gmt":"2026-04-15T23:35:50","slug":"genel-felsefe","status":"publish","type":"product","link":"https:\/\/roveyayinevi.com.tr\/index.php\/urun\/genel-felsefe\/","title":{"rendered":"Genel Felsefe"},"content":{"rendered":"<p>On sekizinci y\u00fczy\u0131l\u0131n \u00f6zellikle kendi \u00e7a\u011f\u0131na damga vurmu\u015f olan b\u00fcy\u00fck Alman filozof Christian Wolff bir felsefeye giri\u015f kitab\u0131 olarak ele al\u0131nabilecek bu eserde &#8220;nedenlerin bilgisi&#8221; olarak g\u00f6rd\u00fc\u011f\u00fc felsefeyi \u00f6nce &#8220;olgular\u0131n bilgisi&#8221; dedi\u011fi tarih ve &#8220;niceliklerin bilgisi&#8221; dedi\u011fi matematikten ay\u0131r\u0131yor. Felsefenin bu bilgi t\u00fcrleriyle ili\u015fkisini yahut i\u015f birli\u011fini g\u00f6sterdikten sonra da onun s\u0131n\u0131rlar\u0131n\u0131 ve dallar\u0131n\u0131 ve\/veya k\u0131s\u0131mlar\u0131n\u0131 belirliyor. Bu k\u0131s\u0131mlar\u0131 gerekti\u011fi gibi birbirinden ay\u0131r\u0131p s\u0131ralad\u0131ktan ve bu tasnifi temellendirdikten sonra da, felsefenin nas\u0131l icra edilmesi gerekti\u011fini, felsefe yaparken dikkat edilmesi gerekenleri, felsefede do\u011fru y\u00f6ntemin ne oldu\u011funu, filozofun kullanmas\u0131 gereken \u00fcslubu ve felsefe yapma \u00f6zg\u00fcrl\u00fc\u011f\u00fcn\u00fcn \u00f6nemini irdeliyor. \u00d6zellikle felsefenin k\u0131s\u0131mlar\u0131na ili\u015fkin tasnifi hala ge\u00e7erli\u011fini koruyan ve ontolojinin isim babas\u0131 kabul edilen Wolff&#8217;\u00fcn bu eseri felsefeye yeni ba\u015flayanlar kadar alan\u0131n uzmanlar\u0131n\u0131n da yararlanaca\u011f\u0131 bir eser olarak kar\u015f\u0131m\u0131za \u00e7\u0131k\u0131yor.<\/p>\n","protected":false},"excerpt":{"rendered":"<p>On sekizinci y\u00fczy\u0131l\u0131n \u00f6zellikle kendi \u00e7a\u011f\u0131na damga vurmu\u015f olan b\u00fcy\u00fck Alman filozof Christian Wolff bir felsefeye giri\u015f kitab\u0131 olarak ele al\u0131nabilecek bu eserde &#8220;nedenlerin bilgisi&#8221; olarak<span class=\"excerpt-hellip\"> [\u2026]<\/span><\/p>\n","protected":false},"featured_media":0,"template":"","meta":{"_monsterinsights_skip_tracking":false,"_monsterinsights_sitenote_active":false,"_monsterinsights_sitenote_note":"","_monsterinsights_sitenote_category":0},"product_brand":[],"product_cat":[12388,13555],"product_tag":[],"class_list":{"0":"post-727998","1":"product","2":"type-product","3":"status-publish","5":"product_cat-felsefe","6":"product_cat-genel-felsefe","7":"pa_cilt-ciltsiz","8":"pa_tur-kitap","9":"pa_yayinevi-pinhan-yayincilik","10":"pa_yazar-christian-wolff","12":"first","13":"instock","14":"sale","15":"shipping-taxable","16":"purchasable","17":"product-type-simple"},"_links":{"self":[{"href":"https:\/\/roveyayinevi.com.tr\/index.php\/wp-json\/wp\/v2\/product\/727998","targetHints":{"allow":["GET"]}}],"collection":[{"href":"https:\/\/roveyayinevi.com.tr\/index.php\/wp-json\/wp\/v2\/product"}],"about":[{"href":"https:\/\/roveyayinevi.com.tr\/index.php\/wp-json\/wp\/v2\/types\/product"}],"wp:attachment":[{"href":"https:\/\/roveyayinevi.com.tr\/index.php\/wp-json\/wp\/v2\/media?parent=727998"}],"wp:term":[{"taxonomy":"product_brand","embeddable":true,"href":"https:\/\/roveyayinevi.com.tr\/index.php\/wp-json\/wp\/v2\/product_brand?post=727998"},{"taxonomy":"product_cat","embeddable":true,"href":"https:\/\/roveyayinevi.com.tr\/index.php\/wp-json\/wp\/v2\/product_cat?post=727998"},{"taxonomy":"product_tag","embeddable":true,"href":"https:\/\/roveyayinevi.com.tr\/index.php\/wp-json\/wp\/v2\/product_tag?post=727998"}],"curies":[{"name":"wp","href":"https:\/\/api.w.org\/{rel}","templated":true}]}}