{"id":727997,"date":"2025-08-27T20:31:37","date_gmt":"2025-08-27T17:31:37","guid":{"rendered":"https:\/\/roveyayinevi.com.tr\/index.php\/urun\/hukukun-hareket-tarzi\/"},"modified":"2026-04-16T02:35:50","modified_gmt":"2026-04-15T23:35:50","slug":"hukukun-hareket-tarzi","status":"publish","type":"product","link":"https:\/\/roveyayinevi.com.tr\/index.php\/urun\/hukukun-hareket-tarzi\/","title":{"rendered":"Hukukun Hareket Tarz\u0131"},"content":{"rendered":"<p>Hukukun Hareket Tarz\u0131 ba\u015fl\u0131kl\u0131 bu \u00e7al\u0131\u015fmas\u0131nda Donald Black, hukukun nas\u0131l\u201ci\u015fledi\u011fini, hareket etti\u011fini, sal\u0131nd\u0131\u011f\u0131n\u0131\u201d g\u00f6stermeye \u00e7al\u0131\u015f\u0131yor. \u00c7ok al\u0131\u015f\u0131k olmad\u0131\u011f\u0131m\u0131zbir \u015fekilde, hukukun niceli\u011finin nas\u0131l de\u011fi\u015fti\u011fi sorusunun pe\u015fine d\u00fc\u015f\u00fcyor.\u201cBu kitap hukukun sosyal alandaki g\u00f6r\u00fcn\u00fcmleriyle ilgili \u00e7ok say\u0131da \u00f6nermei\u00e7ermektedir. Bu \u00f6nermelerin amac\u0131 hukukun de\u011fi\u015fimini tespit etmek, b\u00f6ylecebilimsel bir hukuk teorisine katk\u0131da bulunmakt\u0131r. Bu t\u00fcrden bir teorinin pratikkullan\u0131mlar\u0131 s\u00f6z konusudur ve ayr\u0131ca di\u011fer sosyal ya\u015fant\u0131lara ili\u015fkin \u00e7al\u0131\u015fmalarbak\u0131m\u0131ndan da uygulamalar\u0131 mevcuttur.Bu \u00f6nermeler, s\u00f6zgelimi, neyin yasad\u0131\u015f\u0131 olarak tan\u0131mland\u0131\u011f\u0131, kimin polisi \u00e7a\u011f\u0131rd\u0131\u011f\u0131veya dava a\u00e7t\u0131\u011f\u0131, kimin mahkemeyi kazand\u0131\u011f\u0131, kimin temyize gitti\u011fi veya bozmaald\u0131\u011f\u0131, kimin hangi usul\u00fc i\u015fletti\u011fi ve -zamana ve mek\u00e2na ba\u011fl\u0131 olarak- sosyalya\u015famda, \u015fayet varsa, hukukun ne derece var oldu\u011fu hususlar\u0131ndaki farkl\u0131l\u0131klar dahilolmak \u00fczere, hukuki \u00e7e\u015fitlili\u011fin geni\u015f yelpazesini yans\u0131t\u0131r. Dolayl\u0131 olarak, bu\u00f6nermeler genellikle sapma davran\u0131\u015f\u0131 teorilerinin ortaya koydu\u011fu bir\u00e7ok olguyu dabelirler. Bunlar\u0131 yeniden d\u00fczenleyerek sosyal kontrol\u00fcn di\u011fer bi\u00e7imlerini tahmin ederve a\u00e7\u0131klar. Nihayetinde, dolayl\u0131 bi\u00e7imde anar\u015finin -hukukun olmad\u0131\u011f\u0131 bir sosyalya\u015fam\u0131n- ko\u015fullar\u0131n\u0131 belirler ve mevcut e\u011filimlere uygulay\u0131p hukukun gelece\u011fihakk\u0131nda \u00f6ng\u00f6r\u00fcde bulunur.\u201dSaf Sosyoloji\u2019nin [Pure Sociology] kurucusu olan Donald Black, T\u00fcrk\u00e7e okurla ilk kez bu kitab\u0131yla bulu\u015fuyor. Bug\u00fcn hukuk sosyolojisinde \u00f6nemli bir yerde duran Black\u2019in hukuk, sosyoloji, antropoloji ve psikoloji disiplinlerinin kesi\u015fti\u011fi yerde kurmaya \u00e7al\u0131\u015ft\u0131\u011f\u0131 hukuk kuram\u0131n\u0131 yans\u0131tmas\u0131 bak\u0131m\u0131ndan Hukukun Hareket Tarz\u0131 b\u00fcy\u00fck \u00f6nem ta\u015f\u0131maktad\u0131r.<\/p>\n","protected":false},"excerpt":{"rendered":"<p>Hukukun Hareket Tarz\u0131 ba\u015fl\u0131kl\u0131 bu \u00e7al\u0131\u015fmas\u0131nda Donald Black, hukukun nas\u0131l\u201ci\u015fledi\u011fini, hareket etti\u011fini, sal\u0131nd\u0131\u011f\u0131n\u0131\u201d g\u00f6stermeye \u00e7al\u0131\u015f\u0131yor. \u00c7ok al\u0131\u015f\u0131k olmad\u0131\u011f\u0131m\u0131zbir \u015fekilde, hukukun niceli\u011finin nas\u0131l de\u011fi\u015fti\u011fi sorusunun pe\u015fine d\u00fc\u015f\u00fcyor.\u201cBu<span class=\"excerpt-hellip\"> [\u2026]<\/span><\/p>\n","protected":false},"featured_media":0,"template":"","meta":{"_monsterinsights_skip_tracking":false,"_monsterinsights_sitenote_active":false,"_monsterinsights_sitenote_note":"","_monsterinsights_sitenote_category":0},"product_brand":[],"product_cat":[15350,17602],"product_tag":[],"class_list":{"0":"post-727997","1":"product","2":"type-product","3":"status-publish","5":"product_cat-hukuk","6":"product_cat-hukuk-uzerine","7":"pa_cilt-ciltsiz","8":"pa_tur-kitap","9":"pa_yayinevi-pinhan-yayincilik","10":"pa_yazar-donald-black","12":"first","13":"instock","14":"sale","15":"shipping-taxable","16":"purchasable","17":"product-type-simple"},"_links":{"self":[{"href":"https:\/\/roveyayinevi.com.tr\/index.php\/wp-json\/wp\/v2\/product\/727997","targetHints":{"allow":["GET"]}}],"collection":[{"href":"https:\/\/roveyayinevi.com.tr\/index.php\/wp-json\/wp\/v2\/product"}],"about":[{"href":"https:\/\/roveyayinevi.com.tr\/index.php\/wp-json\/wp\/v2\/types\/product"}],"wp:attachment":[{"href":"https:\/\/roveyayinevi.com.tr\/index.php\/wp-json\/wp\/v2\/media?parent=727997"}],"wp:term":[{"taxonomy":"product_brand","embeddable":true,"href":"https:\/\/roveyayinevi.com.tr\/index.php\/wp-json\/wp\/v2\/product_brand?post=727997"},{"taxonomy":"product_cat","embeddable":true,"href":"https:\/\/roveyayinevi.com.tr\/index.php\/wp-json\/wp\/v2\/product_cat?post=727997"},{"taxonomy":"product_tag","embeddable":true,"href":"https:\/\/roveyayinevi.com.tr\/index.php\/wp-json\/wp\/v2\/product_tag?post=727997"}],"curies":[{"name":"wp","href":"https:\/\/api.w.org\/{rel}","templated":true}]}}