{"id":727996,"date":"2025-08-27T20:31:36","date_gmt":"2025-08-27T17:31:36","guid":{"rendered":"https:\/\/roveyayinevi.com.tr\/index.php\/urun\/hazreti-ali-r-a\/"},"modified":"2026-04-16T02:35:50","modified_gmt":"2026-04-15T23:35:50","slug":"hazreti-ali-r-a","status":"publish","type":"product","link":"https:\/\/roveyayinevi.com.tr\/index.php\/urun\/hazreti-ali-r-a\/","title":{"rendered":"Hazreti Ali (r.a)"},"content":{"rendered":"<p>\u0130slam&#8217;\u0131n d\u00f6rd\u00fcnc\u00fc halifesi&#8230;Peygamberimizin sevgili damad\u0131, Hazreti Fat\u0131ma&#8217;n\u0131n e\u015fi, b\u00fcy\u00fck Islam kahraman\u0131&#8230;Be\u015f ya\u015f\u0131ndan itibaren Peygamberimizin terbiyesi alt\u0131nda b\u00fcy\u00fcd\u00fc. Ilk M\u00fcsl\u00fcman olan \u00e7ocuktu.Her zaman Peygamberimizin yan\u0131nda oldu. M\u00fc\u015friklere meydan okurcas\u0131na Kabe&#8217;de O&#8217;nunla birlikte korkusuzca namaz k\u0131ld\u0131.Hicret s\u0131ras\u0131nda e\u015fsiz bir cesaretle Mekkelilerin Peygamberimize suikast planlad\u0131\u011f\u0131n\u0131 bile bile O&#8217;nun yata\u011f\u0131na yatt\u0131.Bedir, Uhud, Hendek ve Hayber Sava\u015flar\u0131nda kahramanl\u0131k destanlar\u0131 yazd\u0131.Cesaret ve kahramanl\u0131kta oldu\u011fu kadar ilim, irfan, ahlak ve fazilette de en \u00f6nde yer ald\u0131. &#8220;\u0130lim \u015fehrinin kap\u0131s\u0131&#8221; dendi.Hazreti Osman \u015fehit edilince Islm&#8217;\u0131n d\u00f6rd\u00fcnc\u00fc halifesi oldu. Hainler taraf\u0131ndan bir sabah namaz\u0131nda \u015fehit edildi.<\/p>\n","protected":false},"excerpt":{"rendered":"<p>\u0130slam&#8217;\u0131n d\u00f6rd\u00fcnc\u00fc halifesi&#8230;Peygamberimizin sevgili damad\u0131, Hazreti Fat\u0131ma&#8217;n\u0131n e\u015fi, b\u00fcy\u00fck Islam kahraman\u0131&#8230;Be\u015f ya\u015f\u0131ndan itibaren Peygamberimizin terbiyesi alt\u0131nda b\u00fcy\u00fcd\u00fc. Ilk M\u00fcsl\u00fcman olan \u00e7ocuktu.Her zaman Peygamberimizin yan\u0131nda oldu. M\u00fc\u015friklere<span class=\"excerpt-hellip\"> [\u2026]<\/span><\/p>\n","protected":false},"featured_media":0,"template":"","meta":{"_monsterinsights_skip_tracking":false,"_monsterinsights_sitenote_active":false,"_monsterinsights_sitenote_note":"","_monsterinsights_sitenote_category":0},"product_brand":[],"product_cat":[12274,18802],"product_tag":[],"class_list":{"0":"post-727996","1":"product","2":"type-product","3":"status-publish","5":"product_cat-cocuk-ve-genclik-kitaplari","6":"product_cat-din-egitimi","7":"pa_cilt-ciltsiz","8":"pa_tur-kitap","9":"pa_yayinevi-ugurbocegi-yayinlari","10":"pa_yazar-abdullah-kara-hilal-kara","12":"first","13":"instock","14":"sale","15":"shipping-taxable","16":"purchasable","17":"product-type-simple"},"_links":{"self":[{"href":"https:\/\/roveyayinevi.com.tr\/index.php\/wp-json\/wp\/v2\/product\/727996","targetHints":{"allow":["GET"]}}],"collection":[{"href":"https:\/\/roveyayinevi.com.tr\/index.php\/wp-json\/wp\/v2\/product"}],"about":[{"href":"https:\/\/roveyayinevi.com.tr\/index.php\/wp-json\/wp\/v2\/types\/product"}],"wp:attachment":[{"href":"https:\/\/roveyayinevi.com.tr\/index.php\/wp-json\/wp\/v2\/media?parent=727996"}],"wp:term":[{"taxonomy":"product_brand","embeddable":true,"href":"https:\/\/roveyayinevi.com.tr\/index.php\/wp-json\/wp\/v2\/product_brand?post=727996"},{"taxonomy":"product_cat","embeddable":true,"href":"https:\/\/roveyayinevi.com.tr\/index.php\/wp-json\/wp\/v2\/product_cat?post=727996"},{"taxonomy":"product_tag","embeddable":true,"href":"https:\/\/roveyayinevi.com.tr\/index.php\/wp-json\/wp\/v2\/product_tag?post=727996"}],"curies":[{"name":"wp","href":"https:\/\/api.w.org\/{rel}","templated":true}]}}