{"id":727987,"date":"2025-08-27T20:31:28","date_gmt":"2025-08-27T17:31:28","guid":{"rendered":"https:\/\/roveyayinevi.com.tr\/index.php\/urun\/mucitler-takimi-seti-4-kitap\/"},"modified":"2025-10-13T06:15:08","modified_gmt":"2025-10-13T03:15:08","slug":"mucitler-takimi-seti-4-kitap","status":"publish","type":"product","link":"https:\/\/roveyayinevi.com.tr\/index.php\/urun\/mucitler-takimi-seti-4-kitap\/","title":{"rendered":"Mucitler Tak\u0131m\u0131 Seti (4 Kitap)"},"content":{"rendered":"<p>Anaokulundan beri ayn\u0131 okula gidiyorlard\u0131. Ama Mucitler Tak\u0131m\u0131\u2019na kat\u0131lana kadar o kadar \u00e7ok ortak noktalar\u0131n\u0131n oldu\u011funu bilmiyorlard\u0131. Yani bilime, teknolojiye ve yeni icatlara olan tutkular\u0131n\u0131&#8230;Mucitler Tak\u0131m\u0131, Hubble Ortaokulu\u2019nun sene ba\u015f\u0131nda faaliyet ge\u00e7en Bilim Merkezi\u2019nde ara\u015ft\u0131rmalar ve yepyeni icatlar yapan \u00f6\u011frencilerin kendilerine verdi\u011fi isimdi.\u00dc\u00e7 arkada\u015f, tak\u0131mdaki di\u011fer arkada\u015flar\u0131yla robotlar \u00fczerinde \u00e7al\u0131\u015f\u0131rken, 3D yaz\u0131c\u0131yla \u00fc\u00e7 boyutlu \u015feyler \u00fcretirken kendilerini okulda ge\u00e7en ilgin\u00e7 dolu olaylar\u0131n i\u00e7inde buldular. Su\u00e7land\u0131lar, korktular, merakland\u0131lar ve heyecanland\u0131lar.Ama b\u00fct\u00fcn olaylar\u0131 bir dedektif gibi \u00e7\u00f6zmeyi de ba\u015fard\u0131lar. Nas\u0131l m\u0131? Tabii ki zek\u00e2lar\u0131yla ve birbirinden ilgin\u00e7 icatlar\u0131yla&#8230;Heyecan dozu y\u00fcksek, kafa \u00e7al\u0131\u015ft\u0131r\u0131c\u0131, y\u00fcrek hoplat\u0131c\u0131, s\u00fcr\u00fckleyici olaylar, gizemler, ke\u015fifler bu seride&#8230;<\/p>\n","protected":false},"excerpt":{"rendered":"<p>Anaokulundan beri ayn\u0131 okula gidiyorlard\u0131. Ama Mucitler Tak\u0131m\u0131\u2019na kat\u0131lana kadar o kadar \u00e7ok ortak noktalar\u0131n\u0131n oldu\u011funu bilmiyorlard\u0131. Yani bilime, teknolojiye ve yeni icatlara olan tutkular\u0131n\u0131&#8230;Mucitler Tak\u0131m\u0131,<span class=\"excerpt-hellip\"> [\u2026]<\/span><\/p>\n","protected":false},"featured_media":0,"template":"","meta":{"_monsterinsights_skip_tracking":false,"_monsterinsights_sitenote_active":false,"_monsterinsights_sitenote_note":"","_monsterinsights_sitenote_category":0},"product_brand":[],"product_cat":[12913,12274],"product_tag":[],"class_list":{"0":"post-727987","1":"product","2":"type-product","3":"status-publish","5":"product_cat-3-6-yas-kitaplari","6":"product_cat-cocuk-ve-genclik-kitaplari","7":"pa_cilt-set","8":"pa_tur-kitap","9":"pa_yayinevi-ugurbocegi-yayinlari","10":"pa_yazar-melinda-metz","12":"first","13":"instock","14":"sale","15":"shipping-taxable","16":"purchasable","17":"product-type-simple"},"_links":{"self":[{"href":"https:\/\/roveyayinevi.com.tr\/index.php\/wp-json\/wp\/v2\/product\/727987","targetHints":{"allow":["GET"]}}],"collection":[{"href":"https:\/\/roveyayinevi.com.tr\/index.php\/wp-json\/wp\/v2\/product"}],"about":[{"href":"https:\/\/roveyayinevi.com.tr\/index.php\/wp-json\/wp\/v2\/types\/product"}],"wp:attachment":[{"href":"https:\/\/roveyayinevi.com.tr\/index.php\/wp-json\/wp\/v2\/media?parent=727987"}],"wp:term":[{"taxonomy":"product_brand","embeddable":true,"href":"https:\/\/roveyayinevi.com.tr\/index.php\/wp-json\/wp\/v2\/product_brand?post=727987"},{"taxonomy":"product_cat","embeddable":true,"href":"https:\/\/roveyayinevi.com.tr\/index.php\/wp-json\/wp\/v2\/product_cat?post=727987"},{"taxonomy":"product_tag","embeddable":true,"href":"https:\/\/roveyayinevi.com.tr\/index.php\/wp-json\/wp\/v2\/product_tag?post=727987"}],"curies":[{"name":"wp","href":"https:\/\/api.w.org\/{rel}","templated":true}]}}