{"id":727986,"date":"2025-08-27T20:31:28","date_gmt":"2025-08-27T17:31:28","guid":{"rendered":"https:\/\/roveyayinevi.com.tr\/index.php\/urun\/ormancinin-tutsaklari-dedektif-tayfa-4\/"},"modified":"2026-04-16T02:35:50","modified_gmt":"2026-04-15T23:35:50","slug":"ormancinin-tutsaklari-dedektif-tayfa-4","status":"publish","type":"product","link":"https:\/\/roveyayinevi.com.tr\/index.php\/urun\/ormancinin-tutsaklari-dedektif-tayfa-4\/","title":{"rendered":"Ormanc\u0131n\u0131n Tutsaklar\u0131 &#8211; Dedektif Tayfa 4"},"content":{"rendered":"<p>Dedektif Tayfa\u2019y\u0131, \u201cOkuldaki olaylara kar\u0131\u015fmay\u0131n!\u201d diye uyarm\u0131\u015flard\u0131 ama bize \u201cPiknikteki olaylara kar\u0131\u015fmay\u0131n!\u201d dememi\u015flerdi. Duyan oldu mu? Ben duymad\u0131m mesela. Sakin sakin pikni\u011fimizi yaparken, ba\u015f\u0131m\u0131za bunlar\u0131n gelmesini biz de istemezdik. \u0130ster miydik? \u0130nan\u0131n ki kesinlikle istemezdik. Ama her pikni\u011fe gitti\u011fimizde ya\u011fmura tutulmak da bizim su\u00e7umuz de\u011fil bence. Kesin bilgi, M\u00fcd\u00fcr Amca bu piknik i\u015fini hi\u00e7 bilmiyor! Y\u0131llard\u0131r her piknikte, \u201c\u00c7ar\u015famba\u2019y\u0131 sel ald\u0131\u201d t\u00fcrk\u00fcs\u00fcn\u00fc s\u00f6ylemekten yorulduk. Kaybolmak da bizim su\u00e7umuz olamazd\u0131 de\u011fil mi? Orman\u0131n i\u00e7inde, karanl\u0131kta kal\u0131p, kurt sesleri dinlemeyi biz de istemezdik. Hele hele ka\u00e7\u0131r\u0131lmay\u0131 kim ister? \u0130nan\u0131n bizim bir su\u00e7umuz yok; olaylar, Dedektif Tayfa\u2019y\u0131 koval\u0131yor. Gece karanl\u0131\u011f\u0131ndaki o \u00e7\u0131t\u0131rt\u0131lar\u0131 duysayd\u0131n\u0131z\u2026 Hele o dibimize kadar gelen y\u0131lan\u0131 bir g\u00f6rseydiniz&#8230; Tutuldu\u011fumuz yerden ka\u00e7maya \u00e7al\u0131\u015f\u0131rken ya\u015fad\u0131klar\u0131m\u0131z\u0131 bir bilseniz&#8230; M\u00fcthi\u015f bir g\u00fcnd\u00fc; g\u00fcnd\u00fcz\u00fcyle ve gecesiyle&#8230;<\/p>\n","protected":false},"excerpt":{"rendered":"<p>Dedektif Tayfa\u2019y\u0131, \u201cOkuldaki olaylara kar\u0131\u015fmay\u0131n!\u201d diye uyarm\u0131\u015flard\u0131 ama bize \u201cPiknikteki olaylara kar\u0131\u015fmay\u0131n!\u201d dememi\u015flerdi. Duyan oldu mu? Ben duymad\u0131m mesela. Sakin sakin pikni\u011fimizi yaparken, ba\u015f\u0131m\u0131za bunlar\u0131n gelmesini<span class=\"excerpt-hellip\"> [\u2026]<\/span><\/p>\n","protected":false},"featured_media":0,"template":"","meta":{"_monsterinsights_skip_tracking":false,"_monsterinsights_sitenote_active":false,"_monsterinsights_sitenote_note":"","_monsterinsights_sitenote_category":0},"product_brand":[],"product_cat":[12275,12274],"product_tag":[],"class_list":{"0":"post-727986","1":"product","2":"type-product","3":"status-publish","5":"product_cat-6-12-yas-kitaplari","6":"product_cat-cocuk-ve-genclik-kitaplari","7":"pa_cilt-ciltsiz","8":"pa_tur-kitap","9":"pa_yayinevi-ugurbocegi-yayinlari","10":"pa_yazar-sebnem-guler-karacan","12":"first","13":"instock","14":"sale","15":"shipping-taxable","16":"purchasable","17":"product-type-simple"},"_links":{"self":[{"href":"https:\/\/roveyayinevi.com.tr\/index.php\/wp-json\/wp\/v2\/product\/727986","targetHints":{"allow":["GET"]}}],"collection":[{"href":"https:\/\/roveyayinevi.com.tr\/index.php\/wp-json\/wp\/v2\/product"}],"about":[{"href":"https:\/\/roveyayinevi.com.tr\/index.php\/wp-json\/wp\/v2\/types\/product"}],"wp:attachment":[{"href":"https:\/\/roveyayinevi.com.tr\/index.php\/wp-json\/wp\/v2\/media?parent=727986"}],"wp:term":[{"taxonomy":"product_brand","embeddable":true,"href":"https:\/\/roveyayinevi.com.tr\/index.php\/wp-json\/wp\/v2\/product_brand?post=727986"},{"taxonomy":"product_cat","embeddable":true,"href":"https:\/\/roveyayinevi.com.tr\/index.php\/wp-json\/wp\/v2\/product_cat?post=727986"},{"taxonomy":"product_tag","embeddable":true,"href":"https:\/\/roveyayinevi.com.tr\/index.php\/wp-json\/wp\/v2\/product_tag?post=727986"}],"curies":[{"name":"wp","href":"https:\/\/api.w.org\/{rel}","templated":true}]}}