{"id":727979,"date":"2025-08-27T20:31:22","date_gmt":"2025-08-27T17:31:22","guid":{"rendered":"https:\/\/roveyayinevi.com.tr\/index.php\/urun\/inanmazsan-gel-de-bak\/"},"modified":"2026-04-16T02:35:50","modified_gmt":"2026-04-15T23:35:50","slug":"inanmazsan-gel-de-bak","status":"publish","type":"product","link":"https:\/\/roveyayinevi.com.tr\/index.php\/urun\/inanmazsan-gel-de-bak\/","title":{"rendered":"\u0130nanmazsan Gel De Bak"},"content":{"rendered":"<p>D\u00fcnyada do\u011fmu\u015f ilk insandan ba\u015flay\u0131p, d\u00fcnyada \u00f6lecek son insana kadar s\u00fcrecek bir tart\u0131\u015fman\u0131n i\u00e7indeyiz. Tart\u0131\u015fman\u0131n bir taraf\u0131ndakiler, kendileri dahil her \u015feyin kendi kendine geli\u015fti\u011fi, b\u00fcy\u00fck patlamadan bu yana ge\u00e7en milyarlarca y\u0131lda, elementlerin ve enerjinin bir yolunu bulup i\u00e7inde ya\u015fad\u0131\u011f\u0131m\u0131z d\u00fcnyay\u0131 meydana getirdiklerini savunmaktalar. Tart\u0131\u015fman\u0131n di\u011fer taraf\u0131ndakiler ise ortada bir sistem varsa bu sistemi bir kuran\u0131n oldu\u011funu, bir sonucu elde etmeye y\u00f6nelik bir tercih varsa bir tercih edenin oldu\u011funu, k\u0131sacas\u0131 t\u00fcm kainat\u0131n bir yarat\u0131c\u0131s\u0131n\u0131n oldu\u011funu savunmaktalar.Elinizdeki kitapta, bu iki taraftan biri olan inanmayan grubunun, inanmamak i\u00e7in ortaya koydu\u011fu veya koyamad\u0131\u011f\u0131 bahanelerden, en yayg\u0131n on dokuz tanesi ele al\u0131n\u0131yor ve hakl\u0131l\u0131k paylar\u0131n\u0131 inceleniyor.<\/p>\n","protected":false},"excerpt":{"rendered":"<p>D\u00fcnyada do\u011fmu\u015f ilk insandan ba\u015flay\u0131p, d\u00fcnyada \u00f6lecek son insana kadar s\u00fcrecek bir tart\u0131\u015fman\u0131n i\u00e7indeyiz. Tart\u0131\u015fman\u0131n bir taraf\u0131ndakiler, kendileri dahil her \u015feyin kendi kendine geli\u015fti\u011fi, b\u00fcy\u00fck patlamadan<span class=\"excerpt-hellip\"> [\u2026]<\/span><\/p>\n","protected":false},"featured_media":0,"template":"","meta":{"_monsterinsights_skip_tracking":false,"_monsterinsights_sitenote_active":false,"_monsterinsights_sitenote_note":"","_monsterinsights_sitenote_category":0},"product_brand":[],"product_cat":[12718,12858],"product_tag":[],"class_list":{"0":"post-727979","1":"product","2":"type-product","3":"status-publish","5":"product_cat-din","6":"product_cat-mitolojiler","7":"pa_cilt-ciltsiz","8":"pa_tur-kitap","9":"pa_yayinevi-ugurbocegi-yayinlari","10":"pa_yazar-muhiddin-yenigun","12":"first","13":"instock","14":"sale","15":"shipping-taxable","16":"purchasable","17":"product-type-simple"},"_links":{"self":[{"href":"https:\/\/roveyayinevi.com.tr\/index.php\/wp-json\/wp\/v2\/product\/727979","targetHints":{"allow":["GET"]}}],"collection":[{"href":"https:\/\/roveyayinevi.com.tr\/index.php\/wp-json\/wp\/v2\/product"}],"about":[{"href":"https:\/\/roveyayinevi.com.tr\/index.php\/wp-json\/wp\/v2\/types\/product"}],"wp:attachment":[{"href":"https:\/\/roveyayinevi.com.tr\/index.php\/wp-json\/wp\/v2\/media?parent=727979"}],"wp:term":[{"taxonomy":"product_brand","embeddable":true,"href":"https:\/\/roveyayinevi.com.tr\/index.php\/wp-json\/wp\/v2\/product_brand?post=727979"},{"taxonomy":"product_cat","embeddable":true,"href":"https:\/\/roveyayinevi.com.tr\/index.php\/wp-json\/wp\/v2\/product_cat?post=727979"},{"taxonomy":"product_tag","embeddable":true,"href":"https:\/\/roveyayinevi.com.tr\/index.php\/wp-json\/wp\/v2\/product_tag?post=727979"}],"curies":[{"name":"wp","href":"https:\/\/api.w.org\/{rel}","templated":true}]}}