{"id":727976,"date":"2025-08-27T20:31:19","date_gmt":"2025-08-27T17:31:19","guid":{"rendered":"https:\/\/roveyayinevi.com.tr\/index.php\/urun\/hazreti-osman-r-a\/"},"modified":"2026-04-16T02:35:50","modified_gmt":"2026-04-15T23:35:50","slug":"hazreti-osman-r-a","status":"publish","type":"product","link":"https:\/\/roveyayinevi.com.tr\/index.php\/urun\/hazreti-osman-r-a\/","title":{"rendered":"Hazreti Osman (r.a)"},"content":{"rendered":"<p>\u0130slam&#8217;\u0131n \u00fc\u00e7\u00fcnc\u00fc halifesi&#8230;Hayas\u0131 ve iffetiyle \u00f6rnek sahabi&#8230;\u0130slam ile ilk \u015fereflenenlerdendi. Peygamberimizin biricik k\u0131z\u0131 Hazreti Rukiyye ile evlendi.\u0130nanc\u0131 u\u011fruna bask\u0131 ve i\u015fkencelere maruz kald\u0131. E\u015fiyle birlikte Habe\u015fistan&#8217;a hicret etti. Y\u0131llarca gurbet ellerde ya\u015fad\u0131. Medine&#8217;ye hicret edince Z\u00fclhicrateyn (Iki Hicret Sahibi) dendi.Hazreti Rukiyye gen\u00e7 ya\u015fta vefat edince, Efendimiz onu di\u011fer k\u0131z\u0131 Hazreti \u00dcmm\u00fc G\u00fcls\u00fcm ile evlendirdi. Peygamberimizin iki k\u0131z\u0131yla evlendi\u011finden Zinn\u00fcreyn (Iki Nur Sahibi) dendi.\u00c7ok c\u00f6mertti. Servetini Islam&#8217;a hizmet yolunda harcad\u0131.Son derece utanga\u00e7 ve yumu\u015fak huylu olan Hazreti Osman, Hazreti \u00d6mer \u015fehit edilince Islam&#8217;\u0131n \u00fc\u00e7\u00fcnc\u00fc halifesi oldu.On iki y\u0131l boyunca halifelik yapt\u0131. Kur&#8217;an okurken \u015fehit edildi.<\/p>\n","protected":false},"excerpt":{"rendered":"<p>\u0130slam&#8217;\u0131n \u00fc\u00e7\u00fcnc\u00fc halifesi&#8230;Hayas\u0131 ve iffetiyle \u00f6rnek sahabi&#8230;\u0130slam ile ilk \u015fereflenenlerdendi. Peygamberimizin biricik k\u0131z\u0131 Hazreti Rukiyye ile evlendi.\u0130nanc\u0131 u\u011fruna bask\u0131 ve i\u015fkencelere maruz kald\u0131. E\u015fiyle birlikte Habe\u015fistan&#8217;a<span class=\"excerpt-hellip\"> [\u2026]<\/span><\/p>\n","protected":false},"featured_media":0,"template":"","meta":{"_monsterinsights_skip_tracking":false,"_monsterinsights_sitenote_active":false,"_monsterinsights_sitenote_note":"","_monsterinsights_sitenote_category":0},"product_brand":[],"product_cat":[12274,18802],"product_tag":[],"class_list":{"0":"post-727976","1":"product","2":"type-product","3":"status-publish","5":"product_cat-cocuk-ve-genclik-kitaplari","6":"product_cat-din-egitimi","7":"pa_cilt-ciltsiz","8":"pa_tur-kitap","9":"pa_yayinevi-ugurbocegi-yayinlari","10":"pa_yazar-abdullah-kara-hilal-kara","12":"first","13":"instock","14":"sale","15":"shipping-taxable","16":"purchasable","17":"product-type-simple"},"_links":{"self":[{"href":"https:\/\/roveyayinevi.com.tr\/index.php\/wp-json\/wp\/v2\/product\/727976","targetHints":{"allow":["GET"]}}],"collection":[{"href":"https:\/\/roveyayinevi.com.tr\/index.php\/wp-json\/wp\/v2\/product"}],"about":[{"href":"https:\/\/roveyayinevi.com.tr\/index.php\/wp-json\/wp\/v2\/types\/product"}],"wp:attachment":[{"href":"https:\/\/roveyayinevi.com.tr\/index.php\/wp-json\/wp\/v2\/media?parent=727976"}],"wp:term":[{"taxonomy":"product_brand","embeddable":true,"href":"https:\/\/roveyayinevi.com.tr\/index.php\/wp-json\/wp\/v2\/product_brand?post=727976"},{"taxonomy":"product_cat","embeddable":true,"href":"https:\/\/roveyayinevi.com.tr\/index.php\/wp-json\/wp\/v2\/product_cat?post=727976"},{"taxonomy":"product_tag","embeddable":true,"href":"https:\/\/roveyayinevi.com.tr\/index.php\/wp-json\/wp\/v2\/product_tag?post=727976"}],"curies":[{"name":"wp","href":"https:\/\/api.w.org\/{rel}","templated":true}]}}