{"id":727975,"date":"2025-08-27T20:31:18","date_gmt":"2025-08-27T17:31:18","guid":{"rendered":"https:\/\/roveyayinevi.com.tr\/index.php\/urun\/hazreti-ebu-bekir-r-a\/"},"modified":"2026-04-16T02:35:50","modified_gmt":"2026-04-15T23:35:50","slug":"hazreti-ebu-bekir-r-a","status":"publish","type":"product","link":"https:\/\/roveyayinevi.com.tr\/index.php\/urun\/hazreti-ebu-bekir-r-a\/","title":{"rendered":"Hazreti Ebu Bekir (r.a)"},"content":{"rendered":"<p>\u0130slam&#8217;\u0131n ilk halifesi&#8230;Peygamberimizin en yak\u0131n arkada\u015f\u0131, can dostu&#8230;Mekke&#8217;de do\u011fup b\u00fcy\u00fcd\u00fc. Cahiliye ortam\u0131nda bile \u00f6rnek g\u00f6sterilen bir hayat ya\u015fad\u0131.Peygamberimizle gen\u00e7lik y\u0131llar\u0131nda arkada\u015f oldu. Efendimiz, peygamber oldu\u011funu s\u00f6yledi\u011finde en k\u00fc\u00e7\u00fck bir teredd\u00fct g\u00f6stermeden iman etti.E\u015fsiz bir samimiyet ve sadakatle Isl\u00e2m&#8217;a ba\u011fland\u0131. Isl\u00e2m Peygamberi i\u00e7in defalarca can\u0131n\u0131 ortaya koydu. Hayat\u0131n\u0131n sonuna kadar yan\u0131ndan ayr\u0131lmad\u0131.Onunla birlikte Medine&#8217;ye hicret etti.Allah ve Peygamber a\u015fk\u0131n\u0131 ci\u011ferlerini yakacak kadar zirvede ya\u015fad\u0131. Mal\u0131, can\u0131 ve b\u00fct\u00fcn imkanlar\u0131yla O&#8217;na destek oldu. Iyilik yar\u0131\u015f\u0131nda her zaman en \u00f6nde oldu.Peygamberimiz vefat edince Isl\u00e2m&#8217;\u0131n ilk halifesi oldu. Iki y\u0131l sonra da Rabbine kavu\u015ftu.<\/p>\n","protected":false},"excerpt":{"rendered":"<p>\u0130slam&#8217;\u0131n ilk halifesi&#8230;Peygamberimizin en yak\u0131n arkada\u015f\u0131, can dostu&#8230;Mekke&#8217;de do\u011fup b\u00fcy\u00fcd\u00fc. Cahiliye ortam\u0131nda bile \u00f6rnek g\u00f6sterilen bir hayat ya\u015fad\u0131.Peygamberimizle gen\u00e7lik y\u0131llar\u0131nda arkada\u015f oldu. Efendimiz, peygamber oldu\u011funu s\u00f6yledi\u011finde<span class=\"excerpt-hellip\"> [\u2026]<\/span><\/p>\n","protected":false},"featured_media":0,"template":"","meta":{"_monsterinsights_skip_tracking":false,"_monsterinsights_sitenote_active":false,"_monsterinsights_sitenote_note":"","_monsterinsights_sitenote_category":0},"product_brand":[],"product_cat":[12274,18802],"product_tag":[],"class_list":{"0":"post-727975","1":"product","2":"type-product","3":"status-publish","5":"product_cat-cocuk-ve-genclik-kitaplari","6":"product_cat-din-egitimi","7":"pa_cilt-ciltsiz","8":"pa_tur-kitap","9":"pa_yayinevi-ugurbocegi-yayinlari","10":"pa_yazar-abdullah-kara-hilal-kara","12":"first","13":"instock","14":"sale","15":"shipping-taxable","16":"purchasable","17":"product-type-simple"},"_links":{"self":[{"href":"https:\/\/roveyayinevi.com.tr\/index.php\/wp-json\/wp\/v2\/product\/727975","targetHints":{"allow":["GET"]}}],"collection":[{"href":"https:\/\/roveyayinevi.com.tr\/index.php\/wp-json\/wp\/v2\/product"}],"about":[{"href":"https:\/\/roveyayinevi.com.tr\/index.php\/wp-json\/wp\/v2\/types\/product"}],"wp:attachment":[{"href":"https:\/\/roveyayinevi.com.tr\/index.php\/wp-json\/wp\/v2\/media?parent=727975"}],"wp:term":[{"taxonomy":"product_brand","embeddable":true,"href":"https:\/\/roveyayinevi.com.tr\/index.php\/wp-json\/wp\/v2\/product_brand?post=727975"},{"taxonomy":"product_cat","embeddable":true,"href":"https:\/\/roveyayinevi.com.tr\/index.php\/wp-json\/wp\/v2\/product_cat?post=727975"},{"taxonomy":"product_tag","embeddable":true,"href":"https:\/\/roveyayinevi.com.tr\/index.php\/wp-json\/wp\/v2\/product_tag?post=727975"}],"curies":[{"name":"wp","href":"https:\/\/api.w.org\/{rel}","templated":true}]}}