{"id":727974,"date":"2025-08-27T20:31:17","date_gmt":"2025-08-27T17:31:17","guid":{"rendered":"https:\/\/roveyayinevi.com.tr\/index.php\/urun\/ornek-insanlar-dizisi-6-kitap-takim\/"},"modified":"2026-04-16T02:35:50","modified_gmt":"2026-04-15T23:35:50","slug":"ornek-insanlar-dizisi-6-kitap-takim","status":"publish","type":"product","link":"https:\/\/roveyayinevi.com.tr\/index.php\/urun\/ornek-insanlar-dizisi-6-kitap-takim\/","title":{"rendered":"\u00d6rnek \u0130nsanlar Dizisi (6 Kitap Tak\u0131m)"},"content":{"rendered":"<p>Set i\u00e7eri\u011fi;- Aliya \u0130zzetbegovi\u00e7- \u015eeyh \u015eamil- \u00d6mer Muhtar- Malcom X- Yusuf \u0130slam- Muhammed Ali<\/p>\n","protected":false},"excerpt":{"rendered":"<p>Set i\u00e7eri\u011fi;- Aliya \u0130zzetbegovi\u00e7- \u015eeyh \u015eamil- \u00d6mer Muhtar- Malcom X- Yusuf \u0130slam- Muhammed Ali<\/p>\n","protected":false},"featured_media":0,"template":"","meta":{"_monsterinsights_skip_tracking":false,"_monsterinsights_sitenote_active":false,"_monsterinsights_sitenote_note":"","_monsterinsights_sitenote_category":0},"product_brand":[],"product_cat":[14009,12291],"product_tag":[],"class_list":{"0":"post-727974","1":"product","2":"type-product","3":"status-publish","5":"product_cat-biyografi-otobiyografi-edebiyat","6":"product_cat-edebiyat","7":"pa_cilt-ciltsiz","8":"pa_tur-kitap","9":"pa_yayinevi-ugurbocegi-yayinlari","10":"pa_yazar-sevgi-basman","12":"first","13":"instock","14":"sale","15":"shipping-taxable","16":"purchasable","17":"product-type-simple"},"_links":{"self":[{"href":"https:\/\/roveyayinevi.com.tr\/index.php\/wp-json\/wp\/v2\/product\/727974","targetHints":{"allow":["GET"]}}],"collection":[{"href":"https:\/\/roveyayinevi.com.tr\/index.php\/wp-json\/wp\/v2\/product"}],"about":[{"href":"https:\/\/roveyayinevi.com.tr\/index.php\/wp-json\/wp\/v2\/types\/product"}],"wp:attachment":[{"href":"https:\/\/roveyayinevi.com.tr\/index.php\/wp-json\/wp\/v2\/media?parent=727974"}],"wp:term":[{"taxonomy":"product_brand","embeddable":true,"href":"https:\/\/roveyayinevi.com.tr\/index.php\/wp-json\/wp\/v2\/product_brand?post=727974"},{"taxonomy":"product_cat","embeddable":true,"href":"https:\/\/roveyayinevi.com.tr\/index.php\/wp-json\/wp\/v2\/product_cat?post=727974"},{"taxonomy":"product_tag","embeddable":true,"href":"https:\/\/roveyayinevi.com.tr\/index.php\/wp-json\/wp\/v2\/product_tag?post=727974"}],"curies":[{"name":"wp","href":"https:\/\/api.w.org\/{rel}","templated":true}]}}