{"id":727968,"date":"2025-08-27T20:31:12","date_gmt":"2025-08-27T17:31:12","guid":{"rendered":"https:\/\/roveyayinevi.com.tr\/index.php\/urun\/fatih-sultan-mehmetle-istanbulun-fethi-sok-timi-1\/"},"modified":"2026-04-16T02:35:49","modified_gmt":"2026-04-15T23:35:49","slug":"fatih-sultan-mehmetle-istanbulun-fethi-sok-timi-1","status":"publish","type":"product","link":"https:\/\/roveyayinevi.com.tr\/index.php\/urun\/fatih-sultan-mehmetle-istanbulun-fethi-sok-timi-1\/","title":{"rendered":"Fatih Sultan Mehmet&#8217;le \u0130stanbul&#8217;un Fethi &#8211; \u015eok Timi 1"},"content":{"rendered":"<p>Fatih Sultan Mehmet\u2019le \u0130stanbul\u2019un fethine kat\u0131lmay\u0131 kim ister? G\u00fcn\u00fcm\u00fczde maketlerle yap\u0131lan canland\u0131rmalar\u0131na de\u011fil ama&#8230; Ya da \u00fc\u00e7 boyutlu animasyon filminin i\u00e7ine dalmak gibi de\u011fil\u2026Ger\u00e7ekten \u0130stanbul\u2019un fethinde Fatih Sultan Mehmet\u2019le omuz omuza m\u00fccadele etmek; Ak\u015femseddin\u2019le, Ulubatl\u0131 Hasan\u2019la, Za\u011fanos Pa\u015fa\u2019yla ve Peygamber Efendimizin kutlu m\u00fcjdesine nail olmak isteyen M\u00fcsl\u00fcman askerlerle tan\u0131\u015fmak\u2026Kendilerine \u015eOK T\u0130M\u0130 ad\u0131n\u0131 veren, senin benim gibi \u00fc\u00e7 gen\u00e7 \u015eevket, Orhan, K\u00e2mil ve onlar\u0131n ak\u0131l hocas\u0131 Timur Abi i\u015fte bunlar\u0131 birebir ya\u015f\u0131yorlar.Bir g\u00fcn nas\u0131l oldu\u011funu anlamadan, sur duvar\u0131ndan \u00e7\u0131kan bir \u0131\u015f\u0131\u011f\u0131n b\u00fcy\u00fcs\u00fcne kap\u0131l\u0131p farkl\u0131 bir \u00e2leme dal\u0131yorlar.Bizans\u2019\u0131n elindeki sur i\u00e7inde ba\u015flayan yolculuklar\u0131 sur d\u0131\u015f\u0131ndaki Osmanl\u0131 kararg\u00e2h\u0131na kadar s\u00fcr\u00fcyor. Ve bir fethin ger\u00e7ekle\u015fmesine \u015fahitlik ediyorlar. Bu zaman i\u00e7erisinde ise ba\u015flar\u0131na neler geliyor neler!<\/p>\n","protected":false},"excerpt":{"rendered":"<p>Fatih Sultan Mehmet\u2019le \u0130stanbul\u2019un fethine kat\u0131lmay\u0131 kim ister? G\u00fcn\u00fcm\u00fczde maketlerle yap\u0131lan canland\u0131rmalar\u0131na de\u011fil ama&#8230; Ya da \u00fc\u00e7 boyutlu animasyon filminin i\u00e7ine dalmak gibi de\u011fil\u2026Ger\u00e7ekten \u0130stanbul\u2019un fethinde<span class=\"excerpt-hellip\"> [\u2026]<\/span><\/p>\n","protected":false},"featured_media":0,"template":"","meta":{"_monsterinsights_skip_tracking":false,"_monsterinsights_sitenote_active":false,"_monsterinsights_sitenote_note":"","_monsterinsights_sitenote_category":0},"product_brand":[],"product_cat":[12274,12284],"product_tag":[],"class_list":{"0":"post-727968","1":"product","2":"type-product","3":"status-publish","5":"product_cat-cocuk-ve-genclik-kitaplari","6":"product_cat-hikayeler","7":"pa_cilt-ciltsiz","8":"pa_tur-kitap","9":"pa_yayinevi-ugurbocegi-yayinlari","10":"pa_yazar-muhiddin-yenigun","12":"first","13":"instock","14":"sale","15":"shipping-taxable","16":"purchasable","17":"product-type-simple"},"_links":{"self":[{"href":"https:\/\/roveyayinevi.com.tr\/index.php\/wp-json\/wp\/v2\/product\/727968","targetHints":{"allow":["GET"]}}],"collection":[{"href":"https:\/\/roveyayinevi.com.tr\/index.php\/wp-json\/wp\/v2\/product"}],"about":[{"href":"https:\/\/roveyayinevi.com.tr\/index.php\/wp-json\/wp\/v2\/types\/product"}],"wp:attachment":[{"href":"https:\/\/roveyayinevi.com.tr\/index.php\/wp-json\/wp\/v2\/media?parent=727968"}],"wp:term":[{"taxonomy":"product_brand","embeddable":true,"href":"https:\/\/roveyayinevi.com.tr\/index.php\/wp-json\/wp\/v2\/product_brand?post=727968"},{"taxonomy":"product_cat","embeddable":true,"href":"https:\/\/roveyayinevi.com.tr\/index.php\/wp-json\/wp\/v2\/product_cat?post=727968"},{"taxonomy":"product_tag","embeddable":true,"href":"https:\/\/roveyayinevi.com.tr\/index.php\/wp-json\/wp\/v2\/product_tag?post=727968"}],"curies":[{"name":"wp","href":"https:\/\/api.w.org\/{rel}","templated":true}]}}