{"id":727967,"date":"2025-08-27T20:31:12","date_gmt":"2025-08-27T17:31:12","guid":{"rendered":"https:\/\/roveyayinevi.com.tr\/index.php\/urun\/peygamberimiz-ve-ailesi-takim-7-kitap-takim\/"},"modified":"2026-04-16T02:35:49","modified_gmt":"2026-04-15T23:35:49","slug":"peygamberimiz-ve-ailesi-takim-7-kitap-takim","status":"publish","type":"product","link":"https:\/\/roveyayinevi.com.tr\/index.php\/urun\/peygamberimiz-ve-ailesi-takim-7-kitap-takim\/","title":{"rendered":"Peygamberimiz ve Ailesi Tak\u0131m (7 Kitap Tak\u0131m)"},"content":{"rendered":"<p>K\u00e2inat\u0131n Sultan\u0131, \u00e2lemlere rahmet Peygamber Efendimiz (aleyhissalat\u00fc vesselam)&#8230;Peygamberimizin sevgili e\u015fi, \u201cHan\u0131mlar Sultan\u0131\u201d Hz. Hatice (radiyallahu anha)&#8230;Efendimizin ilk k\u0131z\u0131, \u201cBabas\u0131n\u0131n S\u00fcs\u00fc\u201d Hz. Zeyneb (radiyallahu anha)&#8230;\u201cG\u00fcl\u2019\u00fcn \u0130ki Goncas\u0131\u201d Hz. Rukiyye ve Hz. \u00dcmm\u00fc G\u00fcls\u00fcm (radiyallahu anh\u00fcma)&#8230;Efendimizin en k\u00fc\u00e7\u00fck k\u0131z\u0131, Ehl-i Beyt\u2019in annesi Hz. Fat\u0131ma (radiyallahu anha)&#8230;.Peygamberimizin torunu, \u201cCennet Gen\u00e7lerinin Efendisi\u201d Hz. Hasan (radiyallahu anh)&#8230;Ve Efendimizin k\u00fc\u00e7\u00fck torunu, \u201cKerbela \u015eehidi\u201d Hz. H\u00fcseyin (radiyallahu anh)&#8230;Peygamber Efendimizin ve kutlu aile efrad\u0131n\u0131n \u00f6rnek hayat hik\u00e2yeleri, roman tad\u0131nda ve ak\u0131c\u0131 bir \u00fcslupla bu seride&#8230;<\/p>\n","protected":false},"excerpt":{"rendered":"<p>K\u00e2inat\u0131n Sultan\u0131, \u00e2lemlere rahmet Peygamber Efendimiz (aleyhissalat\u00fc vesselam)&#8230;Peygamberimizin sevgili e\u015fi, \u201cHan\u0131mlar Sultan\u0131\u201d Hz. Hatice (radiyallahu anha)&#8230;Efendimizin ilk k\u0131z\u0131, \u201cBabas\u0131n\u0131n S\u00fcs\u00fc\u201d Hz. Zeyneb (radiyallahu anha)&#8230;\u201cG\u00fcl\u2019\u00fcn \u0130ki Goncas\u0131\u201d<span class=\"excerpt-hellip\"> [\u2026]<\/span><\/p>\n","protected":false},"featured_media":0,"template":"","meta":{"_monsterinsights_skip_tracking":false,"_monsterinsights_sitenote_active":false,"_monsterinsights_sitenote_note":"","_monsterinsights_sitenote_category":0},"product_brand":[],"product_cat":[12274,18802],"product_tag":[],"class_list":{"0":"post-727967","1":"product","2":"type-product","3":"status-publish","5":"product_cat-cocuk-ve-genclik-kitaplari","6":"product_cat-din-egitimi","7":"pa_cilt-takim","8":"pa_tur-kitap","9":"pa_yayinevi-ugurbocegi-yayinlari","10":"pa_yazar-abdullah-kara-hilal-kara","12":"first","13":"instock","14":"sale","15":"shipping-taxable","16":"purchasable","17":"product-type-simple"},"_links":{"self":[{"href":"https:\/\/roveyayinevi.com.tr\/index.php\/wp-json\/wp\/v2\/product\/727967","targetHints":{"allow":["GET"]}}],"collection":[{"href":"https:\/\/roveyayinevi.com.tr\/index.php\/wp-json\/wp\/v2\/product"}],"about":[{"href":"https:\/\/roveyayinevi.com.tr\/index.php\/wp-json\/wp\/v2\/types\/product"}],"wp:attachment":[{"href":"https:\/\/roveyayinevi.com.tr\/index.php\/wp-json\/wp\/v2\/media?parent=727967"}],"wp:term":[{"taxonomy":"product_brand","embeddable":true,"href":"https:\/\/roveyayinevi.com.tr\/index.php\/wp-json\/wp\/v2\/product_brand?post=727967"},{"taxonomy":"product_cat","embeddable":true,"href":"https:\/\/roveyayinevi.com.tr\/index.php\/wp-json\/wp\/v2\/product_cat?post=727967"},{"taxonomy":"product_tag","embeddable":true,"href":"https:\/\/roveyayinevi.com.tr\/index.php\/wp-json\/wp\/v2\/product_tag?post=727967"}],"curies":[{"name":"wp","href":"https:\/\/api.w.org\/{rel}","templated":true}]}}