{"id":727966,"date":"2025-08-27T20:31:11","date_gmt":"2025-08-27T17:31:11","guid":{"rendered":"https:\/\/roveyayinevi.com.tr\/index.php\/urun\/ehl-i-beytin-annesi-hz-fatima\/"},"modified":"2026-04-16T02:35:49","modified_gmt":"2026-04-15T23:35:49","slug":"ehl-i-beytin-annesi-hz-fatima","status":"publish","type":"product","link":"https:\/\/roveyayinevi.com.tr\/index.php\/urun\/ehl-i-beytin-annesi-hz-fatima\/","title":{"rendered":"Ehl-i Beyt&#8217;in Annesi Hz. Fat\u0131ma"},"content":{"rendered":"<p>Hz. F\u00e2t\u0131ma, Allah\u2019\u0131n onu ve sevenlerini cehennemden korudu\u011fu Can Par\u00e7as\u0131&#8230;O, Efendimizin hakk\u0131nda \u201cSenin sevdi\u011fini Allah da sever, senin k\u0131zd\u0131\u011f\u0131na Allah da k\u0131zar\u201d buyurdu\u011fu bahtiyar han\u0131m&#8230;O, Efendimizin Zehr\u00e2\u2019s\u0131, son \u00e7i\u00e7e\u011fi&#8230; K\u0131zlar\u0131n\u0131n en k\u00fc\u00e7\u00fc\u011f\u00fc&#8230;O, m\u00e2sivadan y\u00fcz \u00e7evirip Allah\u2019a y\u00f6nelen, kendini ibadete adayan Bet\u00fcl&#8230;O, b\u00fct\u00fcn k\u00f6t\u00fcl\u00fcklerden ar\u0131nm\u0131\u015f T\u00e2hire&#8230;O, Peygamber neslini devam ettiren Nur&#8230; Ehl-i Beyt\u2019in annesi&#8230;Cennet gen\u00e7lerinin efendileri Hz. Hasan ve Hz. H\u00fcseyin\u2019in anneleri&#8230;Rahmet ve \u015fefkat p\u0131nar\u0131ndan kana kana i\u00e7en, \u0130slam dava ve davetine adanan ruh&#8230;Sade ve m\u00fctevaz\u0131 ya\u015fam\u0131yla \u00fcmmetin han\u0131mlar\u0131na \u00f6rnek&#8230;En Sevgili\u2019nin kendisini \u00fcmmetine \u201cF\u00e2t\u0131ma benden bir par\u00e7ad\u0131r. Onu seven beni sevmi\u015f, ona d\u00fc\u015fmanl\u0131k eden bana da d\u00fc\u015fmanl\u0131k etmi\u015f olur\u201d s\u00f6zleriyle tan\u0131tt\u0131\u011f\u0131 gonca&#8230;Cennet han\u0131mlar\u0131n\u0131n seyyidesi&#8230;Bu kitap, Hz. F\u00e2t\u0131ma\u2019n\u0131n hayat\u0131n\u0131, edep ve hay\u00e2s\u0131n\u0131, d\u00fcnyan\u0131n cazibesine kap\u0131lmadan e\u015fsiz bir dava bilinciyle ya\u015fay\u0131p bu bilin\u00e7le sonsuzlu\u011fa y\u00fcr\u00fcy\u00fc\u015f\u00fcn\u00fc anlat\u0131yor.<\/p>\n","protected":false},"excerpt":{"rendered":"<p>Hz. F\u00e2t\u0131ma, Allah\u2019\u0131n onu ve sevenlerini cehennemden korudu\u011fu Can Par\u00e7as\u0131&#8230;O, Efendimizin hakk\u0131nda \u201cSenin sevdi\u011fini Allah da sever, senin k\u0131zd\u0131\u011f\u0131na Allah da k\u0131zar\u201d buyurdu\u011fu bahtiyar han\u0131m&#8230;O, Efendimizin<span class=\"excerpt-hellip\"> [\u2026]<\/span><\/p>\n","protected":false},"featured_media":0,"template":"","meta":{"_monsterinsights_skip_tracking":false,"_monsterinsights_sitenote_active":false,"_monsterinsights_sitenote_note":"","_monsterinsights_sitenote_category":0},"product_brand":[],"product_cat":[18094,12718,12719],"product_tag":[],"class_list":{"0":"post-727966","1":"product","2":"type-product","3":"status-publish","5":"product_cat-biyografi-otobiyografi-islam","6":"product_cat-din","7":"product_cat-islam","8":"pa_cilt-ciltsiz","9":"pa_tur-kitap","10":"pa_yayinevi-ugurbocegi-yayinlari","11":"pa_yazar-abdullah-kara-hilal-kara","13":"first","14":"instock","15":"sale","16":"shipping-taxable","17":"purchasable","18":"product-type-simple"},"_links":{"self":[{"href":"https:\/\/roveyayinevi.com.tr\/index.php\/wp-json\/wp\/v2\/product\/727966","targetHints":{"allow":["GET"]}}],"collection":[{"href":"https:\/\/roveyayinevi.com.tr\/index.php\/wp-json\/wp\/v2\/product"}],"about":[{"href":"https:\/\/roveyayinevi.com.tr\/index.php\/wp-json\/wp\/v2\/types\/product"}],"wp:attachment":[{"href":"https:\/\/roveyayinevi.com.tr\/index.php\/wp-json\/wp\/v2\/media?parent=727966"}],"wp:term":[{"taxonomy":"product_brand","embeddable":true,"href":"https:\/\/roveyayinevi.com.tr\/index.php\/wp-json\/wp\/v2\/product_brand?post=727966"},{"taxonomy":"product_cat","embeddable":true,"href":"https:\/\/roveyayinevi.com.tr\/index.php\/wp-json\/wp\/v2\/product_cat?post=727966"},{"taxonomy":"product_tag","embeddable":true,"href":"https:\/\/roveyayinevi.com.tr\/index.php\/wp-json\/wp\/v2\/product_tag?post=727966"}],"curies":[{"name":"wp","href":"https:\/\/api.w.org\/{rel}","templated":true}]}}