{"id":727965,"date":"2025-08-27T20:31:10","date_gmt":"2025-08-27T17:31:10","guid":{"rendered":"https:\/\/roveyayinevi.com.tr\/index.php\/urun\/ebu-ubeyde-bin-cerrah-ra\/"},"modified":"2026-04-16T02:35:49","modified_gmt":"2026-04-15T23:35:49","slug":"ebu-ubeyde-bin-cerrah-ra","status":"publish","type":"product","link":"https:\/\/roveyayinevi.com.tr\/index.php\/urun\/ebu-ubeyde-bin-cerrah-ra\/","title":{"rendered":"Ebu Ubeyde Bin Cerrah (ra)"},"content":{"rendered":"<p>Mekkeli fakir bir ailenin \u00e7ocu\u011fu olan Ebu Ubeyde, ge\u00e7imini mezar kazarak sa\u011flard\u0131. Otuz ya\u015flar\u0131nda \u0130slam&#8217;la \u015fereflenince hayat\u0131 anlam kazand\u0131. Ho\u015fg\u00f6r\u00fcs\u00fc, tevazusu ve uzla\u015fmac\u0131 tavr\u0131yla \u00f6ne \u00e7\u0131kan sahabi, Hz. Peygamber&#8217;i Ya Rasulallah! Birka\u00e7 haftal\u0131\u011f\u0131na da olsa senden ayr\u0131 kalmaya dayanamam diyecek kadar \u00e7ok severdi. Uhud&#8217;da bedenini Hz. Peygamber&#8217;e siper ederek can\u0131n\u0131 ortaya koydu.Pek \u00e7ok sava\u015fta komutanl\u0131k yapt\u0131. Cihad meydanlar\u0131nda kahraman bir asker, okulda \u00f6\u011fretmendi. Hz. Peygamber \u0130slam&#8217;\u0131 \u00f6\u011frenmek isteyen bir\u00e7ok ki\u015fiyi ona g\u00f6nderdi. Hz. Ebu Bekir halife olup onu ordu komutan\u0131 yapt\u0131\u011f\u0131nda er olmay\u0131 \u015feref sayacak kadar m\u00fctevaz\u0131 biriydi. Zekat memurlu\u011fu, valilik, maliye bakanl\u0131\u011f\u0131 ve ba\u015fkomutanl\u0131k gibi \u00e7ok \u00f6nemli g\u00f6revler yapt\u0131.<\/p>\n","protected":false},"excerpt":{"rendered":"<p>Mekkeli fakir bir ailenin \u00e7ocu\u011fu olan Ebu Ubeyde, ge\u00e7imini mezar kazarak sa\u011flard\u0131. Otuz ya\u015flar\u0131nda \u0130slam&#8217;la \u015fereflenince hayat\u0131 anlam kazand\u0131. Ho\u015fg\u00f6r\u00fcs\u00fc, tevazusu ve uzla\u015fmac\u0131 tavr\u0131yla \u00f6ne \u00e7\u0131kan<span class=\"excerpt-hellip\"> [\u2026]<\/span><\/p>\n","protected":false},"featured_media":0,"template":"","meta":{"_monsterinsights_skip_tracking":false,"_monsterinsights_sitenote_active":false,"_monsterinsights_sitenote_note":"","_monsterinsights_sitenote_category":0},"product_brand":[],"product_cat":[12274,18802],"product_tag":[],"class_list":{"0":"post-727965","1":"product","2":"type-product","3":"status-publish","5":"product_cat-cocuk-ve-genclik-kitaplari","6":"product_cat-din-egitimi","7":"pa_cilt-ciltsiz","8":"pa_tur-kitap","9":"pa_yayinevi-ugurbocegi-yayinlari","10":"pa_yazar-abdullah-kara-hilal-kara","12":"first","13":"instock","14":"sale","15":"shipping-taxable","16":"purchasable","17":"product-type-simple"},"_links":{"self":[{"href":"https:\/\/roveyayinevi.com.tr\/index.php\/wp-json\/wp\/v2\/product\/727965","targetHints":{"allow":["GET"]}}],"collection":[{"href":"https:\/\/roveyayinevi.com.tr\/index.php\/wp-json\/wp\/v2\/product"}],"about":[{"href":"https:\/\/roveyayinevi.com.tr\/index.php\/wp-json\/wp\/v2\/types\/product"}],"wp:attachment":[{"href":"https:\/\/roveyayinevi.com.tr\/index.php\/wp-json\/wp\/v2\/media?parent=727965"}],"wp:term":[{"taxonomy":"product_brand","embeddable":true,"href":"https:\/\/roveyayinevi.com.tr\/index.php\/wp-json\/wp\/v2\/product_brand?post=727965"},{"taxonomy":"product_cat","embeddable":true,"href":"https:\/\/roveyayinevi.com.tr\/index.php\/wp-json\/wp\/v2\/product_cat?post=727965"},{"taxonomy":"product_tag","embeddable":true,"href":"https:\/\/roveyayinevi.com.tr\/index.php\/wp-json\/wp\/v2\/product_tag?post=727965"}],"curies":[{"name":"wp","href":"https:\/\/api.w.org\/{rel}","templated":true}]}}