{"id":727964,"date":"2025-08-27T20:31:09","date_gmt":"2025-08-27T17:31:09","guid":{"rendered":"https:\/\/roveyayinevi.com.tr\/index.php\/urun\/sad-bin-ebi-vakkas-ra\/"},"modified":"2026-04-16T02:35:49","modified_gmt":"2026-04-15T23:35:49","slug":"sad-bin-ebi-vakkas-ra","status":"publish","type":"product","link":"https:\/\/roveyayinevi.com.tr\/index.php\/urun\/sad-bin-ebi-vakkas-ra\/","title":{"rendered":"Sa&#8217;d Bin Ebi Vakkas (ra)"},"content":{"rendered":"<p>\u0130lk M\u00fcsl\u00fcmanlardand\u0131. Namaz k\u0131lanlardan etkilenip gen\u00e7 ya\u015fta M\u00fcsl\u00fcman olmu\u015ftu. \u0130slam&#8217;la \u015fereflenince k\u00f6t\u00fc al\u0131\u015fkanl\u0131klar\u0131ndan bir bir kurtularak \u00f6rnek g\u00f6sterilen gen\u00e7ler aras\u0131na kat\u0131ld\u0131. En \u00e7ok sevdi\u011fi \u015fey ok atmakt\u0131. Att\u0131\u011f\u0131 ok hedefini asla \u015fa\u015fmazd\u0131. Mekke&#8217;de Hz. Peygamber&#8217;i m\u00fc\u015friklere kar\u015f\u0131 yi\u011fit\u00e7e korurken; Bedir, Uhud ve di\u011fer sava\u015flarda yine O&#8217;nun yan\u0131 ba\u015f\u0131ndayd\u0131. Att\u0131\u011f\u0131 oklarla d\u00fc\u015fmana g\u00f6z a\u00e7t\u0131rmay\u0131p kahramanl\u0131k destanlar\u0131 yazd\u0131.M\u00fcsl\u00fcmanlar\u0131 \u00e7ok sever, hi\u00e7biri hakk\u0131nda olumsuz \u015feyler d\u00fc\u015f\u00fcnmezdi. Ahlak\u0131 ve cesaretiyle kalplerde taht kuran sahabi, Hz. Ebu Bekir&#8217;in halifeli\u011fi d\u00f6neminde pek \u00e7ok hizmetlerde bulundu. Hz. \u00d6mer d\u00f6neminde Irak ordular\u0131 ba\u015fkomutan\u0131 olarak zaferden zafere ko\u015ftu. Sava\u015ftan sonra Irak genel valili\u011fi gibi bir\u00e7ok \u00f6nemli hizmetlerde bulundu.<\/p>\n","protected":false},"excerpt":{"rendered":"<p>\u0130lk M\u00fcsl\u00fcmanlardand\u0131. Namaz k\u0131lanlardan etkilenip gen\u00e7 ya\u015fta M\u00fcsl\u00fcman olmu\u015ftu. \u0130slam&#8217;la \u015fereflenince k\u00f6t\u00fc al\u0131\u015fkanl\u0131klar\u0131ndan bir bir kurtularak \u00f6rnek g\u00f6sterilen gen\u00e7ler aras\u0131na kat\u0131ld\u0131. En \u00e7ok sevdi\u011fi \u015fey ok<span class=\"excerpt-hellip\"> [\u2026]<\/span><\/p>\n","protected":false},"featured_media":0,"template":"","meta":{"_monsterinsights_skip_tracking":false,"_monsterinsights_sitenote_active":false,"_monsterinsights_sitenote_note":"","_monsterinsights_sitenote_category":0},"product_brand":[],"product_cat":[12274,18802],"product_tag":[],"class_list":{"0":"post-727964","1":"product","2":"type-product","3":"status-publish","5":"product_cat-cocuk-ve-genclik-kitaplari","6":"product_cat-din-egitimi","7":"pa_cilt-ciltsiz","8":"pa_tur-kitap","9":"pa_yayinevi-ugurbocegi-yayinlari","10":"pa_yazar-abdullah-kara-hilal-kara","12":"first","13":"instock","14":"sale","15":"shipping-taxable","16":"purchasable","17":"product-type-simple"},"_links":{"self":[{"href":"https:\/\/roveyayinevi.com.tr\/index.php\/wp-json\/wp\/v2\/product\/727964","targetHints":{"allow":["GET"]}}],"collection":[{"href":"https:\/\/roveyayinevi.com.tr\/index.php\/wp-json\/wp\/v2\/product"}],"about":[{"href":"https:\/\/roveyayinevi.com.tr\/index.php\/wp-json\/wp\/v2\/types\/product"}],"wp:attachment":[{"href":"https:\/\/roveyayinevi.com.tr\/index.php\/wp-json\/wp\/v2\/media?parent=727964"}],"wp:term":[{"taxonomy":"product_brand","embeddable":true,"href":"https:\/\/roveyayinevi.com.tr\/index.php\/wp-json\/wp\/v2\/product_brand?post=727964"},{"taxonomy":"product_cat","embeddable":true,"href":"https:\/\/roveyayinevi.com.tr\/index.php\/wp-json\/wp\/v2\/product_cat?post=727964"},{"taxonomy":"product_tag","embeddable":true,"href":"https:\/\/roveyayinevi.com.tr\/index.php\/wp-json\/wp\/v2\/product_tag?post=727964"}],"curies":[{"name":"wp","href":"https:\/\/api.w.org\/{rel}","templated":true}]}}