{"id":727962,"date":"2025-08-27T20:31:08","date_gmt":"2025-08-27T17:31:08","guid":{"rendered":"https:\/\/roveyayinevi.com.tr\/index.php\/urun\/dino-avcisi-4-dinozor-cagi\/"},"modified":"2026-04-16T02:35:49","modified_gmt":"2026-04-15T23:35:49","slug":"dino-avcisi-4-dinozor-cagi","status":"publish","type":"product","link":"https:\/\/roveyayinevi.com.tr\/index.php\/urun\/dino-avcisi-4-dinozor-cagi\/","title":{"rendered":"Dino Avc\u0131s\u0131 4: Dinozor \u00c7a\u011f\u0131"},"content":{"rendered":"<p>Dino Avc\u0131s\u0131 Mike ve arkada\u015flar\u0131, \u201czaman kap\u0131s\u0131\u201dyla Dinozor \u00c7a\u011f\u0131\u2019na ge\u00e7i\u015f yap\u0131yorlar. Mike ve arkada\u015flar\u0131 ge\u00e7mi\u015fe yapt\u0131klar\u0131 bu yolculukta hayatta kalabilecekler mi? Ve kendi zamanlar\u0131na geri d\u00f6nebilecekler mi? Yolculuklar\u0131 s\u0131ras\u0131nda kar\u015f\u0131la\u015ft\u0131klar\u0131 dinozorlarla nas\u0131l ba\u015f edecekler?<\/p>\n","protected":false},"excerpt":{"rendered":"<p>Dino Avc\u0131s\u0131 Mike ve arkada\u015flar\u0131, \u201czaman kap\u0131s\u0131\u201dyla Dinozor \u00c7a\u011f\u0131\u2019na ge\u00e7i\u015f yap\u0131yorlar. Mike ve arkada\u015flar\u0131 ge\u00e7mi\u015fe yapt\u0131klar\u0131 bu yolculukta hayatta kalabilecekler mi? Ve kendi zamanlar\u0131na geri d\u00f6nebilecekler<span class=\"excerpt-hellip\"> [\u2026]<\/span><\/p>\n","protected":false},"featured_media":0,"template":"","meta":{"_monsterinsights_skip_tracking":false,"_monsterinsights_sitenote_active":false,"_monsterinsights_sitenote_note":"","_monsterinsights_sitenote_category":0},"product_brand":[],"product_cat":[12274,12284],"product_tag":[],"class_list":{"0":"post-727962","1":"product","2":"type-product","3":"status-publish","5":"product_cat-cocuk-ve-genclik-kitaplari","6":"product_cat-hikayeler","7":"pa_cilt-ciltsiz","8":"pa_tur-kitap","9":"pa_yayinevi-ugurbocegi-yayinlari","10":"pa_yazar-franco-aureliani","12":"first","13":"instock","14":"sale","15":"shipping-taxable","16":"purchasable","17":"product-type-simple"},"_links":{"self":[{"href":"https:\/\/roveyayinevi.com.tr\/index.php\/wp-json\/wp\/v2\/product\/727962","targetHints":{"allow":["GET"]}}],"collection":[{"href":"https:\/\/roveyayinevi.com.tr\/index.php\/wp-json\/wp\/v2\/product"}],"about":[{"href":"https:\/\/roveyayinevi.com.tr\/index.php\/wp-json\/wp\/v2\/types\/product"}],"wp:attachment":[{"href":"https:\/\/roveyayinevi.com.tr\/index.php\/wp-json\/wp\/v2\/media?parent=727962"}],"wp:term":[{"taxonomy":"product_brand","embeddable":true,"href":"https:\/\/roveyayinevi.com.tr\/index.php\/wp-json\/wp\/v2\/product_brand?post=727962"},{"taxonomy":"product_cat","embeddable":true,"href":"https:\/\/roveyayinevi.com.tr\/index.php\/wp-json\/wp\/v2\/product_cat?post=727962"},{"taxonomy":"product_tag","embeddable":true,"href":"https:\/\/roveyayinevi.com.tr\/index.php\/wp-json\/wp\/v2\/product_tag?post=727962"}],"curies":[{"name":"wp","href":"https:\/\/api.w.org\/{rel}","templated":true}]}}