{"id":727961,"date":"2025-08-27T20:31:07","date_gmt":"2025-08-27T17:31:07","guid":{"rendered":"https:\/\/roveyayinevi.com.tr\/index.php\/urun\/said-bin-zeyd-ra\/"},"modified":"2026-04-16T02:35:49","modified_gmt":"2026-04-15T23:35:49","slug":"said-bin-zeyd-ra","status":"publish","type":"product","link":"https:\/\/roveyayinevi.com.tr\/index.php\/urun\/said-bin-zeyd-ra\/","title":{"rendered":"Said Bin Zeyd (ra)"},"content":{"rendered":"<p>Mekke haniflerinden Zeyd bin Amr&#8217;\u0131n o\u011fluydu. \u00c7ocuklu\u011funu, babas\u0131n\u0131n putperestli\u011fe kar\u015f\u0131 verdi\u011fi tevhit m\u00fccadelesine destek olmakla ge\u00e7irdi. Peygamberimizin insanlar\u0131 \u0130slam&#8217;a davet etti\u011fini duydu\u011funda hi\u00e7 sorgulamadan iman etti ve ilk M\u00fcsl\u00fcmanlardan oldu. Sevgili Peygamberimizden bir an olsun ayr\u0131lmayan bir iman eriydi. Namazlardan sonra bir s\u00fcre Mescid-i Nebev\u00ee&#8217;de oturur, Hz. Peygamber&#8217;i dinler, hal ve hareketlerini izler, ahlak\u0131yla ahlaklan\u0131rd\u0131.Samimi ve fedakar bir M\u00fcsl\u00fcmand\u0131. \u0130nsanlar\u0131 sever, yard\u0131mlar\u0131na ko\u015fmaktan zevk al\u0131rd\u0131. Bu nedenle her zaman sevilen, h\u00fcrmet edilen ve \u00f6rnek al\u0131nan bir insan oldu. \u0130slam davet m\u00fccadelesine var g\u00fcc\u00fcyle destek olan sahabi, halifeler d\u00f6neminde cepheden cepheye ko\u015farak \u0130slam&#8217;la insanl\u0131\u011f\u0131 bulu\u015fturma gayreti i\u00e7inde oldu.<\/p>\n","protected":false},"excerpt":{"rendered":"<p>Mekke haniflerinden Zeyd bin Amr&#8217;\u0131n o\u011fluydu. \u00c7ocuklu\u011funu, babas\u0131n\u0131n putperestli\u011fe kar\u015f\u0131 verdi\u011fi tevhit m\u00fccadelesine destek olmakla ge\u00e7irdi. Peygamberimizin insanlar\u0131 \u0130slam&#8217;a davet etti\u011fini duydu\u011funda hi\u00e7 sorgulamadan iman etti<span class=\"excerpt-hellip\"> [\u2026]<\/span><\/p>\n","protected":false},"featured_media":0,"template":"","meta":{"_monsterinsights_skip_tracking":false,"_monsterinsights_sitenote_active":false,"_monsterinsights_sitenote_note":"","_monsterinsights_sitenote_category":0},"product_brand":[],"product_cat":[12274,18802],"product_tag":[],"class_list":{"0":"post-727961","1":"product","2":"type-product","3":"status-publish","5":"product_cat-cocuk-ve-genclik-kitaplari","6":"product_cat-din-egitimi","7":"pa_cilt-ciltsiz","8":"pa_tur-kitap","9":"pa_yayinevi-ugurbocegi-yayinlari","10":"pa_yazar-abdullah-kara-hilal-kara","12":"first","13":"instock","14":"sale","15":"shipping-taxable","16":"purchasable","17":"product-type-simple"},"_links":{"self":[{"href":"https:\/\/roveyayinevi.com.tr\/index.php\/wp-json\/wp\/v2\/product\/727961","targetHints":{"allow":["GET"]}}],"collection":[{"href":"https:\/\/roveyayinevi.com.tr\/index.php\/wp-json\/wp\/v2\/product"}],"about":[{"href":"https:\/\/roveyayinevi.com.tr\/index.php\/wp-json\/wp\/v2\/types\/product"}],"wp:attachment":[{"href":"https:\/\/roveyayinevi.com.tr\/index.php\/wp-json\/wp\/v2\/media?parent=727961"}],"wp:term":[{"taxonomy":"product_brand","embeddable":true,"href":"https:\/\/roveyayinevi.com.tr\/index.php\/wp-json\/wp\/v2\/product_brand?post=727961"},{"taxonomy":"product_cat","embeddable":true,"href":"https:\/\/roveyayinevi.com.tr\/index.php\/wp-json\/wp\/v2\/product_cat?post=727961"},{"taxonomy":"product_tag","embeddable":true,"href":"https:\/\/roveyayinevi.com.tr\/index.php\/wp-json\/wp\/v2\/product_tag?post=727961"}],"curies":[{"name":"wp","href":"https:\/\/api.w.org\/{rel}","templated":true}]}}