{"id":727960,"date":"2025-08-27T20:31:06","date_gmt":"2025-08-27T17:31:06","guid":{"rendered":"https:\/\/roveyayinevi.com.tr\/index.php\/urun\/dino-avcisi-1-dinozor-saldirisi\/"},"modified":"2026-04-16T02:35:49","modified_gmt":"2026-04-15T23:35:49","slug":"dino-avcisi-1-dinozor-saldirisi","status":"publish","type":"product","link":"https:\/\/roveyayinevi.com.tr\/index.php\/urun\/dino-avcisi-1-dinozor-saldirisi\/","title":{"rendered":"Dino Avc\u0131s\u0131 1: Dinozor Sald\u0131r\u0131s\u0131"},"content":{"rendered":"<p>Dino Avc\u0131s\u0131 Mike, fosilbilim uzman\u0131 babas\u0131yla d\u00fcnyay\u0131 dola\u015f\u0131yor. Babas\u0131 dinozor kemikleri i\u00e7in kaz\u0131 yaparken, Mike ger\u00e7ek bir Tiranozor ile kar\u015f\u0131la\u015f\u0131yor.Ger\u00e7ek olmas\u0131 imkans\u0131z olan bu \u015feyin izini s\u00fcrerken, bu dinozorun nereden ve nas\u0131l geldi\u011fini bilen biri kar\u015f\u0131s\u0131na \u00e7\u0131k\u0131yor. Sonras\u0131nda ya\u015fad\u0131klar\u0131 hayli ilgin\u00e7 ve heyecan dolu&#8230;.<\/p>\n","protected":false},"excerpt":{"rendered":"<p>Dino Avc\u0131s\u0131 Mike, fosilbilim uzman\u0131 babas\u0131yla d\u00fcnyay\u0131 dola\u015f\u0131yor. Babas\u0131 dinozor kemikleri i\u00e7in kaz\u0131 yaparken, Mike ger\u00e7ek bir Tiranozor ile kar\u015f\u0131la\u015f\u0131yor.Ger\u00e7ek olmas\u0131 imkans\u0131z olan bu \u015feyin izini<span class=\"excerpt-hellip\"> [\u2026]<\/span><\/p>\n","protected":false},"featured_media":0,"template":"","meta":{"_monsterinsights_skip_tracking":false,"_monsterinsights_sitenote_active":false,"_monsterinsights_sitenote_note":"","_monsterinsights_sitenote_category":0},"product_brand":[],"product_cat":[12274,12284],"product_tag":[],"class_list":{"0":"post-727960","1":"product","2":"type-product","3":"status-publish","5":"product_cat-cocuk-ve-genclik-kitaplari","6":"product_cat-hikayeler","7":"pa_cilt-ciltsiz","8":"pa_tur-kitap","9":"pa_yayinevi-ugurbocegi-yayinlari","10":"pa_yazar-franco-aureliani","12":"first","13":"instock","14":"sale","15":"shipping-taxable","16":"purchasable","17":"product-type-simple"},"_links":{"self":[{"href":"https:\/\/roveyayinevi.com.tr\/index.php\/wp-json\/wp\/v2\/product\/727960","targetHints":{"allow":["GET"]}}],"collection":[{"href":"https:\/\/roveyayinevi.com.tr\/index.php\/wp-json\/wp\/v2\/product"}],"about":[{"href":"https:\/\/roveyayinevi.com.tr\/index.php\/wp-json\/wp\/v2\/types\/product"}],"wp:attachment":[{"href":"https:\/\/roveyayinevi.com.tr\/index.php\/wp-json\/wp\/v2\/media?parent=727960"}],"wp:term":[{"taxonomy":"product_brand","embeddable":true,"href":"https:\/\/roveyayinevi.com.tr\/index.php\/wp-json\/wp\/v2\/product_brand?post=727960"},{"taxonomy":"product_cat","embeddable":true,"href":"https:\/\/roveyayinevi.com.tr\/index.php\/wp-json\/wp\/v2\/product_cat?post=727960"},{"taxonomy":"product_tag","embeddable":true,"href":"https:\/\/roveyayinevi.com.tr\/index.php\/wp-json\/wp\/v2\/product_tag?post=727960"}],"curies":[{"name":"wp","href":"https:\/\/api.w.org\/{rel}","templated":true}]}}