{"id":727959,"date":"2025-08-27T20:31:05","date_gmt":"2025-08-27T17:31:05","guid":{"rendered":"https:\/\/roveyayinevi.com.tr\/index.php\/urun\/said-nursinin-muhtesem-hayatindan-hatiralar-1\/"},"modified":"2026-04-16T02:35:49","modified_gmt":"2026-04-15T23:35:49","slug":"said-nursinin-muhtesem-hayatindan-hatiralar-1","status":"publish","type":"product","link":"https:\/\/roveyayinevi.com.tr\/index.php\/urun\/said-nursinin-muhtesem-hayatindan-hatiralar-1\/","title":{"rendered":"Said Nursi&#8217;nin Muhte\u015fem Hayat\u0131ndan Hat\u0131ralar &#8211; 1"},"content":{"rendered":"<p>Eskimi\u015f lambalar\u0131 bile k\u0131rd\u0131rmaya tahamm\u00fcl\u00fc olmayan, tahribe, y\u0131k\u0131p yok etmeye kar\u015f\u0131 olan m\u00fcspet hareket anlay\u0131\u015f\u0131yla&#8230; Tan\u0131yanlar, tan\u0131mayanlar, ismini duymu\u015f ve merak edenler i\u00e7in Bedi\u00fczzaman Said Nurs\u00ee\u00b4nin muhte\u015fem hayat\u0131ndan birbirinden ibretli hat\u0131ralar&#8230; <\/p>\n","protected":false},"excerpt":{"rendered":"<p>Eskimi\u015f lambalar\u0131 bile k\u0131rd\u0131rmaya tahamm\u00fcl\u00fc olmayan, tahribe, y\u0131k\u0131p yok etmeye kar\u015f\u0131 olan m\u00fcspet hareket anlay\u0131\u015f\u0131yla&#8230; Tan\u0131yanlar, tan\u0131mayanlar, ismini duymu\u015f ve merak edenler i\u00e7in Bedi\u00fczzaman Said Nurs\u00ee\u00b4nin<span class=\"excerpt-hellip\"> [\u2026]<\/span><\/p>\n","protected":false},"featured_media":0,"template":"","meta":{"_monsterinsights_skip_tracking":false,"_monsterinsights_sitenote_active":false,"_monsterinsights_sitenote_note":"","_monsterinsights_sitenote_category":0},"product_brand":[],"product_cat":[18094,12718,12719],"product_tag":[],"class_list":{"0":"post-727959","1":"product","2":"type-product","3":"status-publish","5":"product_cat-biyografi-otobiyografi-islam","6":"product_cat-din","7":"product_cat-islam","8":"pa_cilt-ciltsiz","9":"pa_tur-kitap","10":"pa_yayinevi-ugurbocegi-yayinlari","11":"pa_yazar-omer-faruk-paksu","13":"first","14":"instock","15":"sale","16":"shipping-taxable","17":"purchasable","18":"product-type-simple"},"_links":{"self":[{"href":"https:\/\/roveyayinevi.com.tr\/index.php\/wp-json\/wp\/v2\/product\/727959","targetHints":{"allow":["GET"]}}],"collection":[{"href":"https:\/\/roveyayinevi.com.tr\/index.php\/wp-json\/wp\/v2\/product"}],"about":[{"href":"https:\/\/roveyayinevi.com.tr\/index.php\/wp-json\/wp\/v2\/types\/product"}],"wp:attachment":[{"href":"https:\/\/roveyayinevi.com.tr\/index.php\/wp-json\/wp\/v2\/media?parent=727959"}],"wp:term":[{"taxonomy":"product_brand","embeddable":true,"href":"https:\/\/roveyayinevi.com.tr\/index.php\/wp-json\/wp\/v2\/product_brand?post=727959"},{"taxonomy":"product_cat","embeddable":true,"href":"https:\/\/roveyayinevi.com.tr\/index.php\/wp-json\/wp\/v2\/product_cat?post=727959"},{"taxonomy":"product_tag","embeddable":true,"href":"https:\/\/roveyayinevi.com.tr\/index.php\/wp-json\/wp\/v2\/product_tag?post=727959"}],"curies":[{"name":"wp","href":"https:\/\/api.w.org\/{rel}","templated":true}]}}