{"id":727958,"date":"2025-08-27T20:31:04","date_gmt":"2025-08-27T17:31:04","guid":{"rendered":"https:\/\/roveyayinevi.com.tr\/index.php\/urun\/selahaddin-i-eyyubiyle-kudusun-fethi-sok-timi-2\/"},"modified":"2026-04-16T02:35:49","modified_gmt":"2026-04-15T23:35:49","slug":"selahaddin-i-eyyubiyle-kudusun-fethi-sok-timi-2","status":"publish","type":"product","link":"https:\/\/roveyayinevi.com.tr\/index.php\/urun\/selahaddin-i-eyyubiyle-kudusun-fethi-sok-timi-2\/","title":{"rendered":"Selahaddin-i Eyy\u00fcbi&#8217;yle Kud\u00fcs&#8217;\u00fcn Fethi &#8211; \u015eok Timi 2"},"content":{"rendered":"<p>Kud\u00fcs\u2019\u00fcn fethinde Selahaddin-i Eyy\u00fcbi\u2019yle omuz omuza m\u00fccadele etmek; Mescid-i Aksa\u2019y\u0131 Ha\u00e7l\u0131 i\u015fgalinden kurtarmak i\u00e7in kelle koltukta sava\u015fan M\u00fcsl\u00fcman askerlerle ve Kad\u0131 el-Faz\u0131l\u2019la tan\u0131\u015fmak\u2026 Sava\u015f\u0131n b\u00fct\u00fcn s\u0131cakl\u0131\u011f\u0131n\u0131 zerrelerine kadar hissetmek\u2026 Ha\u00e7l\u0131lara Orta Do\u011fu\u2019yu dar eden Sultan\u2019a arkada\u015f olmak&#8230; K\u0131zg\u0131n \u00e7\u00f6llerde \u015f\u00f6valyelerle kar\u015f\u0131 kar\u015f\u0131ya gelmek\u2026Kendilerine \u015eOK T\u0130M\u0130 ad\u0131n\u0131 veren, senin benim gibi \u00fc\u00e7 gen\u00e7 \u015eevket, Orhan, K\u00e2mil ve onlar\u0131n ak\u0131l hocas\u0131 Timur Abi i\u015fte bunlar\u0131 birebir ya\u015f\u0131yorlar.Bir g\u00fcn nas\u0131l oldu\u011funu anlamadan, sur duvar\u0131ndan \u00e7\u0131kan bir \u0131\u015f\u0131\u011f\u0131n b\u00fcy\u00fcs\u00fcne kap\u0131l\u0131p farkl\u0131 bir \u00e2leme dal\u0131yorlar.Diyarbak\u0131r\u2019da bir k\u00fct\u00fcphanede ba\u015flayan yolculuklar\u0131 Kud\u00fcs\u2019e kadar s\u00fcr\u00fcyor. Ve bir fethin ger\u00e7ekle\u015fmesine \u015fahitlik ediyorlar. Bu zaman i\u00e7erisinde ise ba\u015flar\u0131na neler geliyor neler!<\/p>\n","protected":false},"excerpt":{"rendered":"<p>Kud\u00fcs\u2019\u00fcn fethinde Selahaddin-i Eyy\u00fcbi\u2019yle omuz omuza m\u00fccadele etmek; Mescid-i Aksa\u2019y\u0131 Ha\u00e7l\u0131 i\u015fgalinden kurtarmak i\u00e7in kelle koltukta sava\u015fan M\u00fcsl\u00fcman askerlerle ve Kad\u0131 el-Faz\u0131l\u2019la tan\u0131\u015fmak\u2026 Sava\u015f\u0131n b\u00fct\u00fcn s\u0131cakl\u0131\u011f\u0131n\u0131<span class=\"excerpt-hellip\"> [\u2026]<\/span><\/p>\n","protected":false},"featured_media":0,"template":"","meta":{"_monsterinsights_skip_tracking":false,"_monsterinsights_sitenote_active":false,"_monsterinsights_sitenote_note":"","_monsterinsights_sitenote_category":0},"product_brand":[],"product_cat":[12275,12274],"product_tag":[],"class_list":{"0":"post-727958","1":"product","2":"type-product","3":"status-publish","5":"product_cat-6-12-yas-kitaplari","6":"product_cat-cocuk-ve-genclik-kitaplari","7":"pa_cilt-ciltsiz","8":"pa_tur-kitap","9":"pa_yayinevi-ugurbocegi-yayinlari","10":"pa_yazar-muhiddin-yenigun","12":"first","13":"instock","14":"sale","15":"shipping-taxable","16":"purchasable","17":"product-type-simple"},"_links":{"self":[{"href":"https:\/\/roveyayinevi.com.tr\/index.php\/wp-json\/wp\/v2\/product\/727958","targetHints":{"allow":["GET"]}}],"collection":[{"href":"https:\/\/roveyayinevi.com.tr\/index.php\/wp-json\/wp\/v2\/product"}],"about":[{"href":"https:\/\/roveyayinevi.com.tr\/index.php\/wp-json\/wp\/v2\/types\/product"}],"wp:attachment":[{"href":"https:\/\/roveyayinevi.com.tr\/index.php\/wp-json\/wp\/v2\/media?parent=727958"}],"wp:term":[{"taxonomy":"product_brand","embeddable":true,"href":"https:\/\/roveyayinevi.com.tr\/index.php\/wp-json\/wp\/v2\/product_brand?post=727958"},{"taxonomy":"product_cat","embeddable":true,"href":"https:\/\/roveyayinevi.com.tr\/index.php\/wp-json\/wp\/v2\/product_cat?post=727958"},{"taxonomy":"product_tag","embeddable":true,"href":"https:\/\/roveyayinevi.com.tr\/index.php\/wp-json\/wp\/v2\/product_tag?post=727958"}],"curies":[{"name":"wp","href":"https:\/\/api.w.org\/{rel}","templated":true}]}}