{"id":727957,"date":"2025-08-27T20:31:03","date_gmt":"2025-08-27T17:31:03","guid":{"rendered":"https:\/\/roveyayinevi.com.tr\/index.php\/urun\/dijital-humeyra-uzayli-istilasi\/"},"modified":"2026-04-16T02:35:49","modified_gmt":"2026-04-15T23:35:49","slug":"dijital-humeyra-uzayli-istilasi","status":"publish","type":"product","link":"https:\/\/roveyayinevi.com.tr\/index.php\/urun\/dijital-humeyra-uzayli-istilasi\/","title":{"rendered":"Dijital H\u00fcmeyra &#8211; Uzayl\u0131 \u0130stilas\u0131"},"content":{"rendered":"<p>\u201cEvlad\u0131m ben senin ya\u015f\u0131ndayken\u2026\u201d diye s\u00f6ze ba\u015flayan teyzelerin, amcalar\u0131n; onun ya\u015f\u0131ndayken ak\u0131llar\u0131n\u0131n ucundan bile ge\u00e7iremeyecekleri maceralar ya\u015fayan bir k\u0131z: H\u00fcmeyra.Elektronik ve bilgisayar konular\u0131na son derece merakl\u0131 olan H\u00fcmeyra, yaz\u0131l\u0131m konusunda ise sadece akranlar\u0131yla de\u011fil yaz\u0131l\u0131m profesyonelleriyle bile yar\u0131\u015facak kadar bilgilidir. Bizim telefonumuzda veya bilgisayar\u0131m\u0131zda \u201cKe\u015fke \u015f\u00f6yle de bir uygulama olsa!\u201d diye hayalini kurdu\u011fumuz programlar\u0131, H\u00fcmeyra kendisi i\u00e7in yaz\u0131p kullanacak kadar yaz\u0131l\u0131mc\u0131l\u0131\u011fa h\u00e2kimdir. Tabii bu ya\u015fta bu kadar iyi bir yaz\u0131l\u0131mc\u0131 olmas\u0131n\u0131n en \u00f6nemli sebeplerinden biri olan \u00fcst\u00fcn zek\u00e2s\u0131n\u0131 da unutmamak gerek.Babas\u0131 o k\u00fc\u00e7\u00fckken \u015fehit edilmi\u015f bir polisti. Babas\u0131 gibi polis olan day\u0131s\u0131 ve annesi ile birlikte ya\u015fayan H\u00fcmeyra, bir taraftan da okula devam etmektedir. Her ne kadar bilgisayar i\u015flerinde ya\u015f\u0131tlar\u0131ndan \u00e7ok ileride olsa da di\u011fer ya\u015f\u0131tlar\u0131 gibi H\u00fcmeyra da sekizinci s\u0131n\u0131f \u00f6\u011frencisidir.\u0130\u015fte b\u00f6yle s\u0131radan(!) bir hayat s\u00fcren H\u00fcmeyra, bir ak\u015fam uzayl\u0131lar\u0131n, t\u00fcm televizyon kanallar\u0131n\u0131n yay\u0131n\u0131n\u0131 keserek, istil\u00e2 etmek \u00fczere D\u00fcnya\u2019ya do\u011fru geldiklerini a\u00e7\u0131klamalar\u0131 \u00fczerine, bir anda kendini D\u00fcnya\u2019y\u0131 kurtarma maceras\u0131n\u0131n i\u00e7inde bulur.\u201cHadi Can\u0131m! Bir ortaokul \u00f6\u011frencisi D\u00fcnya\u2019y\u0131 nas\u0131l kurtars\u0131n?\u201d diye akl\u0131n\u0131za gelebilir.Tabii ki tek ba\u015f\u0131na kurtar\u0131yor demiyoruz, bu ciddi bir ekip i\u015fi\u2026\u201cD\u00fcnya\u2019y\u0131 kurtarabilecekler mi? Kurtarabilirlerse bu i\u015fte H\u00fcmeyra\u2019n\u0131n pay\u0131 ne olacak?\u201d gibi sorular\u0131n cevaplar\u0131n\u0131 \u00f6\u011frenmek isterseniz i\u00e7eri buyurun.<\/p>\n","protected":false},"excerpt":{"rendered":"<p>\u201cEvlad\u0131m ben senin ya\u015f\u0131ndayken\u2026\u201d diye s\u00f6ze ba\u015flayan teyzelerin, amcalar\u0131n; onun ya\u015f\u0131ndayken ak\u0131llar\u0131n\u0131n ucundan bile ge\u00e7iremeyecekleri maceralar ya\u015fayan bir k\u0131z: H\u00fcmeyra.Elektronik ve bilgisayar konular\u0131na son derece merakl\u0131<span class=\"excerpt-hellip\"> [\u2026]<\/span><\/p>\n","protected":false},"featured_media":0,"template":"","meta":{"_monsterinsights_skip_tracking":false,"_monsterinsights_sitenote_active":false,"_monsterinsights_sitenote_note":"","_monsterinsights_sitenote_category":0},"product_brand":[],"product_cat":[12274,12284],"product_tag":[],"class_list":{"0":"post-727957","1":"product","2":"type-product","3":"status-publish","5":"product_cat-cocuk-ve-genclik-kitaplari","6":"product_cat-hikayeler","7":"pa_cilt-ciltsiz","8":"pa_tur-kitap","9":"pa_yayinevi-ugurbocegi-yayinlari","10":"pa_yazar-muhiddin-yenigun","12":"first","13":"instock","14":"sale","15":"shipping-taxable","16":"purchasable","17":"product-type-simple"},"_links":{"self":[{"href":"https:\/\/roveyayinevi.com.tr\/index.php\/wp-json\/wp\/v2\/product\/727957","targetHints":{"allow":["GET"]}}],"collection":[{"href":"https:\/\/roveyayinevi.com.tr\/index.php\/wp-json\/wp\/v2\/product"}],"about":[{"href":"https:\/\/roveyayinevi.com.tr\/index.php\/wp-json\/wp\/v2\/types\/product"}],"wp:attachment":[{"href":"https:\/\/roveyayinevi.com.tr\/index.php\/wp-json\/wp\/v2\/media?parent=727957"}],"wp:term":[{"taxonomy":"product_brand","embeddable":true,"href":"https:\/\/roveyayinevi.com.tr\/index.php\/wp-json\/wp\/v2\/product_brand?post=727957"},{"taxonomy":"product_cat","embeddable":true,"href":"https:\/\/roveyayinevi.com.tr\/index.php\/wp-json\/wp\/v2\/product_cat?post=727957"},{"taxonomy":"product_tag","embeddable":true,"href":"https:\/\/roveyayinevi.com.tr\/index.php\/wp-json\/wp\/v2\/product_tag?post=727957"}],"curies":[{"name":"wp","href":"https:\/\/api.w.org\/{rel}","templated":true}]}}