{"id":727955,"date":"2025-08-27T20:31:02","date_gmt":"2025-08-27T17:31:02","guid":{"rendered":"https:\/\/roveyayinevi.com.tr\/index.php\/urun\/cocuklar-icin-dini-kitaplar-6-kitap-takim\/"},"modified":"2026-04-16T02:35:49","modified_gmt":"2026-04-15T23:35:49","slug":"cocuklar-icin-dini-kitaplar-6-kitap-takim","status":"publish","type":"product","link":"https:\/\/roveyayinevi.com.tr\/index.php\/urun\/cocuklar-icin-dini-kitaplar-6-kitap-takim\/","title":{"rendered":"\u00c7ocuklar \u0130\u00e7in Dini Kitaplar (6 Kitap Tak\u0131m)"},"content":{"rendered":"<p>Allah\u2019\u0131n G\u00fczel \u0130simleri, hi\u00e7birini atlamadan, m\u00fcmk\u00fcn oldu\u011fu kadar az kelime ile m\u00fcmk\u00fcn oldu\u011fu kadar anla\u015f\u0131l\u0131r bir dille, sayfalar\u0131 aras\u0131na serpi\u015ftirdi\u011fi k\u00e2inattan \u00f6rneklerle ak\u0131lda kal\u0131c\u0131 bir \u015fekilde anlat\u0131l\u0131yor. Ge\u00e7 kal\u0131nmam\u0131\u015f bir zamanda, sa\u011flam bir iman dersinin de temellerini atarak \u00e7ocuklar\u0131n hem akl\u0131na hem kalbine hitap ediyor.Sevgili Peygamberimiz Hazreti Muhammed\u2019den (asm) \u00f6nce gelmi\u015f, insanlar\u0131 iyili\u011fe ve g\u00fczelli\u011fe davet eden peygamberlerden baz\u0131lar\u0131n\u0131n her biri birbirinden ibretli ve heyecanl\u0131 hayat hikayeleri&#8230;Sevgili Peygamberimiz Hazreti Muhammed\u2019in (asm), do\u011fumundan vefat\u0131na kadar muhte\u015fem hayat\u0131, kronolojik olarak g\u00f6zler \u00f6n\u00fcne seriliyor.\u00c7ocuklar\u0131m\u0131za, Peygamberimiz Hazreti Muhammed\u2019in (asm) sevgisini a\u015f\u0131layacak o mutluluk \u00e7a\u011f\u0131na dair Efendimiz\u2019in \u00e7ocuklarla ilgili birbirinden g\u00fczel ya\u015fad\u0131\u011f\u0131 tatl\u0131 hat\u0131ralar&#8230;Peygamberimiz\u2019in mucizeleri&#8230;Peygamberimiz\u2019in hazine de\u011ferinde \u00f6zellikleri g\u00fczellikleri, g\u00fczel s\u00f6zleri ve dualar\u0131&#8230;<\/p>\n","protected":false},"excerpt":{"rendered":"<p>Allah\u2019\u0131n G\u00fczel \u0130simleri, hi\u00e7birini atlamadan, m\u00fcmk\u00fcn oldu\u011fu kadar az kelime ile m\u00fcmk\u00fcn oldu\u011fu kadar anla\u015f\u0131l\u0131r bir dille, sayfalar\u0131 aras\u0131na serpi\u015ftirdi\u011fi k\u00e2inattan \u00f6rneklerle ak\u0131lda kal\u0131c\u0131 bir \u015fekilde<span class=\"excerpt-hellip\"> [\u2026]<\/span><\/p>\n","protected":false},"featured_media":0,"template":"","meta":{"_monsterinsights_skip_tracking":false,"_monsterinsights_sitenote_active":false,"_monsterinsights_sitenote_note":"","_monsterinsights_sitenote_category":0},"product_brand":[],"product_cat":[12274,18802],"product_tag":[],"class_list":{"0":"post-727955","1":"product","2":"type-product","3":"status-publish","5":"product_cat-cocuk-ve-genclik-kitaplari","6":"product_cat-din-egitimi","7":"pa_cilt-takim","8":"pa_tur-kitap","9":"pa_yayinevi-ugurbocegi-yayinlari","10":"pa_yazar-ozkan-oze-emine-aydin","12":"first","13":"instock","14":"sale","15":"shipping-taxable","16":"purchasable","17":"product-type-simple"},"_links":{"self":[{"href":"https:\/\/roveyayinevi.com.tr\/index.php\/wp-json\/wp\/v2\/product\/727955","targetHints":{"allow":["GET"]}}],"collection":[{"href":"https:\/\/roveyayinevi.com.tr\/index.php\/wp-json\/wp\/v2\/product"}],"about":[{"href":"https:\/\/roveyayinevi.com.tr\/index.php\/wp-json\/wp\/v2\/types\/product"}],"wp:attachment":[{"href":"https:\/\/roveyayinevi.com.tr\/index.php\/wp-json\/wp\/v2\/media?parent=727955"}],"wp:term":[{"taxonomy":"product_brand","embeddable":true,"href":"https:\/\/roveyayinevi.com.tr\/index.php\/wp-json\/wp\/v2\/product_brand?post=727955"},{"taxonomy":"product_cat","embeddable":true,"href":"https:\/\/roveyayinevi.com.tr\/index.php\/wp-json\/wp\/v2\/product_cat?post=727955"},{"taxonomy":"product_tag","embeddable":true,"href":"https:\/\/roveyayinevi.com.tr\/index.php\/wp-json\/wp\/v2\/product_tag?post=727955"}],"curies":[{"name":"wp","href":"https:\/\/api.w.org\/{rel}","templated":true}]}}