{"id":727952,"date":"2025-08-27T20:30:59","date_gmt":"2025-08-27T17:30:59","guid":{"rendered":"https:\/\/roveyayinevi.com.tr\/index.php\/urun\/cete-ayse-kurtulus-savasi-kahramanlari-1\/"},"modified":"2026-04-16T02:35:49","modified_gmt":"2026-04-15T23:35:49","slug":"cete-ayse-kurtulus-savasi-kahramanlari-1","status":"publish","type":"product","link":"https:\/\/roveyayinevi.com.tr\/index.php\/urun\/cete-ayse-kurtulus-savasi-kahramanlari-1\/","title":{"rendered":"\u00c7ete Ay\u015fe &#8211; Kurtulu\u015f Sava\u015f\u0131 Kahramanlar\u0131 &#8211; 1"},"content":{"rendered":"<p>Y\u00f6r\u00fck Ali Efe a\u011f\u0131r a\u011f\u0131r konu\u015fmas\u0131na devam etti:\u201cYapt\u0131\u011f\u0131n kahramanl\u0131klar i\u00e7in bu vatan sana ilelebet minnettar kalacakt\u0131r. Sen efeler tarihinin ilk kad\u0131n efesi olarak \u015ferefle an\u0131lacak, Kuvay\u0131 Milliye\u2019nin han\u0131m y\u0131ld\u0131z\u0131 olarak parlayacaks\u0131n. \u00c7\u00fcnk\u00fc sen annelik duygular\u0131n\u0131 bile bir kenara ittin, b\u00fct\u00fcn sevdalar\u0131n \u00fcst\u00fcne vatan sevdas\u0131n\u0131 koydun, ard\u0131na bakmadan cepheye ko\u015ftun.\u201d<\/p>\n","protected":false},"excerpt":{"rendered":"<p>Y\u00f6r\u00fck Ali Efe a\u011f\u0131r a\u011f\u0131r konu\u015fmas\u0131na devam etti:\u201cYapt\u0131\u011f\u0131n kahramanl\u0131klar i\u00e7in bu vatan sana ilelebet minnettar kalacakt\u0131r. Sen efeler tarihinin ilk kad\u0131n efesi olarak \u015ferefle an\u0131lacak, Kuvay\u0131<span class=\"excerpt-hellip\"> [\u2026]<\/span><\/p>\n","protected":false},"featured_media":0,"template":"","meta":{"_monsterinsights_skip_tracking":false,"_monsterinsights_sitenote_active":false,"_monsterinsights_sitenote_note":"","_monsterinsights_sitenote_category":0},"product_brand":[],"product_cat":[12274,12284],"product_tag":[],"class_list":{"0":"post-727952","1":"product","2":"type-product","3":"status-publish","5":"product_cat-cocuk-ve-genclik-kitaplari","6":"product_cat-hikayeler","7":"pa_cilt-ciltsiz","8":"pa_tur-kitap","9":"pa_yayinevi-ugurbocegi-yayinlari","10":"pa_yazar-zehra-aygul","12":"first","13":"instock","14":"sale","15":"shipping-taxable","16":"purchasable","17":"product-type-simple"},"_links":{"self":[{"href":"https:\/\/roveyayinevi.com.tr\/index.php\/wp-json\/wp\/v2\/product\/727952","targetHints":{"allow":["GET"]}}],"collection":[{"href":"https:\/\/roveyayinevi.com.tr\/index.php\/wp-json\/wp\/v2\/product"}],"about":[{"href":"https:\/\/roveyayinevi.com.tr\/index.php\/wp-json\/wp\/v2\/types\/product"}],"wp:attachment":[{"href":"https:\/\/roveyayinevi.com.tr\/index.php\/wp-json\/wp\/v2\/media?parent=727952"}],"wp:term":[{"taxonomy":"product_brand","embeddable":true,"href":"https:\/\/roveyayinevi.com.tr\/index.php\/wp-json\/wp\/v2\/product_brand?post=727952"},{"taxonomy":"product_cat","embeddable":true,"href":"https:\/\/roveyayinevi.com.tr\/index.php\/wp-json\/wp\/v2\/product_cat?post=727952"},{"taxonomy":"product_tag","embeddable":true,"href":"https:\/\/roveyayinevi.com.tr\/index.php\/wp-json\/wp\/v2\/product_tag?post=727952"}],"curies":[{"name":"wp","href":"https:\/\/api.w.org\/{rel}","templated":true}]}}