{"id":727949,"date":"2025-08-27T20:30:56","date_gmt":"2025-08-27T17:30:56","guid":{"rendered":"https:\/\/roveyayinevi.com.tr\/index.php\/urun\/babasinin-susu-hz-zeyneb\/"},"modified":"2026-04-16T02:35:48","modified_gmt":"2026-04-15T23:35:48","slug":"babasinin-susu-hz-zeyneb","status":"publish","type":"product","link":"https:\/\/roveyayinevi.com.tr\/index.php\/urun\/babasinin-susu-hz-zeyneb\/","title":{"rendered":"Babas\u0131n\u0131n S\u00fcs\u00fc Hz. Zeyneb"},"content":{"rendered":"<p>Hz. Zeyneb, Efendimizin (a.s.m.) ilk goncas\u0131, \u201cbabas\u0131n\u0131n s\u00fcs\u00fc\u201dyd\u00fc. D\u00fcnyan\u0131n en m\u00fckemmel anne-babas\u0131n\u0131n terbiyesi alt\u0131nda vahiy atmosferi i\u00e7inde b\u00fcy\u00fcd\u00fc. Gen\u00e7lik \u00e7a\u011f\u0131n\u0131n ba\u015flar\u0131nda annesinin davetiyle ilk M\u00fcsl\u00fcmanlardan olma \u015ferefine erdi.Mekkeli m\u00fc\u015friklerin bask\u0131 ve i\u015fkencelerine ald\u0131rmadan \u0130slam davet m\u00fccadelesinde aktif olarak yer ald\u0131. E\u015fsiz bir cesaretle babas\u0131na yard\u0131ma ko\u015farak m\u00fc\u015friklerin kar\u015f\u0131s\u0131na kahramanca dikildi. En zor imtihanlardan ge\u00e7ti ama iman\u0131ndan asla taviz vermedi.\u0130\u015fkencelere maruz kald\u0131, devesinden d\u00fc\u015f\u00fcr\u00fclerek karn\u0131ndaki \u00e7ocu\u011fu katledildi. Alemlerin Efendisi olan babas\u0131, \u201cO benim en de\u011ferli k\u0131z\u0131md\u0131r. O benim i\u00e7in yaraland\u0131\u201d buyurarak onu taltif etti.E\u015fini \u00e7ok sevdi. Ama bu sevgi onu inanc\u0131n\u0131n gere\u011fini yapmaktan al\u0131koymad\u0131. \u00c7ok arzu etti\u011fi halde e\u015finin \u0130slam\u2019a kar\u015f\u0131 mesafeli duru\u015fu onu iki sevgi aras\u0131nda b\u0131rakt\u0131. \u0130kisinden de vazge\u00e7medi. Onun pay\u0131na hep hasret, h\u00fcz\u00fcn ve g\u00f6zya\u015f\u0131 d\u00fc\u015ft\u00fc. Sabr\u0131, sebat\u0131, akl\u0131, feraseti ve cesareti sayesinde ikisini de kazand\u0131.Bu kitap, Hz. Zeyneb\u2019in \u00f6rnek m\u00fccadelesini, sevgisine sonuna kadar sahip \u00e7\u0131k\u0131\u015f\u0131n\u0131, sab\u0131r, sebat ve zaferini roman tad\u0131nda ak\u0131c\u0131 bir \u00fcslupla anlat\u0131yor. Bir solukta okuyacaks\u0131n\u0131z.<\/p>\n","protected":false},"excerpt":{"rendered":"<p>Hz. Zeyneb, Efendimizin (a.s.m.) ilk goncas\u0131, \u201cbabas\u0131n\u0131n s\u00fcs\u00fc\u201dyd\u00fc. D\u00fcnyan\u0131n en m\u00fckemmel anne-babas\u0131n\u0131n terbiyesi alt\u0131nda vahiy atmosferi i\u00e7inde b\u00fcy\u00fcd\u00fc. Gen\u00e7lik \u00e7a\u011f\u0131n\u0131n ba\u015flar\u0131nda annesinin davetiyle ilk M\u00fcsl\u00fcmanlardan olma<span class=\"excerpt-hellip\"> [\u2026]<\/span><\/p>\n","protected":false},"featured_media":0,"template":"","meta":{"_monsterinsights_skip_tracking":false,"_monsterinsights_sitenote_active":false,"_monsterinsights_sitenote_note":"","_monsterinsights_sitenote_category":0},"product_brand":[],"product_cat":[18094,12718,12719],"product_tag":[],"class_list":{"0":"post-727949","1":"product","2":"type-product","3":"status-publish","5":"product_cat-biyografi-otobiyografi-islam","6":"product_cat-din","7":"product_cat-islam","8":"pa_cilt-ciltsiz","9":"pa_tur-kitap","10":"pa_yayinevi-ugurbocegi-yayinlari","11":"pa_yazar-abdullah-kara-hilal-kara","13":"first","14":"instock","15":"sale","16":"shipping-taxable","17":"purchasable","18":"product-type-simple"},"_links":{"self":[{"href":"https:\/\/roveyayinevi.com.tr\/index.php\/wp-json\/wp\/v2\/product\/727949","targetHints":{"allow":["GET"]}}],"collection":[{"href":"https:\/\/roveyayinevi.com.tr\/index.php\/wp-json\/wp\/v2\/product"}],"about":[{"href":"https:\/\/roveyayinevi.com.tr\/index.php\/wp-json\/wp\/v2\/types\/product"}],"wp:attachment":[{"href":"https:\/\/roveyayinevi.com.tr\/index.php\/wp-json\/wp\/v2\/media?parent=727949"}],"wp:term":[{"taxonomy":"product_brand","embeddable":true,"href":"https:\/\/roveyayinevi.com.tr\/index.php\/wp-json\/wp\/v2\/product_brand?post=727949"},{"taxonomy":"product_cat","embeddable":true,"href":"https:\/\/roveyayinevi.com.tr\/index.php\/wp-json\/wp\/v2\/product_cat?post=727949"},{"taxonomy":"product_tag","embeddable":true,"href":"https:\/\/roveyayinevi.com.tr\/index.php\/wp-json\/wp\/v2\/product_tag?post=727949"}],"curies":[{"name":"wp","href":"https:\/\/api.w.org\/{rel}","templated":true}]}}