{"id":727947,"date":"2025-08-27T20:30:54","date_gmt":"2025-08-27T17:30:54","guid":{"rendered":"https:\/\/roveyayinevi.com.tr\/index.php\/urun\/alparslanla-malazgirt-zaferi-sok-timi-3\/"},"modified":"2026-04-16T02:35:48","modified_gmt":"2026-04-15T23:35:48","slug":"alparslanla-malazgirt-zaferi-sok-timi-3","status":"publish","type":"product","link":"https:\/\/roveyayinevi.com.tr\/index.php\/urun\/alparslanla-malazgirt-zaferi-sok-timi-3\/","title":{"rendered":"Alparslan&#8217;la Malazgirt Zaferi &#8211; \u015eok Timi 3"},"content":{"rendered":"<p>Malazgirt Sava\u015f\u0131\u2019nda Alparslan\u2019la omuz omuza m\u00fccadele etmek; veziri Nizam\u00fclm\u00fclk ve Anadolu\u2019yu yurt edinmek i\u00e7in canla ba\u015fla sava\u015fan M\u00fcsl\u00fcman askerlerle tan\u0131\u015fmak\u2026 Art\u0131k Orta Asya\u2019n\u0131n dar geldi\u011fi bir milletin Anadolu\u2019ya a\u00e7\u0131lmas\u0131na \u015fahitlik etmek&#8230; T\u00fcrk milletinin yerle\u015fik d\u00fczene ge\u00e7mesini sa\u011flayan zaferi en \u00f6nden izlemek&#8230;Kendilerine \u015eOK T\u0130M\u0130 ad\u0131n\u0131 veren, senin benim gibi \u00fc\u00e7 gen\u00e7 \u015eevket, Orhan, K\u00e2mil ve onlar\u0131n ak\u0131l hocas\u0131 Timur Abi i\u015fte bunlar\u0131 birebir ya\u015f\u0131yorlar.Bir g\u00fcn nas\u0131l oldu\u011funu anlamadan, sur duvar\u0131ndan \u00e7\u0131kan bir \u0131\u015f\u0131\u011f\u0131n b\u00fcy\u00fcs\u00fcne kap\u0131l\u0131p farkl\u0131 bir \u00e2leme dal\u0131yorlar.\u0130stanbul\u2019da, o g\u00fcnk\u00fc ad\u0131yla Konstantiniyye\u2019de ba\u015flayan yolculuklar\u0131 Malazgirt\u2019e kadar s\u00fcr\u00fcyor. Ve bir zafere \u015fahitlik ediyorlar. Bu zaman i\u00e7erisinde ise ba\u015flar\u0131na neler geliyor neler!<\/p>\n","protected":false},"excerpt":{"rendered":"<p>Malazgirt Sava\u015f\u0131\u2019nda Alparslan\u2019la omuz omuza m\u00fccadele etmek; veziri Nizam\u00fclm\u00fclk ve Anadolu\u2019yu yurt edinmek i\u00e7in canla ba\u015fla sava\u015fan M\u00fcsl\u00fcman askerlerle tan\u0131\u015fmak\u2026 Art\u0131k Orta Asya\u2019n\u0131n dar geldi\u011fi bir<span class=\"excerpt-hellip\"> [\u2026]<\/span><\/p>\n","protected":false},"featured_media":0,"template":"","meta":{"_monsterinsights_skip_tracking":false,"_monsterinsights_sitenote_active":false,"_monsterinsights_sitenote_note":"","_monsterinsights_sitenote_category":0},"product_brand":[],"product_cat":[12274,12284],"product_tag":[],"class_list":{"0":"post-727947","1":"product","2":"type-product","3":"status-publish","5":"product_cat-cocuk-ve-genclik-kitaplari","6":"product_cat-hikayeler","7":"pa_cilt-ciltsiz","8":"pa_tur-kitap","9":"pa_yayinevi-ugurbocegi-yayinlari","10":"pa_yazar-muhiddin-yenigun","12":"first","13":"instock","14":"sale","15":"shipping-taxable","16":"purchasable","17":"product-type-simple"},"_links":{"self":[{"href":"https:\/\/roveyayinevi.com.tr\/index.php\/wp-json\/wp\/v2\/product\/727947","targetHints":{"allow":["GET"]}}],"collection":[{"href":"https:\/\/roveyayinevi.com.tr\/index.php\/wp-json\/wp\/v2\/product"}],"about":[{"href":"https:\/\/roveyayinevi.com.tr\/index.php\/wp-json\/wp\/v2\/types\/product"}],"wp:attachment":[{"href":"https:\/\/roveyayinevi.com.tr\/index.php\/wp-json\/wp\/v2\/media?parent=727947"}],"wp:term":[{"taxonomy":"product_brand","embeddable":true,"href":"https:\/\/roveyayinevi.com.tr\/index.php\/wp-json\/wp\/v2\/product_brand?post=727947"},{"taxonomy":"product_cat","embeddable":true,"href":"https:\/\/roveyayinevi.com.tr\/index.php\/wp-json\/wp\/v2\/product_cat?post=727947"},{"taxonomy":"product_tag","embeddable":true,"href":"https:\/\/roveyayinevi.com.tr\/index.php\/wp-json\/wp\/v2\/product_tag?post=727947"}],"curies":[{"name":"wp","href":"https:\/\/api.w.org\/{rel}","templated":true}]}}