{"id":727946,"date":"2025-08-27T20:30:53","date_gmt":"2025-08-27T17:30:53","guid":{"rendered":"https:\/\/roveyayinevi.com.tr\/index.php\/urun\/allahin-guzel-isimleri-seti-5-kitap\/"},"modified":"2026-04-16T02:35:48","modified_gmt":"2026-04-15T23:35:48","slug":"allahin-guzel-isimleri-seti-5-kitap","status":"publish","type":"product","link":"https:\/\/roveyayinevi.com.tr\/index.php\/urun\/allahin-guzel-isimleri-seti-5-kitap\/","title":{"rendered":"Allah&#8217;\u0131n G\u00fczel \u0130simleri Seti (5 Kitap)"},"content":{"rendered":"<p>Allah\u2019\u0131n G\u00fczel \u0130simleri, okul \u00f6ncesi ve okumaya yeni ba\u015flam\u0131\u015f 4-8 ya\u015f aral\u0131\u011f\u0131ndaki minik okurlar\u0131m\u0131z i\u00e7in haz\u0131rland\u0131.Be\u015f kitaptan olu\u015fan dizinin her bir kitab\u0131nda, bir esma konu edinilmekte ve bu esma, oyun hamuru k\u0131vam\u0131nda \u015feker gibi tatl\u0131 resimlerle birlikte anlat\u0131lmaktad\u0131r.Allah&#8217;\u0131n G\u00fczel \u0130simleri 1: VEDUDAllah&#8217;\u0131n G\u00fczel \u0130simleri 2: KUDD\u00dcSAllah&#8217;\u0131n G\u00fczel \u0130simleri 3: SEM\u0130Allah&#8217;\u0131n G\u00fczel \u0130simleri 4: REZZAKAllah&#8217;\u0131n G\u00fczel \u0130simleri 5: BAS\u0130R<\/p>\n","protected":false},"excerpt":{"rendered":"<p>Allah\u2019\u0131n G\u00fczel \u0130simleri, okul \u00f6ncesi ve okumaya yeni ba\u015flam\u0131\u015f 4-8 ya\u015f aral\u0131\u011f\u0131ndaki minik okurlar\u0131m\u0131z i\u00e7in haz\u0131rland\u0131.Be\u015f kitaptan olu\u015fan dizinin her bir kitab\u0131nda, bir esma konu edinilmekte<span class=\"excerpt-hellip\"> [\u2026]<\/span><\/p>\n","protected":false},"featured_media":0,"template":"","meta":{"_monsterinsights_skip_tracking":false,"_monsterinsights_sitenote_active":false,"_monsterinsights_sitenote_note":"","_monsterinsights_sitenote_category":0},"product_brand":[],"product_cat":[12274,18802],"product_tag":[],"class_list":{"0":"post-727946","1":"product","2":"type-product","3":"status-publish","5":"product_cat-cocuk-ve-genclik-kitaplari","6":"product_cat-din-egitimi","7":"pa_cilt-set","8":"pa_tur-kitap","9":"pa_yayinevi-ugurbocegi-yayinlari-kampanyali","10":"pa_yazar-ozkan-oze","12":"first","13":"instock","14":"sale","15":"shipping-taxable","16":"purchasable","17":"product-type-simple"},"_links":{"self":[{"href":"https:\/\/roveyayinevi.com.tr\/index.php\/wp-json\/wp\/v2\/product\/727946","targetHints":{"allow":["GET"]}}],"collection":[{"href":"https:\/\/roveyayinevi.com.tr\/index.php\/wp-json\/wp\/v2\/product"}],"about":[{"href":"https:\/\/roveyayinevi.com.tr\/index.php\/wp-json\/wp\/v2\/types\/product"}],"wp:attachment":[{"href":"https:\/\/roveyayinevi.com.tr\/index.php\/wp-json\/wp\/v2\/media?parent=727946"}],"wp:term":[{"taxonomy":"product_brand","embeddable":true,"href":"https:\/\/roveyayinevi.com.tr\/index.php\/wp-json\/wp\/v2\/product_brand?post=727946"},{"taxonomy":"product_cat","embeddable":true,"href":"https:\/\/roveyayinevi.com.tr\/index.php\/wp-json\/wp\/v2\/product_cat?post=727946"},{"taxonomy":"product_tag","embeddable":true,"href":"https:\/\/roveyayinevi.com.tr\/index.php\/wp-json\/wp\/v2\/product_tag?post=727946"}],"curies":[{"name":"wp","href":"https:\/\/api.w.org\/{rel}","templated":true}]}}