{"id":727945,"date":"2025-08-27T20:30:52","date_gmt":"2025-08-27T17:30:52","guid":{"rendered":"https:\/\/roveyayinevi.com.tr\/index.php\/urun\/tarik-bin-ziyadla-endulusun-fethi-sok-timi-4\/"},"modified":"2026-04-16T02:35:48","modified_gmt":"2026-04-15T23:35:48","slug":"tarik-bin-ziyadla-endulusun-fethi-sok-timi-4","status":"publish","type":"product","link":"https:\/\/roveyayinevi.com.tr\/index.php\/urun\/tarik-bin-ziyadla-endulusun-fethi-sok-timi-4\/","title":{"rendered":"Tar\u0131k Bin Ziyad&#8217;la End\u00fcl\u00fcs&#8217;\u00fcn Fethi &#8211; \u015eok Timi 4"},"content":{"rendered":"<p>End\u00fcl\u00fcs\u2019\u00fcn fethinde Tar\u0131k bin Ziyad\u2019la omuz omuza m\u00fccadele etmek, Avrupa\u2019y\u0131 \u0130slam\u2019la tan\u0131\u015ft\u0131rmak i\u00e7in sahip oldu\u011fu her \u015feyi geride b\u0131rak\u0131p deniza\u015f\u0131r\u0131 yolculu\u011fa \u00e7\u0131kan M\u00fcsl\u00fcman askerlerle tan\u0131\u015fmak&#8230; Karanl\u0131\u011fa g\u00f6m\u00fclm\u00fc\u015f olan Avrupa\u2019ya ayd\u0131nl\u0131\u011f\u0131 getiren kutlu seferde bir nefer olmak&#8230; Hen\u00fcz dedelerimizin bile M\u00fcsl\u00fcman olmad\u0131\u011f\u0131 zamanlarda \u0130slam ordusuna kat\u0131lmak&#8230;Kendilerine \u015eOK T\u0130M\u0130 ad\u0131n\u0131 veren, senin benim gibi \u00fc\u00e7 gen\u00e7 \u015eevket, Orhan, K\u00e2mil ve onlar\u0131n ak\u0131l hocas\u0131 Timur Abi i\u015fte bunlar\u0131 birebir ya\u015f\u0131yorlar.Bir g\u00fcn nas\u0131l oldu\u011funu anlamadan, sur duvar\u0131ndan \u00e7\u0131kan bir \u0131\u015f\u0131\u011f\u0131n b\u00fcy\u00fcs\u00fcne kap\u0131l\u0131p farkl\u0131 bir \u00e2leme dal\u0131yorlar.Tunus\u2019ta bir tekne i\u00e7inde ba\u015flayan yolculuklar\u0131 End\u00fcl\u00fcs\u2019e kadar s\u00fcr\u00fcyor. Ve bir fethin ger\u00e7ekle\u015fmesine \u015fahitlik ediyorlar. Bu zaman i\u00e7erisinde ise ba\u015flar\u0131na neler geliyor neler!<\/p>\n","protected":false},"excerpt":{"rendered":"<p>End\u00fcl\u00fcs\u2019\u00fcn fethinde Tar\u0131k bin Ziyad\u2019la omuz omuza m\u00fccadele etmek, Avrupa\u2019y\u0131 \u0130slam\u2019la tan\u0131\u015ft\u0131rmak i\u00e7in sahip oldu\u011fu her \u015feyi geride b\u0131rak\u0131p deniza\u015f\u0131r\u0131 yolculu\u011fa \u00e7\u0131kan M\u00fcsl\u00fcman askerlerle tan\u0131\u015fmak&#8230; Karanl\u0131\u011fa<span class=\"excerpt-hellip\"> [\u2026]<\/span><\/p>\n","protected":false},"featured_media":0,"template":"","meta":{"_monsterinsights_skip_tracking":false,"_monsterinsights_sitenote_active":false,"_monsterinsights_sitenote_note":"","_monsterinsights_sitenote_category":0},"product_brand":[],"product_cat":[12275,12274],"product_tag":[],"class_list":{"0":"post-727945","1":"product","2":"type-product","3":"status-publish","5":"product_cat-6-12-yas-kitaplari","6":"product_cat-cocuk-ve-genclik-kitaplari","7":"pa_cilt-ciltsiz","8":"pa_tur-kitap","9":"pa_yayinevi-ugurbocegi-yayinlari","10":"pa_yazar-muhiddin-yenigun","12":"first","13":"instock","14":"sale","15":"shipping-taxable","16":"purchasable","17":"product-type-simple"},"_links":{"self":[{"href":"https:\/\/roveyayinevi.com.tr\/index.php\/wp-json\/wp\/v2\/product\/727945","targetHints":{"allow":["GET"]}}],"collection":[{"href":"https:\/\/roveyayinevi.com.tr\/index.php\/wp-json\/wp\/v2\/product"}],"about":[{"href":"https:\/\/roveyayinevi.com.tr\/index.php\/wp-json\/wp\/v2\/types\/product"}],"wp:attachment":[{"href":"https:\/\/roveyayinevi.com.tr\/index.php\/wp-json\/wp\/v2\/media?parent=727945"}],"wp:term":[{"taxonomy":"product_brand","embeddable":true,"href":"https:\/\/roveyayinevi.com.tr\/index.php\/wp-json\/wp\/v2\/product_brand?post=727945"},{"taxonomy":"product_cat","embeddable":true,"href":"https:\/\/roveyayinevi.com.tr\/index.php\/wp-json\/wp\/v2\/product_cat?post=727945"},{"taxonomy":"product_tag","embeddable":true,"href":"https:\/\/roveyayinevi.com.tr\/index.php\/wp-json\/wp\/v2\/product_tag?post=727945"}],"curies":[{"name":"wp","href":"https:\/\/api.w.org\/{rel}","templated":true}]}}