{"id":727937,"date":"2025-08-27T20:30:46","date_gmt":"2025-08-27T17:30:46","guid":{"rendered":"https:\/\/roveyayinevi.com.tr\/index.php\/urun\/abdurrahman-bin-avf-ra\/"},"modified":"2026-04-16T02:35:48","modified_gmt":"2026-04-15T23:35:48","slug":"abdurrahman-bin-avf-ra","status":"publish","type":"product","link":"https:\/\/roveyayinevi.com.tr\/index.php\/urun\/abdurrahman-bin-avf-ra\/","title":{"rendered":"Abdurrahman Bin Avf (ra)"},"content":{"rendered":"<p>Mekke&#8217;de do\u011fup b\u00fcy\u00fcd\u00fc. Gen\u00e7 ya\u015fta iyi bir t\u00fcccar oldu. Su gibi i\u00e7ki i\u00e7ilen bir ortamda b\u00fcy\u00fcd\u00fc\u011f\u00fc halde k\u00f6t\u00fcl\u00fcklerden uzak durmay\u0131 ba\u015fard\u0131. Gen\u00e7li\u011finin bahar\u0131nda M\u00fcsl\u00fcman oldu. Emin ve g\u00fcvenilir biriydi. Bu \u00f6zelli\u011fi bizzat Peygamber Efendimiz taraf\u0131ndan bildirilmi\u015fti. Bunu bilen Hz. Ali ve di\u011fer sahabiler ona \u00e7ok g\u00fcvenirlerdi.Bir ayet ya da hadis duydu\u011funda onu \u00f6\u011frenir, uygulamaya gayret eder ve hayat\u0131n\u0131n bir par\u00e7as\u0131 haline getirirdi. Peygamberimize imam olan sahabi diye tan\u0131n\u0131rd\u0131. Peygamberimiz zaman\u0131nda komutanl\u0131k ve istihbarat gibi bir\u00e7ok g\u00f6revler ald\u0131. O&#8217;nun vefat\u0131ndan sonra ise halifelerin g\u00f6z bebe\u011fi oldu. Zekat memurlu\u011fu, m\u00fcft\u00fcl\u00fck ve hac emirli\u011fi gibi \u00e7e\u015fitli g\u00f6revlerde bulundu.<\/p>\n","protected":false},"excerpt":{"rendered":"<p>Mekke&#8217;de do\u011fup b\u00fcy\u00fcd\u00fc. Gen\u00e7 ya\u015fta iyi bir t\u00fcccar oldu. Su gibi i\u00e7ki i\u00e7ilen bir ortamda b\u00fcy\u00fcd\u00fc\u011f\u00fc halde k\u00f6t\u00fcl\u00fcklerden uzak durmay\u0131 ba\u015fard\u0131. Gen\u00e7li\u011finin bahar\u0131nda M\u00fcsl\u00fcman oldu. Emin<span class=\"excerpt-hellip\"> [\u2026]<\/span><\/p>\n","protected":false},"featured_media":0,"template":"","meta":{"_monsterinsights_skip_tracking":false,"_monsterinsights_sitenote_active":false,"_monsterinsights_sitenote_note":"","_monsterinsights_sitenote_category":0},"product_brand":[],"product_cat":[12274,18802],"product_tag":[],"class_list":{"0":"post-727937","1":"product","2":"type-product","3":"status-publish","5":"product_cat-cocuk-ve-genclik-kitaplari","6":"product_cat-din-egitimi","7":"pa_cilt-ciltsiz","8":"pa_tur-kitap","9":"pa_yayinevi-ugurbocegi-yayinlari","10":"pa_yazar-abdullah-kara-hilal-kara","12":"first","13":"instock","14":"sale","15":"shipping-taxable","16":"purchasable","17":"product-type-simple"},"_links":{"self":[{"href":"https:\/\/roveyayinevi.com.tr\/index.php\/wp-json\/wp\/v2\/product\/727937","targetHints":{"allow":["GET"]}}],"collection":[{"href":"https:\/\/roveyayinevi.com.tr\/index.php\/wp-json\/wp\/v2\/product"}],"about":[{"href":"https:\/\/roveyayinevi.com.tr\/index.php\/wp-json\/wp\/v2\/types\/product"}],"wp:attachment":[{"href":"https:\/\/roveyayinevi.com.tr\/index.php\/wp-json\/wp\/v2\/media?parent=727937"}],"wp:term":[{"taxonomy":"product_brand","embeddable":true,"href":"https:\/\/roveyayinevi.com.tr\/index.php\/wp-json\/wp\/v2\/product_brand?post=727937"},{"taxonomy":"product_cat","embeddable":true,"href":"https:\/\/roveyayinevi.com.tr\/index.php\/wp-json\/wp\/v2\/product_cat?post=727937"},{"taxonomy":"product_tag","embeddable":true,"href":"https:\/\/roveyayinevi.com.tr\/index.php\/wp-json\/wp\/v2\/product_tag?post=727937"}],"curies":[{"name":"wp","href":"https:\/\/api.w.org\/{rel}","templated":true}]}}