{"id":727936,"date":"2025-08-27T20:30:45","date_gmt":"2025-08-27T17:30:45","guid":{"rendered":"https:\/\/roveyayinevi.com.tr\/index.php\/urun\/demokratik-diktator-ataturk\/"},"modified":"2026-04-16T02:35:48","modified_gmt":"2026-04-15T23:35:48","slug":"demokratik-diktator-ataturk","status":"publish","type":"product","link":"https:\/\/roveyayinevi.com.tr\/index.php\/urun\/demokratik-diktator-ataturk\/","title":{"rendered":"Demokratik Diktat\u00f6r Atat\u00fcrk"},"content":{"rendered":"<p>D\u00fcnyam\u0131z bir\u00e7ok \u00fcnl\u00fc siyaset adam\u0131 tan\u0131makta, hayatlar\u0131 \u00fcst\u00fcne yaz\u0131lar yaz\u0131lmaktad\u0131r. Birinin asker\u00ee kabiliyetine hayran olunmakta, di\u011ferinin politik alandaki maharetine sayg\u0131 duyulmakta, bir ba\u015fkas\u0131n\u0131n da devrimci g\u00fcc\u00fcnden \u00f6vg\u00fc ile bahsedilmektedir. Fakat bunlar\u0131n aras\u0131nda ayn\u0131 zamanda sayg\u0131, sevgi ve hayranl\u0131kla an\u0131lan simalar azd\u0131r. Atat\u00fcrk i\u015fte bu insanlar\u0131n aras\u0131nda yer almaktad\u0131r. Atat\u00fcrk; s\u0131rf kendisini idarenin ba\u015f\u0131na getirmek, sultan\u0131n yerine ge\u00e7mek i\u00e7in m\u00fccadele etmemi\u015ftir. Tarihin geli\u015fmesinden do\u011fru te\u015fhisler \u00e7\u0131kararak b\u00fct\u00fcn kabiliyet, ihtiras ve hatta hayat\u0131n\u0131 m\u00fccadeleye adam\u0131\u015f Mustafa Kemal, T\u00fcrk halk\u0131n\u0131 orta \u00e7a\u011f ko\u015fullar\u0131n\u0131n boyunduru\u011fundan kurtar\u0131p muas\u0131r medeniyet seviyesine ula\u015ft\u0131rmak istemi\u015ftir. Bunun i\u00e7in T\u00fcrk halk\u0131 onu sevmi\u015ftir ve sevecektir. B\u00fct\u00fcn bunlar\u0131n yan\u0131 s\u0131ra Atat\u00fcrk\u2019\u00fcn genel insani insaniyet fikir ve davran\u0131\u015flar\u0131n\u0131 g\u00f6rmemek olamaz. Bir\u00e7ok devlet adam\u0131ndan farkl\u0131 olarak o, T\u00fcrk halk\u0131n\u0131n y\u00fckseli\u015f ve ilerleyi\u015fini ba\u015fka halklar\u0131n hesab\u0131na olmas\u0131n\u0131 hi\u00e7bir zaman d\u00fc\u015f\u00fcnmemi\u015ftir. Tam aksine Atat\u00fcrk, T\u00fcrk halk\u0131na bug\u00fcn\u00fcn d\u00fcnyas\u0131nda l\u00e2y\u0131k bir yer aram\u0131\u015f, yani T\u00fcrk halk\u0131n\u0131n y\u00fckseli\u015fini \u00f6teki halklar\u0131n y\u00fckseli\u015fiyle el ele y\u00fcr\u00fcmesini \u00f6nermi\u015ftir. Atat\u00fcrk gelece\u011fe d\u00f6n\u00fck, ilericili\u011fe ve geli\u015fmeye ba\u011fl\u0131 bir devlet adam\u0131d\u0131r. Ancak b\u00f6yle bir insan \u201cD\u00fcnyada bar\u0131\u015f, yurtta bar\u0131\u015f!\u201d slogan\u0131n\u0131 ortaya atabilirdi. Atat\u00fcrk Balkanlarda olsun, Avrupa\u2019da olsun, bar\u0131\u015f ve dostluk i\u00e7inde yan yana ya\u015fama ve i\u015fbirli\u011finde \u00e7al\u0131\u015fma m\u00fcjdecisidir. <\/p>\n","protected":false},"excerpt":{"rendered":"<p>D\u00fcnyam\u0131z bir\u00e7ok \u00fcnl\u00fc siyaset adam\u0131 tan\u0131makta, hayatlar\u0131 \u00fcst\u00fcne yaz\u0131lar yaz\u0131lmaktad\u0131r. Birinin asker\u00ee kabiliyetine hayran olunmakta, di\u011ferinin politik alandaki maharetine sayg\u0131 duyulmakta, bir ba\u015fkas\u0131n\u0131n da devrimci g\u00fcc\u00fcnden<span class=\"excerpt-hellip\"> [\u2026]<\/span><\/p>\n","protected":false},"featured_media":0,"template":"","meta":{"_monsterinsights_skip_tracking":false,"_monsterinsights_sitenote_active":false,"_monsterinsights_sitenote_note":"","_monsterinsights_sitenote_category":0},"product_brand":[],"product_cat":[12530,12304],"product_tag":[],"class_list":{"0":"post-727936","1":"product","2":"type-product","3":"status-publish","5":"product_cat-mustafa-kemal-ataturk","6":"product_cat-tarih","7":"pa_cilt-ciltsiz","8":"pa_tur-kitap","9":"pa_yayinevi-yade-yayinlari","10":"pa_yazar-paraskev-parusev","12":"first","13":"instock","14":"sale","15":"shipping-taxable","16":"purchasable","17":"product-type-simple"},"_links":{"self":[{"href":"https:\/\/roveyayinevi.com.tr\/index.php\/wp-json\/wp\/v2\/product\/727936","targetHints":{"allow":["GET"]}}],"collection":[{"href":"https:\/\/roveyayinevi.com.tr\/index.php\/wp-json\/wp\/v2\/product"}],"about":[{"href":"https:\/\/roveyayinevi.com.tr\/index.php\/wp-json\/wp\/v2\/types\/product"}],"wp:attachment":[{"href":"https:\/\/roveyayinevi.com.tr\/index.php\/wp-json\/wp\/v2\/media?parent=727936"}],"wp:term":[{"taxonomy":"product_brand","embeddable":true,"href":"https:\/\/roveyayinevi.com.tr\/index.php\/wp-json\/wp\/v2\/product_brand?post=727936"},{"taxonomy":"product_cat","embeddable":true,"href":"https:\/\/roveyayinevi.com.tr\/index.php\/wp-json\/wp\/v2\/product_cat?post=727936"},{"taxonomy":"product_tag","embeddable":true,"href":"https:\/\/roveyayinevi.com.tr\/index.php\/wp-json\/wp\/v2\/product_tag?post=727936"}],"curies":[{"name":"wp","href":"https:\/\/api.w.org\/{rel}","templated":true}]}}