{"id":727931,"date":"2025-08-27T20:30:41","date_gmt":"2025-08-27T17:30:41","guid":{"rendered":"https:\/\/roveyayinevi.com.tr\/index.php\/urun\/can-dostlar-2\/"},"modified":"2026-04-12T02:42:32","modified_gmt":"2026-04-11T23:42:32","slug":"can-dostlar-2","status":"publish","type":"product","link":"https:\/\/roveyayinevi.com.tr\/index.php\/urun\/can-dostlar-2\/","title":{"rendered":"Can Dostlar"},"content":{"rendered":"<p>Y\u0131lan ile Kertenkele kitab\u0131yla tan\u0131d\u0131\u011f\u0131m\u0131z Yeni Zelanda \u00e7ocuk edebiyat\u0131n\u0131n sevilen yazar\u0131 Joy Cowley\u2019den yine g\u00fclmekten k\u0131r\u0131laca\u011f\u0131n\u0131z \u00e7a\u011fda\u015f bir Ezop masal\u0131; nesilden nesile aktar\u0131lacak klasik bir \u00f6yk\u00fc.Kertenkele ile Y\u0131lan y\u00fcr\u00fcn\u00fc\u015f dedikleri sabah gezintisinden pek keyif al\u0131yordu. \u201cY\u00fcr\u00fcy\u00fc\u015f yapal\u0131m m\u0131?\u201d diye sormu\u015ftu bir keresinde Kertenkele. \u201cBen y\u00fcr\u00fcmem,\u201d demi\u015fti Y\u0131lan. \u201cBen s\u00fcr\u00fcnmek i\u00e7in yarat\u0131lm\u0131\u015f\u0131m.\u201d \u201cO zaman y\u00fcr\u00fcy\u00fc\u015f ile s\u00fcr\u00fcn\u00fc\u015f aras\u0131 bir s\u00f6zc\u00fck bulmal\u0131y\u0131z,\u201d demi\u015fti Kertenkele.\u201cY\u00fcr\u00fcn\u00fc\u015f nas\u0131l sence?\u201dEn yak\u0131n arkada\u015f\u0131n\u0131z y\u00fcr\u00fcyor, siz de s\u00fcr\u00fcn\u00fcyorsan\u0131z birlikte yapabilece\u011finiz en g\u00fczel \u015fey y\u00fcr\u00fcn\u00fc\u015ft\u00fcr! Joy Cowley, birbirinden \u00e7ok farkl\u0131 iki arkada\u015f\u0131n, iki z\u0131t karakterin; ele  avuca s\u0131\u011fmayan Kertenkele ile so\u011fukkanl\u0131 Y\u0131lan\u2019\u0131n maceralar\u0131n\u0131 anlatmaya devam ediyor.\u0130ki \u015fap\u015fal gevezenin mizahla yo\u011frulmu\u015f \u00f6yk\u00fclerini okurken hem g\u00fclmekten k\u0131r\u0131lacaks\u0131n\u0131z hem de \u00e7\u00f6l sakinlerinin ya\u015fam\u0131na konuk olacak, onlar\u0131 yak\u0131ndan tan\u0131ma f\u0131rsat\u0131 bulacaks\u0131n\u0131z.<\/p>\n","protected":false},"excerpt":{"rendered":"<p>Y\u0131lan ile Kertenkele kitab\u0131yla tan\u0131d\u0131\u011f\u0131m\u0131z Yeni Zelanda \u00e7ocuk edebiyat\u0131n\u0131n sevilen yazar\u0131 Joy Cowley\u2019den yine g\u00fclmekten k\u0131r\u0131laca\u011f\u0131n\u0131z \u00e7a\u011fda\u015f bir Ezop masal\u0131; nesilden nesile aktar\u0131lacak klasik bir \u00f6yk\u00fc.Kertenkele<span class=\"excerpt-hellip\"> [\u2026]<\/span><\/p>\n","protected":false},"featured_media":0,"template":"","meta":{"_monsterinsights_skip_tracking":false,"_monsterinsights_sitenote_active":false,"_monsterinsights_sitenote_note":"","_monsterinsights_sitenote_category":0},"product_brand":[],"product_cat":[12275,12274],"product_tag":[],"class_list":{"0":"post-727931","1":"product","2":"type-product","3":"status-publish","5":"product_cat-6-12-yas-kitaplari","6":"product_cat-cocuk-ve-genclik-kitaplari","7":"pa_cilt-ciltsiz","8":"pa_tur-kitap","9":"pa_yayinevi-kuraldisi-yayinevi","10":"pa_yazar-joy-cowley","12":"first","13":"instock","14":"sale","15":"shipping-taxable","16":"purchasable","17":"product-type-simple"},"_links":{"self":[{"href":"https:\/\/roveyayinevi.com.tr\/index.php\/wp-json\/wp\/v2\/product\/727931","targetHints":{"allow":["GET"]}}],"collection":[{"href":"https:\/\/roveyayinevi.com.tr\/index.php\/wp-json\/wp\/v2\/product"}],"about":[{"href":"https:\/\/roveyayinevi.com.tr\/index.php\/wp-json\/wp\/v2\/types\/product"}],"wp:attachment":[{"href":"https:\/\/roveyayinevi.com.tr\/index.php\/wp-json\/wp\/v2\/media?parent=727931"}],"wp:term":[{"taxonomy":"product_brand","embeddable":true,"href":"https:\/\/roveyayinevi.com.tr\/index.php\/wp-json\/wp\/v2\/product_brand?post=727931"},{"taxonomy":"product_cat","embeddable":true,"href":"https:\/\/roveyayinevi.com.tr\/index.php\/wp-json\/wp\/v2\/product_cat?post=727931"},{"taxonomy":"product_tag","embeddable":true,"href":"https:\/\/roveyayinevi.com.tr\/index.php\/wp-json\/wp\/v2\/product_tag?post=727931"}],"curies":[{"name":"wp","href":"https:\/\/api.w.org\/{rel}","templated":true}]}}