{"id":727929,"date":"2025-08-27T20:30:39","date_gmt":"2025-08-27T17:30:39","guid":{"rendered":"https:\/\/roveyayinevi.com.tr\/index.php\/urun\/fenix\/"},"modified":"2026-04-03T02:43:17","modified_gmt":"2026-04-02T23:43:17","slug":"fenix","status":"publish","type":"product","link":"https:\/\/roveyayinevi.com.tr\/index.php\/urun\/fenix\/","title":{"rendered":"Fenix"},"content":{"rendered":"<p>&#8220;Fenix, sabah g\u00fcne\u015f do\u011farken g\u00fcne\u015fe do\u011fru d\u00f6n\u00fcyor ve onun ate\u015fiyle yan\u0131yor, sonra yeniden do\u011fuyor. Yanaca\u011f\u0131n\u0131 bile bile kendini ayd\u0131nl\u0131\u011fa a\u00e7\u0131yor ve sonra yok olup kendinden yeni bir tane daha yarat\u0131yor. Acaba ben de beni yakaca\u011f\u0131n\u0131 bile bile, korkusuzca ayd\u0131nl\u0131\u011fa d\u00f6nd\u00fcrsem kendimi, bu ayd\u0131nl\u0131k yanl\u0131\u015f olan\u0131 veya eksik olan\u0131 g\u00f6sterse ve \u00f6nce t\u00fcmden yok etse beni, sonra yeniden yaratsa\u2026 Yeniden yarat\u0131m\u0131n kayna\u011f\u0131n\u0131n iki \u00f6nemli \u015fey oldu\u011funu d\u00fc\u015f\u00fcn\u00fcyorum: birincisi de\u011ferler, ikincisi yarat\u0131c\u0131 g\u00fc\u00e7. Bu ikisinin beni yeniden do\u011furaca\u011f\u0131na inanmak istiyorum.&#8221; &#8220;Fenix\u2019in yeniden do\u011fu\u015fu ilham olacak; b\u0131kmadan usanmadan, ba\u015fkalar\u0131n\u0131n ne dedi\u011fine ald\u0131rmadan yenilenece\u011fim, ya\u015fam\u0131n t\u00fcm ayd\u0131nl\u0131\u011f\u0131n\u0131 i\u00e7ime doldurarak yenilenece\u011fim, tekrar ate\u015flenece\u011fim ve kendimden yeni bir ben yarataca\u011f\u0131m, b\u0131kmadan usanmadan&#8230;&#8221; Modern c\u0327ag\u0306\u0131n bas\u0327ar\u0131l\u0131 nitelendirdig\u0306i insanlar\u0131n ic\u0327lerindeki gerc\u0327ek istekleri kes\u0327fetme yolculuklar\u0131 u\u0308zerine du\u0308s\u0327u\u0308ndu\u0308recek bir notlar dizisi. Okuyucular\u0131n, hayata daha c\u0327ok deg\u0306er katan ve mutlulug\u0306u yakalayan insanlara do\u0308nu\u0308s\u0327erek yeniden dog\u0306malar\u0131na ilham verecek, samimi bir yenilenme hika\u0302yesi&#8230; <\/p>\n","protected":false},"excerpt":{"rendered":"<p>&#8220;Fenix, sabah g\u00fcne\u015f do\u011farken g\u00fcne\u015fe do\u011fru d\u00f6n\u00fcyor ve onun ate\u015fiyle yan\u0131yor, sonra yeniden do\u011fuyor. Yanaca\u011f\u0131n\u0131 bile bile kendini ayd\u0131nl\u0131\u011fa a\u00e7\u0131yor ve sonra yok olup kendinden yeni<span class=\"excerpt-hellip\"> [\u2026]<\/span><\/p>\n","protected":false},"featured_media":0,"template":"","meta":{"_monsterinsights_skip_tracking":false,"_monsterinsights_sitenote_active":false,"_monsterinsights_sitenote_note":"","_monsterinsights_sitenote_category":0},"product_brand":[],"product_cat":[12364,12376],"product_tag":[],"class_list":{"0":"post-727929","1":"product","2":"type-product","3":"status-publish","5":"product_cat-genel-konular","6":"product_cat-kisisel-gelisim","7":"pa_cilt-ciltsiz","8":"pa_tur-kitap","9":"pa_yayinevi-luna-yayinlari","10":"pa_yazar-pinar-gokler-ozsavasci","12":"first","13":"instock","14":"sale","15":"shipping-taxable","16":"purchasable","17":"product-type-simple"},"_links":{"self":[{"href":"https:\/\/roveyayinevi.com.tr\/index.php\/wp-json\/wp\/v2\/product\/727929","targetHints":{"allow":["GET"]}}],"collection":[{"href":"https:\/\/roveyayinevi.com.tr\/index.php\/wp-json\/wp\/v2\/product"}],"about":[{"href":"https:\/\/roveyayinevi.com.tr\/index.php\/wp-json\/wp\/v2\/types\/product"}],"wp:attachment":[{"href":"https:\/\/roveyayinevi.com.tr\/index.php\/wp-json\/wp\/v2\/media?parent=727929"}],"wp:term":[{"taxonomy":"product_brand","embeddable":true,"href":"https:\/\/roveyayinevi.com.tr\/index.php\/wp-json\/wp\/v2\/product_brand?post=727929"},{"taxonomy":"product_cat","embeddable":true,"href":"https:\/\/roveyayinevi.com.tr\/index.php\/wp-json\/wp\/v2\/product_cat?post=727929"},{"taxonomy":"product_tag","embeddable":true,"href":"https:\/\/roveyayinevi.com.tr\/index.php\/wp-json\/wp\/v2\/product_tag?post=727929"}],"curies":[{"name":"wp","href":"https:\/\/api.w.org\/{rel}","templated":true}]}}