{"id":727927,"date":"2025-08-27T20:30:38","date_gmt":"2025-08-27T17:30:38","guid":{"rendered":"https:\/\/roveyayinevi.com.tr\/index.php\/urun\/anilar-belgeler-4\/"},"modified":"2026-04-16T02:35:48","modified_gmt":"2026-04-15T23:35:48","slug":"anilar-belgeler-4","status":"publish","type":"product","link":"https:\/\/roveyayinevi.com.tr\/index.php\/urun\/anilar-belgeler-4\/","title":{"rendered":"An\u0131lar Belgeler 4"},"content":{"rendered":"<p>ANILAR BELGELER, C\u0130LT 4 Kemal Burkay\u2019\u0131n tamam\u0131 5 cilt olan an\u0131lar\u0131n\u0131n 4.Cildi 1995-2010 y\u0131llar\u0131 aras\u0131ndaki 16 y\u0131ll\u0131k d\u00f6nemi kaps\u0131yor ve \u00f6teki ciltlere g\u00f6re biraz daha kapsaml\u0131.   Kitaptan al\u0131nt\u0131lar; Ekim ay\u0131nda Viyana, renk zengini bah\u00e7eleri, \u00e7i\u00e7ek tarhlar\u0131, tarihi yap\u0131lar\u0131, heykelleri, yakmayan g\u00fcne\u015fi ve hala caddelere ta\u015fan kahveleri ile ho\u015ftu. * * * B\u00f6ylece Apo&#8217;nun 1979 y\u0131l\u0131nda ba\u015flayan Suriye&#8217;deki konuklu\u011fu, ya da bir y\u00f6n\u00fcyle &#8220;mahkumlu\u011fu&#8221;, yakla\u015f\u0131k yirmi y\u0131l sonra sona eriyor ve o, \u015eam&#8217;daki saray yavrusu evini, Bekaa, \u015eam, ve Lazkiye y\u00f6resindeki kamplar\u0131n\u0131 bir gecede, kendisine darbe yap\u0131lm\u0131\u015f bir kral gibi terk ederek apar topar ka\u00e7\u0131yordu. * * *.. Bir zamanlar tank ve toplar\u0131, sava\u015f u\u00e7aklar\u0131n\u0131 bar\u0131nd\u0131ran b\u00f6lge \u015fimdi Hewl\u00e9r halk\u0131n\u0131n gezinip soluk ald\u0131\u011f\u0131 g\u00fczelim bir parka d\u00f6n\u00fc\u015fm\u00fc\u015ft\u00fc.   <\/p>\n","protected":false},"excerpt":{"rendered":"<p>ANILAR BELGELER, C\u0130LT 4 Kemal Burkay\u2019\u0131n tamam\u0131 5 cilt olan an\u0131lar\u0131n\u0131n 4.Cildi 1995-2010 y\u0131llar\u0131 aras\u0131ndaki 16 y\u0131ll\u0131k d\u00f6nemi kaps\u0131yor ve \u00f6teki ciltlere g\u00f6re biraz daha kapsaml\u0131.<span class=\"excerpt-hellip\"> [\u2026]<\/span><\/p>\n","protected":false},"featured_media":0,"template":"","meta":{"_monsterinsights_skip_tracking":false,"_monsterinsights_sitenote_active":false,"_monsterinsights_sitenote_note":"","_monsterinsights_sitenote_category":0},"product_brand":[],"product_cat":[13701,12291],"product_tag":[],"class_list":{"0":"post-727927","1":"product","2":"type-product","3":"status-publish","5":"product_cat-ani-mektup-gunluk","6":"product_cat-edebiyat","7":"pa_cilt-ciltli","8":"pa_tur-kitap","9":"pa_yayinevi-ozgurluk-yolu-vakfi-yayinlari","10":"pa_yazar-kemal-burkay","12":"first","13":"instock","14":"sale","15":"shipping-taxable","16":"purchasable","17":"product-type-simple"},"_links":{"self":[{"href":"https:\/\/roveyayinevi.com.tr\/index.php\/wp-json\/wp\/v2\/product\/727927","targetHints":{"allow":["GET"]}}],"collection":[{"href":"https:\/\/roveyayinevi.com.tr\/index.php\/wp-json\/wp\/v2\/product"}],"about":[{"href":"https:\/\/roveyayinevi.com.tr\/index.php\/wp-json\/wp\/v2\/types\/product"}],"wp:attachment":[{"href":"https:\/\/roveyayinevi.com.tr\/index.php\/wp-json\/wp\/v2\/media?parent=727927"}],"wp:term":[{"taxonomy":"product_brand","embeddable":true,"href":"https:\/\/roveyayinevi.com.tr\/index.php\/wp-json\/wp\/v2\/product_brand?post=727927"},{"taxonomy":"product_cat","embeddable":true,"href":"https:\/\/roveyayinevi.com.tr\/index.php\/wp-json\/wp\/v2\/product_cat?post=727927"},{"taxonomy":"product_tag","embeddable":true,"href":"https:\/\/roveyayinevi.com.tr\/index.php\/wp-json\/wp\/v2\/product_tag?post=727927"}],"curies":[{"name":"wp","href":"https:\/\/api.w.org\/{rel}","templated":true}]}}