{"id":727922,"date":"2025-08-27T20:30:33","date_gmt":"2025-08-27T17:30:33","guid":{"rendered":"https:\/\/roveyayinevi.com.tr\/index.php\/urun\/sukinin-yoga-studyosu\/"},"modified":"2026-04-16T02:35:48","modified_gmt":"2026-04-15T23:35:48","slug":"sukinin-yoga-studyosu","status":"publish","type":"product","link":"https:\/\/roveyayinevi.com.tr\/index.php\/urun\/sukinin-yoga-studyosu\/","title":{"rendered":"Suki\u2019nin Yoga St\u00fcdyosu"},"content":{"rendered":"<p>Boz ay\u0131 Suki\u2019nin Sardunya Kasabas\u0131\u2019ndaki k\u00fc\u00e7\u00fck, k\u00fc\u00e7\u00fcc\u00fck yoga st\u00fcdyosu onun her \u015feyiydi. Suki\u2019ye g\u00f6re yoga kendini sevmek, hem bedenini hem de ruhunu esnek tutmak, kalbini t\u00fcm d\u00fcnyaya a\u00e7mak demekti. Fakat bir g\u00fcn yoga st\u00fcdyosunun kar\u015f\u0131s\u0131nda ba\u015flayan bir in\u015faat, Suki\u2019nin hayat\u0131nda korkun\u00e7 bir sorun yaratmak \u00fczereydi. \u201cNarin Lotus\u00e7i\u00e7e\u011fi\u2019nin Yoga St\u00fcdyosu\u201d g\u00f6steri\u015fli, kocaman binas\u0131 ve iddial\u0131 s\u00f6zleriyle Suki\u2019ye rakip olmaya haz\u0131rlan\u0131yordu! Suki\u2019nin hi\u00e7 \u015fans\u0131 yok gibiydi\u2026 Acaba Suki, haval\u0131 Narin Lotus\u00e7i\u00e7e\u011fi\u2019nin kar\u015f\u0131s\u0131nda durma g\u00fcc\u00fcn\u00fc kendinde bulabilecek miydi? Zeynep Alpaslan\u2019\u0131n kaleme ald\u0131\u011f\u0131 Suki\u2019nin Yoga St\u00fcdyosu; sevimli boz ay\u0131 Suki\u2019nin ba\u015f\u0131ndan ge\u00e7enlerle, t\u00fcm ini\u015fleri ve \u00e7\u0131k\u0131\u015flar\u0131yla birlikte hayatla bar\u0131\u015f\u0131k kalman\u0131n de\u011ferini s\u0131ms\u0131cak bir hik\u00e2ye \u00fczerinden anlat\u0131yor. <\/p>\n","protected":false},"excerpt":{"rendered":"<p>Boz ay\u0131 Suki\u2019nin Sardunya Kasabas\u0131\u2019ndaki k\u00fc\u00e7\u00fck, k\u00fc\u00e7\u00fcc\u00fck yoga st\u00fcdyosu onun her \u015feyiydi. Suki\u2019ye g\u00f6re yoga kendini sevmek, hem bedenini hem de ruhunu esnek tutmak, kalbini t\u00fcm<span class=\"excerpt-hellip\"> [\u2026]<\/span><\/p>\n","protected":false},"featured_media":0,"template":"","meta":{"_monsterinsights_skip_tracking":false,"_monsterinsights_sitenote_active":false,"_monsterinsights_sitenote_note":"","_monsterinsights_sitenote_category":0},"product_brand":[],"product_cat":[12913,12274],"product_tag":[],"class_list":{"0":"post-727922","1":"product","2":"type-product","3":"status-publish","5":"product_cat-3-6-yas-kitaplari","6":"product_cat-cocuk-ve-genclik-kitaplari","7":"pa_cilt-ciltsiz","8":"pa_tur-kitap","9":"pa_yayinevi-ithaki-yayinlari","10":"pa_yazar-zeynep-alpaslan","12":"first","13":"instock","14":"sale","15":"shipping-taxable","16":"purchasable","17":"product-type-simple"},"_links":{"self":[{"href":"https:\/\/roveyayinevi.com.tr\/index.php\/wp-json\/wp\/v2\/product\/727922","targetHints":{"allow":["GET"]}}],"collection":[{"href":"https:\/\/roveyayinevi.com.tr\/index.php\/wp-json\/wp\/v2\/product"}],"about":[{"href":"https:\/\/roveyayinevi.com.tr\/index.php\/wp-json\/wp\/v2\/types\/product"}],"wp:attachment":[{"href":"https:\/\/roveyayinevi.com.tr\/index.php\/wp-json\/wp\/v2\/media?parent=727922"}],"wp:term":[{"taxonomy":"product_brand","embeddable":true,"href":"https:\/\/roveyayinevi.com.tr\/index.php\/wp-json\/wp\/v2\/product_brand?post=727922"},{"taxonomy":"product_cat","embeddable":true,"href":"https:\/\/roveyayinevi.com.tr\/index.php\/wp-json\/wp\/v2\/product_cat?post=727922"},{"taxonomy":"product_tag","embeddable":true,"href":"https:\/\/roveyayinevi.com.tr\/index.php\/wp-json\/wp\/v2\/product_tag?post=727922"}],"curies":[{"name":"wp","href":"https:\/\/api.w.org\/{rel}","templated":true}]}}