{"id":727921,"date":"2025-08-27T20:30:32","date_gmt":"2025-08-27T17:30:32","guid":{"rendered":"https:\/\/roveyayinevi.com.tr\/index.php\/urun\/bir-sonraki-hayatimiz-seti-ciltli\/"},"modified":"2026-04-16T02:35:48","modified_gmt":"2026-04-15T23:35:48","slug":"bir-sonraki-hayatimiz-seti-ciltli","status":"publish","type":"product","link":"https:\/\/roveyayinevi.com.tr\/index.php\/urun\/bir-sonraki-hayatimiz-seti-ciltli\/","title":{"rendered":"Bir Sonraki Hayat\u0131m\u0131z Seti (Ciltli)"},"content":{"rendered":"<p>Sevdi\u011finiz insan\u0131 ka\u00e7 kere kaybedebilirsiniz?   \u201cGer\u00e7ek a\u015fk ve reenkarnasyon \u00fczerine e\u011flenceli, s\u00fcr\u00fckleyici ve inan\u0131lmaz yarat\u0131c\u0131 bir hik\u00e2ye.\u201d \u2014Louise O\u2019Neill  \u201cS\u00fcr\u00fckleyici ve umut vaat edici\u2026 Lauren James takip edilmesi gereken bir yazar.\u201d  \u2014Kirkus Reviews \u201cUzaya ve farkl\u0131 zaman dilimlerine yay\u0131lm\u0131\u015f bir a\u015fk hik\u00e2yesi, tahmin edilmesi g\u00fc\u00e7 ve i\u00e7inizi \u0131s\u0131tacak bir roman.\u201d \u2014Melinda Salisbury \u201cJames okurlar\u0131n\u0131 tan\u0131yor ve deneyimli bir yazar\u0131n g\u00fcveniyle ve eksiksiz hayal g\u00fcc\u00fcyle yaz\u0131yor. Kendine sayg\u0131s\u0131 olan hi\u00e7bir gen\u00e7 bunu ka\u00e7\u0131rmak istemez!\u201d\u2013Lancashire Evening Post <\/p>\n","protected":false},"excerpt":{"rendered":"<p>Sevdi\u011finiz insan\u0131 ka\u00e7 kere kaybedebilirsiniz? \u201cGer\u00e7ek a\u015fk ve reenkarnasyon \u00fczerine e\u011flenceli, s\u00fcr\u00fckleyici ve inan\u0131lmaz yarat\u0131c\u0131 bir hik\u00e2ye.\u201d \u2014Louise O\u2019Neill \u201cS\u00fcr\u00fckleyici ve umut vaat edici\u2026 Lauren James<span class=\"excerpt-hellip\"> [\u2026]<\/span><\/p>\n","protected":false},"featured_media":0,"template":"","meta":{"_monsterinsights_skip_tracking":false,"_monsterinsights_sitenote_active":false,"_monsterinsights_sitenote_note":"","_monsterinsights_sitenote_category":0},"product_brand":[],"product_cat":[12540,12291],"product_tag":[],"class_list":{"0":"post-727921","1":"product","2":"type-product","3":"status-publish","5":"product_cat-bilim-kurgu","6":"product_cat-edebiyat","7":"pa_cilt-set","8":"pa_tur-kitap","9":"pa_yayinevi-yabanci-yayinevi","10":"pa_yazar-lauren-james","12":"first","13":"instock","14":"sale","15":"shipping-taxable","16":"purchasable","17":"product-type-simple"},"_links":{"self":[{"href":"https:\/\/roveyayinevi.com.tr\/index.php\/wp-json\/wp\/v2\/product\/727921","targetHints":{"allow":["GET"]}}],"collection":[{"href":"https:\/\/roveyayinevi.com.tr\/index.php\/wp-json\/wp\/v2\/product"}],"about":[{"href":"https:\/\/roveyayinevi.com.tr\/index.php\/wp-json\/wp\/v2\/types\/product"}],"wp:attachment":[{"href":"https:\/\/roveyayinevi.com.tr\/index.php\/wp-json\/wp\/v2\/media?parent=727921"}],"wp:term":[{"taxonomy":"product_brand","embeddable":true,"href":"https:\/\/roveyayinevi.com.tr\/index.php\/wp-json\/wp\/v2\/product_brand?post=727921"},{"taxonomy":"product_cat","embeddable":true,"href":"https:\/\/roveyayinevi.com.tr\/index.php\/wp-json\/wp\/v2\/product_cat?post=727921"},{"taxonomy":"product_tag","embeddable":true,"href":"https:\/\/roveyayinevi.com.tr\/index.php\/wp-json\/wp\/v2\/product_tag?post=727921"}],"curies":[{"name":"wp","href":"https:\/\/api.w.org\/{rel}","templated":true}]}}