{"id":727920,"date":"2025-08-27T20:30:31","date_gmt":"2025-08-27T17:30:31","guid":{"rendered":"https:\/\/roveyayinevi.com.tr\/index.php\/urun\/askin-sifreleri\/"},"modified":"2026-04-16T02:35:48","modified_gmt":"2026-04-15T23:35:48","slug":"askin-sifreleri","status":"publish","type":"product","link":"https:\/\/roveyayinevi.com.tr\/index.php\/urun\/askin-sifreleri\/","title":{"rendered":"A\u015fk\u0131n \u015eifreleri"},"content":{"rendered":"<p>Yeni medeniyet,  yeni d\u00fczen, insan\u0131n her alanda yeni bir bilince ge\u00e7mesini zorunlu k\u0131l\u0131yor.  2021 y\u0131l\u0131 ile ba\u015flayan bu yeni \u00e7a\u011fda ise  g\u00f6revimiz \u00e2\u015f\u0131k olmak\u2026 Y\u00fcce \u00c2lem, 2021 y\u0131l\u0131nda insanl\u0131\u011f\u0131 a\u015fk\u0131 ya\u015famakla g\u00f6revlendirmi\u015ftir. Nereden mi biliyorum? G\u00f6ky\u00fcz\u00fcn\u00fc dinledi\u011fimde, t\u00fcm gezegenler, kendimizi a\u015fka lay\u0131k g\u00f6recek cesarette olup, olmad\u0131\u011f\u0131m\u0131z\u0131 soruyor. Evet cesaret! \u00c7\u00fcnk\u00fc g\u00f6rev lay\u0131k olan insanlara verilir. L\u00fctfen size verilen a\u015fk\u0131 ya\u015fama g\u00f6revini reddetmeyin. \u00c7\u00fcnk\u00fc 2021 y\u0131l\u0131n\u0131n ana g\u00fcndem maddesi; A\u015fk!\u201d Peki kendi a\u015fk hik\u00e2yemizi kurmak elimizde mi? Bu nas\u0131l m\u00fcmk\u00fcn? T\u00fcm \u015fifreler bu kitapta\u2026 Bu kitab\u0131n temel amac\u0131, a\u015fk \u00f6yk\u00fcn\u00fcz\u00fc yaratabilme \u015fifrelerinizi size ula\u015ft\u0131rmakt\u0131r. Astrolojik sembolikler ve evrimsel i\u015fleyi\u015f \u00fczerinden, a\u015fk \u015fifrelerinizi ruhunuza giydirerek kalbinizin,  akl\u0131n\u0131z\u0131n ve vicdan\u0131n\u0131z\u0131n onay\u0131n\u0131 alm\u0131\u015f e\u015fsiz bir a\u015fk deneyimi yaratabilirsiniz. Bu \u015fifreler \u00f6nce g\u00f6ky\u00fcz\u00fcn\u00fcn maviliklerine y\u00fckselmenizin, sonra da o maviliklerin hakk\u0131n\u0131 verebilmenizin anahtar\u0131d\u0131r. <\/p>\n","protected":false},"excerpt":{"rendered":"<p>Yeni medeniyet, yeni d\u00fczen, insan\u0131n her alanda yeni bir bilince ge\u00e7mesini zorunlu k\u0131l\u0131yor. 2021 y\u0131l\u0131 ile ba\u015flayan bu yeni \u00e7a\u011fda ise g\u00f6revimiz \u00e2\u015f\u0131k olmak\u2026 Y\u00fcce \u00c2lem,<span class=\"excerpt-hellip\"> [\u2026]<\/span><\/p>\n","protected":false},"featured_media":0,"template":"","meta":{"_monsterinsights_skip_tracking":false,"_monsterinsights_sitenote_active":false,"_monsterinsights_sitenote_note":"","_monsterinsights_sitenote_category":0},"product_brand":[],"product_cat":[12364,12376],"product_tag":[],"class_list":{"0":"post-727920","1":"product","2":"type-product","3":"status-publish","5":"product_cat-genel-konular","6":"product_cat-kisisel-gelisim","7":"pa_cilt-ciltsiz","8":"pa_tur-kitap","9":"pa_yayinevi-muptela-yayinevi","10":"pa_yazar-seckin-ilbuga","12":"first","13":"instock","14":"sale","15":"shipping-taxable","16":"purchasable","17":"product-type-simple"},"_links":{"self":[{"href":"https:\/\/roveyayinevi.com.tr\/index.php\/wp-json\/wp\/v2\/product\/727920","targetHints":{"allow":["GET"]}}],"collection":[{"href":"https:\/\/roveyayinevi.com.tr\/index.php\/wp-json\/wp\/v2\/product"}],"about":[{"href":"https:\/\/roveyayinevi.com.tr\/index.php\/wp-json\/wp\/v2\/types\/product"}],"wp:attachment":[{"href":"https:\/\/roveyayinevi.com.tr\/index.php\/wp-json\/wp\/v2\/media?parent=727920"}],"wp:term":[{"taxonomy":"product_brand","embeddable":true,"href":"https:\/\/roveyayinevi.com.tr\/index.php\/wp-json\/wp\/v2\/product_brand?post=727920"},{"taxonomy":"product_cat","embeddable":true,"href":"https:\/\/roveyayinevi.com.tr\/index.php\/wp-json\/wp\/v2\/product_cat?post=727920"},{"taxonomy":"product_tag","embeddable":true,"href":"https:\/\/roveyayinevi.com.tr\/index.php\/wp-json\/wp\/v2\/product_tag?post=727920"}],"curies":[{"name":"wp","href":"https:\/\/api.w.org\/{rel}","templated":true}]}}