{"id":727919,"date":"2025-08-27T20:30:30","date_gmt":"2025-08-27T17:30:30","guid":{"rendered":"https:\/\/roveyayinevi.com.tr\/index.php\/urun\/donguden-hikayeler-ciltli\/"},"modified":"2026-04-16T02:35:48","modified_gmt":"2026-04-15T23:35:48","slug":"donguden-hikayeler-ciltli","status":"publish","type":"product","link":"https:\/\/roveyayinevi.com.tr\/index.php\/urun\/donguden-hikayeler-ciltli\/","title":{"rendered":"D\u00f6ng\u00fc\u2019den Hikayeler (Ciltli)"},"content":{"rendered":"<p>E\u015eS\u0130Z B\u0130R B\u0130L\u0130MKURGU. BENZERS\u0130Z \u00c7\u0130Z\u0130MLER. 1954 y\u0131l\u0131nda \u0130sve\u00e7 h\u00fck\u00fcmeti d\u00fcnyan\u0131n en b\u00fcy\u00fck par\u00e7ac\u0131k h\u0131zland\u0131r\u0131c\u0131s\u0131n\u0131n in\u015fas\u0131 i\u00e7in giri\u015fimlere ba\u015flad\u0131. Tesisler 1969 y\u0131l\u0131nda tamamland\u0131. Ara\u015ft\u0131rma istasyonu, k\u0131rsal bir b\u00f6lge olan M\u00e4lar\u00f6arna\u2019n\u0131n derinliklerine konu\u015flanm\u0131\u015ft\u0131. Yerel halk, bu teknolojik mucizeye D\u00f6ng\u00fc diyordu. Simon St\u00e5lenhag\u2019\u0131n, \u0130sve\u00e7\u2019in 1980\u2019ler banliy\u00f6lerini ola\u011fan\u00fcst\u00fc makineler ve s\u0131rad\u0131\u015f\u0131 yarat\u0131klarla s\u00fcsledi\u011fi \u00e7izimleri internette ilk kez g\u00f6r\u00fcc\u00fcye \u00e7\u0131kt\u0131\u011f\u0131 andan itibaren b\u00fcy\u00fck bir ilgiyle kar\u015f\u0131land\u0131. Anlatt\u0131\u011f\u0131 \u00e7ocukluk maceralar\u0131ndaki eski model arabalar\u0131n ve i\u015f\u00e7i tulumlar\u0131n\u0131n olu\u015fturdu\u011fu arka plan \u00e7izimlerine ekledi\u011fi gizem dolu makineler ise hem tan\u0131d\u0131k hem de bir o kadar farkl\u0131 bir atmosfer yaratt\u0131. Bu kitapta St\u00e5lenhag\u2019\u0131n ola\u011fan\u00fcst\u00fc \u00e7izimlerine, y\u0131llard\u0131r bu makinelerin g\u00f6lgesinde ya\u015fayan yerli halk\u0131n tuhaf \u00f6yk\u00fcleri de e\u015flik ediyor. D\u00f6ng\u00fc\u2019n\u00fcn topraklar\u0131 olarak bilinen bu b\u00f6lge, gen\u00e7li\u011fini orada ge\u00e7iren insanlar\u0131n an\u0131lar\u0131 ve notlar\u0131yla yeniden hayat buluyor. \u201cArkadi ve Boris Strugatski\u2019nin ba\u015fyap\u0131t\u0131 Uzayda Piknik\u2019tekiyle mukayese edilebilir bir d\u00fcnya: Teknoloji her yerde ama unutulmu\u015f, terk edilmi\u015f ve yeniden ke\u015ffe haz\u0131r.\u201d \u2013io9 \u201cTerk edilmi\u015f bir devlet bilim projesinden geriye kalanlar. Bu kitaptaki \u00e7oklu d\u00fcnyalar\u0131n sava\u015f\u0131nda dinozorlara bile yer var.\u201d \u2013The Guardian, \u201cEn iyi 10 distopya listesinden\u201d <\/p>\n","protected":false},"excerpt":{"rendered":"<p>E\u015eS\u0130Z B\u0130R B\u0130L\u0130MKURGU. BENZERS\u0130Z \u00c7\u0130Z\u0130MLER. 1954 y\u0131l\u0131nda \u0130sve\u00e7 h\u00fck\u00fcmeti d\u00fcnyan\u0131n en b\u00fcy\u00fck par\u00e7ac\u0131k h\u0131zland\u0131r\u0131c\u0131s\u0131n\u0131n in\u015fas\u0131 i\u00e7in giri\u015fimlere ba\u015flad\u0131. Tesisler 1969 y\u0131l\u0131nda tamamland\u0131. Ara\u015ft\u0131rma istasyonu, k\u0131rsal bir<span class=\"excerpt-hellip\"> [\u2026]<\/span><\/p>\n","protected":false},"featured_media":0,"template":"","meta":{"_monsterinsights_skip_tracking":false,"_monsterinsights_sitenote_active":false,"_monsterinsights_sitenote_note":"","_monsterinsights_sitenote_category":0},"product_brand":[],"product_cat":[12416,12291],"product_tag":[],"class_list":{"0":"post-727919","1":"product","2":"type-product","3":"status-publish","5":"product_cat-cizgi-roman","6":"product_cat-edebiyat","7":"pa_cilt-ciltli","8":"pa_tur-kitap","9":"pa_yayinevi-ithaki-yayinlari","10":"pa_yazar-simon-stalenhag","12":"first","13":"instock","14":"sale","15":"shipping-taxable","16":"purchasable","17":"product-type-simple"},"_links":{"self":[{"href":"https:\/\/roveyayinevi.com.tr\/index.php\/wp-json\/wp\/v2\/product\/727919","targetHints":{"allow":["GET"]}}],"collection":[{"href":"https:\/\/roveyayinevi.com.tr\/index.php\/wp-json\/wp\/v2\/product"}],"about":[{"href":"https:\/\/roveyayinevi.com.tr\/index.php\/wp-json\/wp\/v2\/types\/product"}],"wp:attachment":[{"href":"https:\/\/roveyayinevi.com.tr\/index.php\/wp-json\/wp\/v2\/media?parent=727919"}],"wp:term":[{"taxonomy":"product_brand","embeddable":true,"href":"https:\/\/roveyayinevi.com.tr\/index.php\/wp-json\/wp\/v2\/product_brand?post=727919"},{"taxonomy":"product_cat","embeddable":true,"href":"https:\/\/roveyayinevi.com.tr\/index.php\/wp-json\/wp\/v2\/product_cat?post=727919"},{"taxonomy":"product_tag","embeddable":true,"href":"https:\/\/roveyayinevi.com.tr\/index.php\/wp-json\/wp\/v2\/product_tag?post=727919"}],"curies":[{"name":"wp","href":"https:\/\/api.w.org\/{rel}","templated":true}]}}