{"id":727918,"date":"2025-08-27T20:30:30","date_gmt":"2025-08-27T17:30:30","guid":{"rendered":"https:\/\/roveyayinevi.com.tr\/index.php\/urun\/yasli-sagligina-cok-yonlu-yaklasim\/"},"modified":"2026-04-16T02:35:48","modified_gmt":"2026-04-15T23:35:48","slug":"yasli-sagligina-cok-yonlu-yaklasim","status":"publish","type":"product","link":"https:\/\/roveyayinevi.com.tr\/index.php\/urun\/yasli-sagligina-cok-yonlu-yaklasim\/","title":{"rendered":"Ya\u015fl\u0131 Sa\u011fl\u0131\u011f\u0131na \u00c7ok Y\u00f6nl\u00fc Yakla\u015f\u0131m"},"content":{"rendered":"<p>1.Ya\u015flanma Ve Ya\u015fl\u0131 Sa\u011fl\u0131\u011f\u0131na Giri\u015f 2.Geriatri: Tan\u0131t\u0131m Ve Geli\u015fim 3.Gerontoloji: Tan\u0131m Ve Geli\u015fim 4.Ya\u015f\u0131l\u0131l\u0131k D\u00f6neminde Biyolojik Ve Fizyolojik De\u011fi\u015fimler 5.Ya\u015f\u0131l\u0131l\u0131k Ve Toplum: Ya\u015f, Ya\u015flanma Ve Ya\u015fl\u0131l\u0131k Olgusunun Sosyolojik Boyutlar\u0131 6.Psikolojik Bir Olgu Olarak Ya\u015f, Ya\u015flanma Ve Ya\u015f\u0131l\u0131l\u0131k 7.Sa\u011fl\u0131kl\u0131 Beslenme \u0130lkeleri 8.Enfeksiyonlardan Korunma 9.Bili\u015fsel Fonksiyonlar 10.N\u00f6rolojik Sorunlara Yakla\u015f\u0131m 1. Kalp Ve Damar Hastal\u0131klar\u0131na Yakla\u015f\u0131m 2.Kanser Hastal\u0131\u011f\u0131na Destek Yakla\u015f\u0131mlar 3.S\u0131k G\u00f6r\u00fclen Sa\u011fl\u0131k Sorunlar\u0131nda Alarm Belirtiler 4.Uyku Bozukluklar\u0131na Yakla\u015f\u0131m 5.A\u011f\u0131z Ve Di\u015f Sa\u011fl\u0131\u011f\u0131 6.Fiziksel Aktivite Ve Egzersiz 7.Ev Ve Yak\u0131n \u00c7evrenin Organizasyonu 8.Kronik Hastal\u0131klarda Bak\u0131m 9.Evde Bak\u0131mda Temel \u0130lkeler 10.Yata\u011fa Ba\u011f\u0131ml\u0131 Ya\u015fl\u0131 Bak\u0131m\u0131 Ve Temel \u00d6ncelikler 11.Ya\u015fl\u0131 Haklar\u0131 12.Ya\u015fl\u0131lar Ve Ara\u015ft\u0131rma Eti\u011fi 13.Ara\u015ft\u0131rman\u0131n Temel \u0130lkeleri Ve Ara\u015ft\u0131rma S\u00fcrecinde Dikkat Edilmesi Gereken Unsular <\/p>\n","protected":false},"excerpt":{"rendered":"<p>1.Ya\u015flanma Ve Ya\u015fl\u0131 Sa\u011fl\u0131\u011f\u0131na Giri\u015f 2.Geriatri: Tan\u0131t\u0131m Ve Geli\u015fim 3.Gerontoloji: Tan\u0131m Ve Geli\u015fim 4.Ya\u015f\u0131l\u0131l\u0131k D\u00f6neminde Biyolojik Ve Fizyolojik De\u011fi\u015fimler 5.Ya\u015f\u0131l\u0131l\u0131k Ve Toplum: Ya\u015f, Ya\u015flanma Ve Ya\u015fl\u0131l\u0131k<span class=\"excerpt-hellip\"> [\u2026]<\/span><\/p>\n","protected":false},"featured_media":0,"template":"","meta":{"_monsterinsights_skip_tracking":false,"_monsterinsights_sitenote_active":false,"_monsterinsights_sitenote_note":"","_monsterinsights_sitenote_category":0},"product_brand":[],"product_cat":[16965,13365],"product_tag":[],"class_list":{"0":"post-727918","1":"product","2":"type-product","3":"status-publish","5":"product_cat-genel-saglik-kitaplari","6":"product_cat-saglik","7":"pa_cilt-ciltsiz","8":"pa_tur-kitap","9":"pa_yayinevi-gazi-kitabevi-sinav-kitaplari","10":"pa_yazar-gazi-kitabevi-kolektif","12":"first","13":"instock","14":"sale","15":"shipping-taxable","16":"purchasable","17":"product-type-simple"},"_links":{"self":[{"href":"https:\/\/roveyayinevi.com.tr\/index.php\/wp-json\/wp\/v2\/product\/727918","targetHints":{"allow":["GET"]}}],"collection":[{"href":"https:\/\/roveyayinevi.com.tr\/index.php\/wp-json\/wp\/v2\/product"}],"about":[{"href":"https:\/\/roveyayinevi.com.tr\/index.php\/wp-json\/wp\/v2\/types\/product"}],"wp:attachment":[{"href":"https:\/\/roveyayinevi.com.tr\/index.php\/wp-json\/wp\/v2\/media?parent=727918"}],"wp:term":[{"taxonomy":"product_brand","embeddable":true,"href":"https:\/\/roveyayinevi.com.tr\/index.php\/wp-json\/wp\/v2\/product_brand?post=727918"},{"taxonomy":"product_cat","embeddable":true,"href":"https:\/\/roveyayinevi.com.tr\/index.php\/wp-json\/wp\/v2\/product_cat?post=727918"},{"taxonomy":"product_tag","embeddable":true,"href":"https:\/\/roveyayinevi.com.tr\/index.php\/wp-json\/wp\/v2\/product_tag?post=727918"}],"curies":[{"name":"wp","href":"https:\/\/api.w.org\/{rel}","templated":true}]}}