{"id":727917,"date":"2025-08-27T20:30:29","date_gmt":"2025-08-27T17:30:29","guid":{"rendered":"https:\/\/roveyayinevi.com.tr\/index.php\/urun\/cathay-bez-ciltli\/"},"modified":"2026-04-16T02:35:48","modified_gmt":"2026-04-15T23:35:48","slug":"cathay-bez-ciltli","status":"publish","type":"product","link":"https:\/\/roveyayinevi.com.tr\/index.php\/urun\/cathay-bez-ciltli\/","title":{"rendered":"Cathay (Bez Ciltli )"},"content":{"rendered":"<p>Cathay, d\u00fcnyaca \u00fcnl\u00fc \u015fair Ezra Pound\u2019un kadim \u00c7in \u015fiirinden yapt\u0131\u011f\u0131 \u00e7evirilerden olu\u015fuyor. Bu \u00f6zel se\u00e7kiyi T\u00fcrk\u00e7eye \u00e7evirense \u0130kinci Yeni\u2019nin en \u00f6nemli isimlerinden \u00dclk\u00fc Tamer. B\u00f6ylece kadim \u00c7in \u015fiiri, iki b\u00fcy\u00fck ustan\u0131n eme\u011fiyle T\u00fcrk okuruna sunuluyor. <\/p>\n","protected":false},"excerpt":{"rendered":"<p>Cathay, d\u00fcnyaca \u00fcnl\u00fc \u015fair Ezra Pound\u2019un kadim \u00c7in \u015fiirinden yapt\u0131\u011f\u0131 \u00e7evirilerden olu\u015fuyor. Bu \u00f6zel se\u00e7kiyi T\u00fcrk\u00e7eye \u00e7evirense \u0130kinci Yeni\u2019nin en \u00f6nemli isimlerinden \u00dclk\u00fc Tamer. B\u00f6ylece kadim<span class=\"excerpt-hellip\"> [\u2026]<\/span><\/p>\n","protected":false},"featured_media":0,"template":"","meta":{"_monsterinsights_skip_tracking":false,"_monsterinsights_sitenote_active":false,"_monsterinsights_sitenote_note":"","_monsterinsights_sitenote_category":0},"product_brand":[],"product_cat":[12291,12509],"product_tag":[],"class_list":{"0":"post-727917","1":"product","2":"type-product","3":"status-publish","5":"product_cat-edebiyat","6":"product_cat-siir","7":"pa_cilt-ciltli","8":"pa_tur-kitap","9":"pa_yayinevi-ketebe-yayinlari","10":"pa_yazar-ezra-pound","12":"first","13":"instock","14":"sale","15":"shipping-taxable","16":"purchasable","17":"product-type-simple"},"_links":{"self":[{"href":"https:\/\/roveyayinevi.com.tr\/index.php\/wp-json\/wp\/v2\/product\/727917","targetHints":{"allow":["GET"]}}],"collection":[{"href":"https:\/\/roveyayinevi.com.tr\/index.php\/wp-json\/wp\/v2\/product"}],"about":[{"href":"https:\/\/roveyayinevi.com.tr\/index.php\/wp-json\/wp\/v2\/types\/product"}],"wp:attachment":[{"href":"https:\/\/roveyayinevi.com.tr\/index.php\/wp-json\/wp\/v2\/media?parent=727917"}],"wp:term":[{"taxonomy":"product_brand","embeddable":true,"href":"https:\/\/roveyayinevi.com.tr\/index.php\/wp-json\/wp\/v2\/product_brand?post=727917"},{"taxonomy":"product_cat","embeddable":true,"href":"https:\/\/roveyayinevi.com.tr\/index.php\/wp-json\/wp\/v2\/product_cat?post=727917"},{"taxonomy":"product_tag","embeddable":true,"href":"https:\/\/roveyayinevi.com.tr\/index.php\/wp-json\/wp\/v2\/product_tag?post=727917"}],"curies":[{"name":"wp","href":"https:\/\/api.w.org\/{rel}","templated":true}]}}