{"id":727916,"date":"2025-08-27T20:30:28","date_gmt":"2025-08-27T17:30:28","guid":{"rendered":"https:\/\/roveyayinevi.com.tr\/index.php\/urun\/kirmizi-cizgiler\/"},"modified":"2026-04-16T02:35:48","modified_gmt":"2026-04-15T23:35:48","slug":"kirmizi-cizgiler","status":"publish","type":"product","link":"https:\/\/roveyayinevi.com.tr\/index.php\/urun\/kirmizi-cizgiler\/","title":{"rendered":"K\u0131rm\u0131z\u0131 \u00c7izgiler"},"content":{"rendered":"<p>Kenan, R\u0131dvan, Ramiz, Ziya ve As\u0131m\u2026 K\u0131rm\u0131z\u0131 \u00e7izgileri futbol olan bu gen\u00e7lerin azim dolu hik\u00e2yeleri. B\u00fct\u00fcn yasaklara ve haks\u0131zl\u0131klara ra\u011fmen inand\u0131klar\u0131 yolda y\u00fcr\u00fcd\u00fcler ve sonunda k\u0131rm\u0131z\u0131 \u00e7izgilerini siyah zemine kaz\u0131may\u0131 ba\u015fard\u0131lar. Bu macerada azimli olman\u0131n yan\u0131nda insan erdemlerinin tamamlay\u0131c\u0131s\u0131 olan vefan\u0131n da g\u00fczel bir \u00f6rne\u011fine \u015fahit olacaks\u0131n\u0131z\u2026 <\/p>\n","protected":false},"excerpt":{"rendered":"<p>Kenan, R\u0131dvan, Ramiz, Ziya ve As\u0131m\u2026 K\u0131rm\u0131z\u0131 \u00e7izgileri futbol olan bu gen\u00e7lerin azim dolu hik\u00e2yeleri. B\u00fct\u00fcn yasaklara ve haks\u0131zl\u0131klara ra\u011fmen inand\u0131klar\u0131 yolda y\u00fcr\u00fcd\u00fcler ve sonunda k\u0131rm\u0131z\u0131<span class=\"excerpt-hellip\"> [\u2026]<\/span><\/p>\n","protected":false},"featured_media":0,"template":"","meta":{"_monsterinsights_skip_tracking":false,"_monsterinsights_sitenote_active":false,"_monsterinsights_sitenote_note":"","_monsterinsights_sitenote_category":0},"product_brand":[],"product_cat":[12291,12711],"product_tag":[],"class_list":{"0":"post-727916","1":"product","2":"type-product","3":"status-publish","5":"product_cat-edebiyat","6":"product_cat-roman-oyku","7":"pa_cilt-ciltsiz","8":"pa_tur-kitap","9":"pa_yayinevi-perseus","10":"pa_yazar-mert-ozger","12":"first","13":"instock","14":"sale","15":"shipping-taxable","16":"purchasable","17":"product-type-simple"},"_links":{"self":[{"href":"https:\/\/roveyayinevi.com.tr\/index.php\/wp-json\/wp\/v2\/product\/727916","targetHints":{"allow":["GET"]}}],"collection":[{"href":"https:\/\/roveyayinevi.com.tr\/index.php\/wp-json\/wp\/v2\/product"}],"about":[{"href":"https:\/\/roveyayinevi.com.tr\/index.php\/wp-json\/wp\/v2\/types\/product"}],"wp:attachment":[{"href":"https:\/\/roveyayinevi.com.tr\/index.php\/wp-json\/wp\/v2\/media?parent=727916"}],"wp:term":[{"taxonomy":"product_brand","embeddable":true,"href":"https:\/\/roveyayinevi.com.tr\/index.php\/wp-json\/wp\/v2\/product_brand?post=727916"},{"taxonomy":"product_cat","embeddable":true,"href":"https:\/\/roveyayinevi.com.tr\/index.php\/wp-json\/wp\/v2\/product_cat?post=727916"},{"taxonomy":"product_tag","embeddable":true,"href":"https:\/\/roveyayinevi.com.tr\/index.php\/wp-json\/wp\/v2\/product_tag?post=727916"}],"curies":[{"name":"wp","href":"https:\/\/api.w.org\/{rel}","templated":true}]}}