{"id":727914,"date":"2025-08-27T20:30:26","date_gmt":"2025-08-27T17:30:26","guid":{"rendered":"https:\/\/roveyayinevi.com.tr\/index.php\/urun\/post-modern-pandemi\/"},"modified":"2026-04-16T02:35:48","modified_gmt":"2026-04-15T23:35:48","slug":"post-modern-pandemi","status":"publish","type":"product","link":"https:\/\/roveyayinevi.com.tr\/index.php\/urun\/post-modern-pandemi\/","title":{"rendered":"Post Modern Pandemi"},"content":{"rendered":"<p>Korona vir\u00fcs\u00fcn hayat\u0131m\u0131za girmesinin \u00fczerinden neredeyse bir y\u0131l ge\u00e7ti. \u0130\u015flerimizden, sosyal hayat\u0131m\u0131zdan ve belki de birtak\u0131m hobilerimizden uzak kald\u0131\u011f\u0131m\u0131z bu d\u00f6nemde kayg\u0131lar\u0131m\u0131z ve belirsizlikler giderek art\u0131yor. Post Modern Pandemi i\u015fte tam bu kayg\u0131 ve belirsizliklerin aras\u0131nda okuman\u0131z gereken bir kitap. Size sadece barda\u011f\u0131n dolu taraf\u0131n\u0131 g\u00f6stermiyor ayn\u0131 zamanda bo\u015f k\u0131sm\u0131n\u0131 da nas\u0131l doldurabilece\u011finizi anlat\u0131yor. D\u00fcnyam\u0131z\u0131n nefes alamay\u0131\u015f\u0131ndan uzay m\u00fchendisli\u011fine, bizlere zorla dayat\u0131lan t\u00fcketim al\u0131\u015fkanl\u0131klar\u0131ndan unuttu\u011fumuz ger\u00e7ek sevgilere kadar pek \u00e7ok konuda bilgi sahibi olabilece\u011finiz bu kitab\u0131 bitirince; kendiniz i\u00e7in, d\u00fcnyam\u0131z i\u00e7in, gelece\u011fimiz i\u00e7in harekete ge\u00e7eceksiniz!<\/p>\n","protected":false},"excerpt":{"rendered":"<p>Korona vir\u00fcs\u00fcn hayat\u0131m\u0131za girmesinin \u00fczerinden neredeyse bir y\u0131l ge\u00e7ti. \u0130\u015flerimizden, sosyal hayat\u0131m\u0131zdan ve belki de birtak\u0131m hobilerimizden uzak kald\u0131\u011f\u0131m\u0131z bu d\u00f6nemde kayg\u0131lar\u0131m\u0131z ve belirsizlikler giderek art\u0131yor.<span class=\"excerpt-hellip\"> [\u2026]<\/span><\/p>\n","protected":false},"featured_media":0,"template":"","meta":{"_monsterinsights_skip_tracking":false,"_monsterinsights_sitenote_active":false,"_monsterinsights_sitenote_note":"","_monsterinsights_sitenote_category":0},"product_brand":[],"product_cat":[13366,13365],"product_tag":[],"class_list":{"0":"post-727914","1":"product","2":"type-product","3":"status-publish","5":"product_cat-diger-saglik","6":"product_cat-saglik","7":"pa_cilt-ciltsiz","8":"pa_tur-kitap","9":"pa_yayinevi-perseus","10":"pa_yazar-a-kadir-coskun","12":"first","13":"instock","14":"sale","15":"shipping-taxable","16":"purchasable","17":"product-type-simple"},"_links":{"self":[{"href":"https:\/\/roveyayinevi.com.tr\/index.php\/wp-json\/wp\/v2\/product\/727914","targetHints":{"allow":["GET"]}}],"collection":[{"href":"https:\/\/roveyayinevi.com.tr\/index.php\/wp-json\/wp\/v2\/product"}],"about":[{"href":"https:\/\/roveyayinevi.com.tr\/index.php\/wp-json\/wp\/v2\/types\/product"}],"wp:attachment":[{"href":"https:\/\/roveyayinevi.com.tr\/index.php\/wp-json\/wp\/v2\/media?parent=727914"}],"wp:term":[{"taxonomy":"product_brand","embeddable":true,"href":"https:\/\/roveyayinevi.com.tr\/index.php\/wp-json\/wp\/v2\/product_brand?post=727914"},{"taxonomy":"product_cat","embeddable":true,"href":"https:\/\/roveyayinevi.com.tr\/index.php\/wp-json\/wp\/v2\/product_cat?post=727914"},{"taxonomy":"product_tag","embeddable":true,"href":"https:\/\/roveyayinevi.com.tr\/index.php\/wp-json\/wp\/v2\/product_tag?post=727914"}],"curies":[{"name":"wp","href":"https:\/\/api.w.org\/{rel}","templated":true}]}}