{"id":727913,"date":"2025-08-27T20:30:25","date_gmt":"2025-08-27T17:30:25","guid":{"rendered":"https:\/\/roveyayinevi.com.tr\/index.php\/urun\/caglayan-damlalar\/"},"modified":"2026-04-16T02:35:48","modified_gmt":"2026-04-15T23:35:48","slug":"caglayan-damlalar","status":"publish","type":"product","link":"https:\/\/roveyayinevi.com.tr\/index.php\/urun\/caglayan-damlalar\/","title":{"rendered":"\u00c7a\u011flayan Damlalar"},"content":{"rendered":"<p>Ad\u0131n\u0131 zikrederken bile huzur buldu\u011fumuz Allah\u2019\u0131n, varl\u0131\u011f\u0131na daha fazla yak\u0131nla\u015fmak, Onun maneviyat\u0131n\u0131n de\u011ferini anlamak i\u00e7in g\u00f6nderdi\u011fi Kur\u2019an\u2019\u0131 Kerim\u2019deki dualar ile kendi yolumuzu bulmak, dinimizce en temel ihtiya\u00e7lar\u0131m\u0131zdan de\u011fil miydi? Bu kitap, d\u00fcnyada yaln\u0131z olmad\u0131\u011f\u0131m\u0131z\u0131 etraf\u0131m\u0131za bakt\u0131\u011f\u0131m\u0131zda g\u00f6rd\u00fc\u011f\u00fcm\u00fcz g\u00fczelliklerin bir sahibi oldu\u011funu hat\u0131rlatarak, tasavvufi d\u00fc\u015f\u00fcncelerle bizleri ayd\u0131nl\u0131\u011fa kavu\u015fturuyor. \u0130\u015fte t\u00fcm bunlar\u0131, \u00e7evirdi\u011finiz her sayfada derinden hissetmeye haz\u0131r m\u0131s\u0131n\u0131z? \u201cBen derdimi yaln\u0131z ALLAH\u2019a anlat\u0131r\u0131m. Derdi veren ALLAH yan\u0131nda derman\u0131n\u0131 da haz\u0131rlam\u0131\u015ft\u0131r. Dualar\u0131m\u0131zda Rabbimizle bulu\u015fup, tak\u0131nt\u0131lar\u0131m\u0131zdan ayr\u0131ld\u0131\u011f\u0131m\u0131zda ve i\u00e7imizdeki huzuru yakalad\u0131\u011f\u0131m\u0131zda hayat\u0131 insanca nihayetinde de kulca ger\u00e7ekten ya\u015far\u0131z\u2026\u201c\u0130nsan\u0131 ALLAH\u2019a yak\u0131nla\u015ft\u0131ran, kendisiyle ba\u015f ba\u015fa kald\u0131\u011f\u0131n saatlerdir. Her \u015feyden uzakla\u015f\u0131p i\u00e7ine d\u00f6nmenin vaktidir. \u00c7\u00f6ken gecenin karanl\u0131\u011f\u0131nda, sen ayd\u0131nl\u0131\u011fa ula\u015fm\u0131\u015fs\u0131nd\u0131r asl\u0131nda. Seni senden alan bir namaz, i\u00e7ini titreten bir dua seni ger\u00e7e\u011fe uyand\u0131racakt\u0131r. Yeter ki iste, g\u00f6n\u00fclden iste\u2026 Bedenin hadi uyu derken ruhun seni kald\u0131racakt\u0131r.\u201d<\/p>\n","protected":false},"excerpt":{"rendered":"<p>Ad\u0131n\u0131 zikrederken bile huzur buldu\u011fumuz Allah\u2019\u0131n, varl\u0131\u011f\u0131na daha fazla yak\u0131nla\u015fmak, Onun maneviyat\u0131n\u0131n de\u011ferini anlamak i\u00e7in g\u00f6nderdi\u011fi Kur\u2019an\u2019\u0131 Kerim\u2019deki dualar ile kendi yolumuzu bulmak, dinimizce en temel<span class=\"excerpt-hellip\"> [\u2026]<\/span><\/p>\n","protected":false},"featured_media":0,"template":"","meta":{"_monsterinsights_skip_tracking":false,"_monsterinsights_sitenote_active":false,"_monsterinsights_sitenote_note":"","_monsterinsights_sitenote_category":0},"product_brand":[],"product_cat":[12777,12291],"product_tag":[],"class_list":{"0":"post-727913","1":"product","2":"type-product","3":"status-publish","5":"product_cat-deneme","6":"product_cat-edebiyat","7":"pa_cilt-ciltsiz","8":"pa_tur-kitap","9":"pa_yayinevi-elpis-yayinlari","10":"pa_yazar-pinar-kerman","12":"first","13":"instock","14":"sale","15":"shipping-taxable","16":"purchasable","17":"product-type-simple"},"_links":{"self":[{"href":"https:\/\/roveyayinevi.com.tr\/index.php\/wp-json\/wp\/v2\/product\/727913","targetHints":{"allow":["GET"]}}],"collection":[{"href":"https:\/\/roveyayinevi.com.tr\/index.php\/wp-json\/wp\/v2\/product"}],"about":[{"href":"https:\/\/roveyayinevi.com.tr\/index.php\/wp-json\/wp\/v2\/types\/product"}],"wp:attachment":[{"href":"https:\/\/roveyayinevi.com.tr\/index.php\/wp-json\/wp\/v2\/media?parent=727913"}],"wp:term":[{"taxonomy":"product_brand","embeddable":true,"href":"https:\/\/roveyayinevi.com.tr\/index.php\/wp-json\/wp\/v2\/product_brand?post=727913"},{"taxonomy":"product_cat","embeddable":true,"href":"https:\/\/roveyayinevi.com.tr\/index.php\/wp-json\/wp\/v2\/product_cat?post=727913"},{"taxonomy":"product_tag","embeddable":true,"href":"https:\/\/roveyayinevi.com.tr\/index.php\/wp-json\/wp\/v2\/product_tag?post=727913"}],"curies":[{"name":"wp","href":"https:\/\/api.w.org\/{rel}","templated":true}]}}